{"id":10100,"date":"2025-10-14T16:25:17","date_gmt":"2025-10-14T16:25:17","guid":{"rendered":"https:\/\/luxrentdubai.com\/product\/aston-martin-dbx-707\/"},"modified":"2025-12-01T11:22:04","modified_gmt":"2025-12-01T11:22:04","slug":"aston-martin-dbx-707","status":"publish","type":"product","link":"https:\/\/luxrentdubai.com\/de\/produkt\/aston-martin-dbx-707\/","title":{"rendered":"Aston Martin DBX 707"},"content":{"rendered":"<h2 data-start=\"320\" data-end=\"399\">Aston Martin DBX 707 mieten in Dubai \u2013 Kraft, Prestige und pure Performance<\/h2>\n<p data-start=\"401\" data-end=\"747\">Tauchen Sie ein in eine Welt aus Raffinesse und Kraft mit dem Aston Martin DBX 707 \u2013 dem leistungsst\u00e4rksten Luxus-SUV, den Aston Martin je gebaut hat. Dies ist nicht einfach nur ein weiteres SUV, sondern ein klares Statement britischer Ingenieurskunst, das atemberaubende Leistung mit dem Komfort und der Alltagstauglichkeit eines Grand Tourers verbindet.<\/p>\n<p data-start=\"749\" data-end=\"1111\">Angetrieben von einem 4,0-Liter-V8-Biturbo-Motor mit 697 PS beschleunigt der DBX 707 in nur 3,3 Sekunden von 0 auf 100 km\/h und z\u00e4hlt damit zu den schnellsten Luxus-SUVs der Welt. Das fortschrittliche Allradantriebssystem, das 8-Gang-Automatikgetriebe und die adaptive Luftfederung sorgen f\u00fcr eine perfekte Balance aus Agilit\u00e4t, Stabilit\u00e4t und Kontrolle auf jeder Stra\u00dfe.<\/p>\n<p data-start=\"1113\" data-end=\"1472\">Schon beim Einsteigen sp\u00fcren Sie die handwerkliche Perfektion \u2013 edle Ledersitze, ein hochaufl\u00f6sender Touchscreen und das unverkennbare Aston-Martin-Design, das Sportlichkeit mit zeitloser Eleganz vereint. Ob auf der Sheikh Zayed Road oder auf dem Weg zu einem F\u00fcnf-Sterne-Resort \u2013 der DBX 707 macht jede Fahrt zu einem au\u00dfergew\u00f6hnlichen Erlebnis.<\/p>\n<p data-start=\"1474\" data-end=\"1743\">Einen Aston Martin DBX 707 in Dubai zu mieten bedeutet mehr als nur einen Luxus-SUV zu fahren \u2013 es ist ein Ausdruck von Kraft, Komfort und Prestige. Perfekt f\u00fcr Gesch\u00e4ftsreisen, luxuri\u00f6se Wochenendtrips oder f\u00fcr alle, die in Dubai einen bleibenden Eindruck hinterlassen m\u00f6chten.<\/p>\n<p data-start=\"1745\" data-end=\"2482\">Der Aston Martin DBX 707 aus dem Jahr 2023 in Wei\u00df ist mit einem 4,0-Liter-V8-Biturbo-Motor mit 697 PS ausgestattet und beschleunigt in nur 3,3 Sekunden von 0 auf 100 km\/h. Er verf\u00fcgt \u00fcber Allradantrieb, ein 8-Gang-Automatikgetriebe, 4 T\u00fcren, 5 Sitze und Platz f\u00fcr 4\u20135 Gep\u00e4ckst\u00fccke. Zu den wichtigsten Ausstattungsmerkmalen geh\u00f6ren adaptiver Tempomat, aktive Lenkung, Carbon-Keramikbremsen, verstellbares Fahrwerk, elektrische Ledersitze, Klimaanlage, Touchscreen-LCD, Panorama-Schiebedach, Navigationssystem, Apple CarPlay und Android Auto, USB Typ-C, Bluetooth, digitales Head-up-Display, Premium-Audiosystem, Totwinkelassistent, Parksensoren, Parkassistent, R\u00fcckfahrkamera, 360\u00b0-Kamerasystem, SRS-Airbags, Spurhalteassistent und get\u00f6nte Scheiben.<\/p>\n","protected":false},"excerpt":{"rendered":"<h2 data-start=\"320\" data-end=\"399\">Rent Aston Martin DBX 707 in Dubai \u2013 power, prestige, and pure performance<\/h2>\n<p data-start=\"401\" data-end=\"747\">Tauchen Sie ein in eine Welt aus Raffinesse und Kraft mit dem Aston Martin DBX 707 \u2013 dem leistungsst\u00e4rksten Luxus-SUV, den Aston Martin je gebaut hat. Dies ist nicht einfach nur ein weiteres SUV, sondern ein klares Statement britischer Ingenieurskunst, das atemberaubende Leistung mit dem Komfort und der Alltagstauglichkeit eines Grand Tourers verbindet.<\/p>\n<p data-start=\"749\" data-end=\"1111\">Angetrieben von einem 4,0-Liter-V8-Biturbo-Motor mit 697 PS beschleunigt der DBX 707 in nur 3,3 Sekunden von 0 auf 100 km\/h und z\u00e4hlt damit zu den schnellsten Luxus-SUVs der Welt. Das fortschrittliche Allradantriebssystem, das 8-Gang-Automatikgetriebe und die adaptive Luftfederung sorgen f\u00fcr eine perfekte Balance aus Agilit\u00e4t, Stabilit\u00e4t und Kontrolle auf jeder Stra\u00dfe.<\/p>\n<p data-start=\"1113\" data-end=\"1472\">Schon beim Einsteigen sp\u00fcren Sie die handwerkliche Perfektion \u2013 edle Ledersitze, ein hochaufl\u00f6sender Touchscreen und das unverkennbare Aston-Martin-Design, das Sportlichkeit mit zeitloser Eleganz vereint. Ob auf der Sheikh Zayed Road oder auf dem Weg zu einem F\u00fcnf-Sterne-Resort \u2013 der DBX 707 macht jede Fahrt zu einem au\u00dfergew\u00f6hnlichen Erlebnis.<\/p>\n<p data-start=\"1474\" data-end=\"1743\">Einen Aston Martin DBX 707 in Dubai zu mieten bedeutet mehr als nur einen Luxus-SUV zu fahren \u2013 es ist ein Ausdruck von Kraft, Komfort und Prestige. Perfekt f\u00fcr Gesch\u00e4ftsreisen, luxuri\u00f6se Wochenendtrips oder f\u00fcr alle, die in Dubai einen bleibenden Eindruck hinterlassen m\u00f6chten.<\/p>\n<p data-start=\"1745\" data-end=\"2482\">Der Aston Martin DBX 707 aus dem Jahr 2023 in Wei\u00df ist mit einem 4,0-Liter-V8-Biturbo-Motor mit 697 PS ausgestattet und beschleunigt in nur 3,3 Sekunden von 0 auf 100 km\/h. Er verf\u00fcgt \u00fcber Allradantrieb, ein 8-Gang-Automatikgetriebe, 4 T\u00fcren, 5 Sitze und Platz f\u00fcr 4\u20135 Gep\u00e4ckst\u00fccke. Zu den wichtigsten Ausstattungsmerkmalen geh\u00f6ren adaptiver Tempomat, aktive Lenkung, Carbon-Keramikbremsen, verstellbares Fahrwerk, elektrische Ledersitze, Klimaanlage, Touchscreen-LCD, Panorama-Schiebedach, Navigationssystem, Apple CarPlay und Android Auto, USB Typ-C, Bluetooth, digitales Head-up-Display, Premium-Audiosystem, Totwinkelassistent, Parksensoren, Parkassistent, R\u00fcckfahrkamera, 360\u00b0-Kamerasystem, SRS-Airbags, Spurhalteassistent und get\u00f6nte Scheiben.<\/p>\n","protected":false},"featured_media":10073,"comment_status":"open","ping_status":"closed","template":"","meta":{"_acf_changed":false},"product_brand":[],"product_cat":[86],"product_tag":[],"class_list":{"0":"post-10100","1":"product","2":"type-product","3":"status-publish","4":"has-post-thumbnail","6":"product_cat-misc","8":"first","9":"outofstock","10":"shipping-taxable","11":"purchasable","12":"product-type-ovabrw_car_rental"},"acf":[],"yoast_head":"<!-- This site is optimized with the Yoast SEO plugin v26.8 - https:\/\/yoast.com\/product\/yoast-seo-wordpress\/ -->\n<title>Aston Martin DBX 707 mieten in Dubai - Lux Rent Dubai<\/title>\n<meta name=\"description\" content=\"Erleben Sie pure Kraft und Prestige mit dem Aston Martin DBX 707 \u2013 dem leistungsst\u00e4rksten Luxus-SUV der Welt. Mieten Sie ihn in Dubai und genie\u00dfen Sie 697 PS, einen V8-Biturbo-Motor und au\u00dfergew\u00f6hnlichen Komfort auf jeder Fahrt.\" \/>\n<meta name=\"robots\" content=\"index, follow, max-snippet:-1, max-image-preview:large, max-video-preview:-1\" \/>\n<link rel=\"canonical\" href=\"https:\/\/luxrentdubai.com\/de\/produkt\/aston-martin-dbx-707\/\" \/>\n<meta property=\"og:locale\" content=\"de_DE\" \/>\n<meta property=\"og:type\" content=\"article\" \/>\n<meta property=\"og:title\" content=\"Aston Martin DBX 707 mieten in Dubai - Lux Rent Dubai\" \/>\n<meta property=\"og:description\" content=\"Erleben Sie pure Kraft und Prestige mit dem Aston Martin DBX 707 \u2013 dem leistungsst\u00e4rksten Luxus-SUV der Welt. Mieten Sie ihn in Dubai und genie\u00dfen Sie 697 PS, einen V8-Biturbo-Motor und au\u00dfergew\u00f6hnlichen Komfort auf jeder Fahrt.\" \/>\n<meta property=\"og:url\" content=\"https:\/\/luxrentdubai.com\/de\/produkt\/aston-martin-dbx-707\/\" \/>\n<meta property=\"og:site_name\" content=\"Lux Rent Dubai\" \/>\n<meta property=\"article:modified_time\" content=\"2025-12-01T11:22:04+00:00\" \/>\n<meta property=\"og:image\" content=\"https:\/\/luxrentdubai.com\/wp-content\/uploads\/2025\/10\/aston-martin-dbx.jpg\" \/>\n\t<meta property=\"og:image:width\" content=\"1440\" \/>\n\t<meta property=\"og:image:height\" content=\"1440\" \/>\n\t<meta property=\"og:image:type\" content=\"image\/jpeg\" \/>\n<meta name=\"twitter:card\" content=\"summary_large_image\" \/>\n<meta name=\"twitter:label1\" content=\"Gesch\u00e4tzte Lesezeit\" \/>\n\t<meta name=\"twitter:data1\" content=\"2\u00a0Minuten\" \/>\n<script type=\"application\/ld+json\" class=\"yoast-schema-graph\">{\"@context\":\"https:\/\/schema.org\",\"@graph\":[{\"@type\":\"WebPage\",\"@id\":\"https:\/\/luxrentdubai.com\/de\/produkt\/aston-martin-dbx-707\/\",\"url\":\"https:\/\/luxrentdubai.com\/de\/produkt\/aston-martin-dbx-707\/\",\"name\":\"Aston Martin DBX 707 mieten in Dubai - Lux Rent Dubai\",\"isPartOf\":{\"@id\":\"https:\/\/luxrentdubai.com\/#website\"},\"primaryImageOfPage\":{\"@id\":\"https:\/\/luxrentdubai.com\/de\/produkt\/aston-martin-dbx-707\/#primaryimage\"},\"image\":{\"@id\":\"https:\/\/luxrentdubai.com\/de\/produkt\/aston-martin-dbx-707\/#primaryimage\"},\"thumbnailUrl\":\"https:\/\/luxrentdubai.com\/wp-content\/uploads\/2025\/10\/aston-martin-dbx.jpg\",\"datePublished\":\"2025-10-14T16:25:17+00:00\",\"dateModified\":\"2025-12-01T11:22:04+00:00\",\"description\":\"Erleben Sie pure Kraft und Prestige mit dem Aston Martin DBX 707 \u2013 dem leistungsst\u00e4rksten Luxus-SUV der Welt. Mieten Sie ihn in Dubai und genie\u00dfen Sie 697 PS, einen V8-Biturbo-Motor und au\u00dfergew\u00f6hnlichen Komfort auf jeder Fahrt.\",\"breadcrumb\":{\"@id\":\"https:\/\/luxrentdubai.com\/de\/produkt\/aston-martin-dbx-707\/#breadcrumb\"},\"inLanguage\":\"de\",\"potentialAction\":[{\"@type\":\"ReadAction\",\"target\":[\"https:\/\/luxrentdubai.com\/de\/produkt\/aston-martin-dbx-707\/\"]}]},{\"@type\":\"ImageObject\",\"inLanguage\":\"de\",\"@id\":\"https:\/\/luxrentdubai.com\/de\/produkt\/aston-martin-dbx-707\/#primaryimage\",\"url\":\"https:\/\/luxrentdubai.com\/wp-content\/uploads\/2025\/10\/aston-martin-dbx.jpg\",\"contentUrl\":\"https:\/\/luxrentdubai.com\/wp-content\/uploads\/2025\/10\/aston-martin-dbx.jpg\",\"width\":1440,\"height\":1440},{\"@type\":\"BreadcrumbList\",\"@id\":\"https:\/\/luxrentdubai.com\/de\/produkt\/aston-martin-dbx-707\/#breadcrumb\",\"itemListElement\":[{\"@type\":\"ListItem\",\"position\":1,\"name\":\"\u0413\u043b\u0430\u0432\u043d\u0430\u044f \u0441\u0442\u0440\u0430\u043d\u0438\u0446\u0430\",\"item\":\"https:\/\/luxrentdubai.com\/de\/\"},{\"@type\":\"ListItem\",\"position\":2,\"name\":\"Shop\",\"item\":\"https:\/\/luxrentdubai.com\/de\/shop\/\"},{\"@type\":\"ListItem\",\"position\":3,\"name\":\"Aston Martin DBX 707\"}]},{\"@type\":\"WebSite\",\"@id\":\"https:\/\/luxrentdubai.com\/#website\",\"url\":\"https:\/\/luxrentdubai.com\/\",\"name\":\"Lux Rent Dubai\",\"description\":\"Sports cars and luxury cars rental in Dubai\",\"publisher\":{\"@id\":\"https:\/\/luxrentdubai.com\/#organization\"},\"potentialAction\":[{\"@type\":\"SearchAction\",\"target\":{\"@type\":\"EntryPoint\",\"urlTemplate\":\"https:\/\/luxrentdubai.com\/?s={search_term_string}\"},\"query-input\":{\"@type\":\"PropertyValueSpecification\",\"valueRequired\":true,\"valueName\":\"search_term_string\"}}],\"inLanguage\":\"de\"},{\"@type\":\"Organization\",\"@id\":\"https:\/\/luxrentdubai.com\/#organization\",\"name\":\"Lux Rent Dubai\",\"url\":\"https:\/\/luxrentdubai.com\/\",\"logo\":{\"@type\":\"ImageObject\",\"inLanguage\":\"de\",\"@id\":\"https:\/\/luxrentdubai.com\/#\/schema\/logo\/image\/\",\"url\":\"https:\/\/luxrentdubai.com\/wp-content\/uploads\/2025\/07\/cropped-logo_luxrent_black_background.png\",\"contentUrl\":\"https:\/\/luxrentdubai.com\/wp-content\/uploads\/2025\/07\/cropped-logo_luxrent_black_background.png\",\"width\":700,\"height\":465,\"caption\":\"Lux Rent Dubai\"},\"image\":{\"@id\":\"https:\/\/luxrentdubai.com\/#\/schema\/logo\/image\/\"}}]}<\/script>\n<!-- \/ Yoast SEO plugin. -->","yoast_head_json":{"title":"Aston Martin DBX 707 mieten in Dubai - Lux Rent Dubai","description":"Erleben Sie pure Kraft und Prestige mit dem Aston Martin DBX 707 \u2013 dem leistungsst\u00e4rksten Luxus-SUV der Welt. Mieten Sie ihn in Dubai und genie\u00dfen Sie 697 PS, einen V8-Biturbo-Motor und au\u00dfergew\u00f6hnlichen Komfort auf jeder Fahrt.","robots":{"index":"index","follow":"follow","max-snippet":"max-snippet:-1","max-image-preview":"max-image-preview:large","max-video-preview":"max-video-preview:-1"},"canonical":"https:\/\/luxrentdubai.com\/de\/produkt\/aston-martin-dbx-707\/","og_locale":"de_DE","og_type":"article","og_title":"Aston Martin DBX 707 mieten in Dubai - Lux Rent Dubai","og_description":"Erleben Sie pure Kraft und Prestige mit dem Aston Martin DBX 707 \u2013 dem leistungsst\u00e4rksten Luxus-SUV der Welt. Mieten Sie ihn in Dubai und genie\u00dfen Sie 697 PS, einen V8-Biturbo-Motor und au\u00dfergew\u00f6hnlichen Komfort auf jeder Fahrt.","og_url":"https:\/\/luxrentdubai.com\/de\/produkt\/aston-martin-dbx-707\/","og_site_name":"Lux Rent Dubai","article_modified_time":"2025-12-01T11:22:04+00:00","og_image":[{"width":1440,"height":1440,"url":"https:\/\/luxrentdubai.com\/wp-content\/uploads\/2025\/10\/aston-martin-dbx.jpg","type":"image\/jpeg"}],"twitter_card":"summary_large_image","twitter_misc":{"Gesch\u00e4tzte Lesezeit":"2\u00a0Minuten"},"schema":{"@context":"https:\/\/schema.org","@graph":[{"@type":"WebPage","@id":"https:\/\/luxrentdubai.com\/de\/produkt\/aston-martin-dbx-707\/","url":"https:\/\/luxrentdubai.com\/de\/produkt\/aston-martin-dbx-707\/","name":"Aston Martin DBX 707 mieten in Dubai - Lux Rent Dubai","isPartOf":{"@id":"https:\/\/luxrentdubai.com\/#website"},"primaryImageOfPage":{"@id":"https:\/\/luxrentdubai.com\/de\/produkt\/aston-martin-dbx-707\/#primaryimage"},"image":{"@id":"https:\/\/luxrentdubai.com\/de\/produkt\/aston-martin-dbx-707\/#primaryimage"},"thumbnailUrl":"https:\/\/luxrentdubai.com\/wp-content\/uploads\/2025\/10\/aston-martin-dbx.jpg","datePublished":"2025-10-14T16:25:17+00:00","dateModified":"2025-12-01T11:22:04+00:00","description":"Erleben Sie pure Kraft und Prestige mit dem Aston Martin DBX 707 \u2013 dem leistungsst\u00e4rksten Luxus-SUV der Welt. Mieten Sie ihn in Dubai und genie\u00dfen Sie 697 PS, einen V8-Biturbo-Motor und au\u00dfergew\u00f6hnlichen Komfort auf jeder Fahrt.","breadcrumb":{"@id":"https:\/\/luxrentdubai.com\/de\/produkt\/aston-martin-dbx-707\/#breadcrumb"},"inLanguage":"de","potentialAction":[{"@type":"ReadAction","target":["https:\/\/luxrentdubai.com\/de\/produkt\/aston-martin-dbx-707\/"]}]},{"@type":"ImageObject","inLanguage":"de","@id":"https:\/\/luxrentdubai.com\/de\/produkt\/aston-martin-dbx-707\/#primaryimage","url":"https:\/\/luxrentdubai.com\/wp-content\/uploads\/2025\/10\/aston-martin-dbx.jpg","contentUrl":"https:\/\/luxrentdubai.com\/wp-content\/uploads\/2025\/10\/aston-martin-dbx.jpg","width":1440,"height":1440},{"@type":"BreadcrumbList","@id":"https:\/\/luxrentdubai.com\/de\/produkt\/aston-martin-dbx-707\/#breadcrumb","itemListElement":[{"@type":"ListItem","position":1,"name":"\u0413\u043b\u0430\u0432\u043d\u0430\u044f \u0441\u0442\u0440\u0430\u043d\u0438\u0446\u0430","item":"https:\/\/luxrentdubai.com\/de\/"},{"@type":"ListItem","position":2,"name":"Shop","item":"https:\/\/luxrentdubai.com\/de\/shop\/"},{"@type":"ListItem","position":3,"name":"Aston Martin DBX 707"}]},{"@type":"WebSite","@id":"https:\/\/luxrentdubai.com\/#website","url":"https:\/\/luxrentdubai.com\/","name":"Lux Rent Dubai","description":"Sports cars and luxury cars rental in Dubai","publisher":{"@id":"https:\/\/luxrentdubai.com\/#organization"},"potentialAction":[{"@type":"SearchAction","target":{"@type":"EntryPoint","urlTemplate":"https:\/\/luxrentdubai.com\/?s={search_term_string}"},"query-input":{"@type":"PropertyValueSpecification","valueRequired":true,"valueName":"search_term_string"}}],"inLanguage":"de"},{"@type":"Organization","@id":"https:\/\/luxrentdubai.com\/#organization","name":"Lux Rent Dubai","url":"https:\/\/luxrentdubai.com\/","logo":{"@type":"ImageObject","inLanguage":"de","@id":"https:\/\/luxrentdubai.com\/#\/schema\/logo\/image\/","url":"https:\/\/luxrentdubai.com\/wp-content\/uploads\/2025\/07\/cropped-logo_luxrent_black_background.png","contentUrl":"https:\/\/luxrentdubai.com\/wp-content\/uploads\/2025\/07\/cropped-logo_luxrent_black_background.png","width":700,"height":465,"caption":"Lux Rent Dubai"},"image":{"@id":"https:\/\/luxrentdubai.com\/#\/schema\/logo\/image\/"}}]}},"_links":{"self":[{"href":"https:\/\/luxrentdubai.com\/de\/wp-json\/wp\/v2\/product\/10100","targetHints":{"allow":["GET"]}}],"collection":[{"href":"https:\/\/luxrentdubai.com\/de\/wp-json\/wp\/v2\/product"}],"about":[{"href":"https:\/\/luxrentdubai.com\/de\/wp-json\/wp\/v2\/types\/product"}],"replies":[{"embeddable":true,"href":"https:\/\/luxrentdubai.com\/de\/wp-json\/wp\/v2\/comments?post=10100"}],"wp:featuredmedia":[{"embeddable":true,"href":"https:\/\/luxrentdubai.com\/de\/wp-json\/wp\/v2\/media\/10073"}],"wp:attachment":[{"href":"https:\/\/luxrentdubai.com\/de\/wp-json\/wp\/v2\/media?parent=10100"}],"wp:term":[{"taxonomy":"product_brand","embeddable":true,"href":"https:\/\/luxrentdubai.com\/de\/wp-json\/wp\/v2\/product_brand?post=10100"},{"taxonomy":"product_cat","embeddable":true,"href":"https:\/\/luxrentdubai.com\/de\/wp-json\/wp\/v2\/product_cat?post=10100"},{"taxonomy":"product_tag","embeddable":true,"href":"https:\/\/luxrentdubai.com\/de\/wp-json\/wp\/v2\/product_tag?post=10100"}],"curies":[{"name":"wp","href":"https:\/\/api.w.org\/{rel}","templated":true}]}}