{"id":9435,"date":"2025-07-28T21:26:41","date_gmt":"2025-07-28T21:26:41","guid":{"rendered":"https:\/\/luxrentdubai.com\/product\/ferrari-812-novitec-spyder\/"},"modified":"2025-12-01T14:35:55","modified_gmt":"2025-12-01T14:35:55","slug":"ferrari-812-novitec-spyder","status":"publish","type":"product","link":"https:\/\/luxrentdubai.com\/de\/produkt\/ferrari-812-novitec-spyder\/","title":{"rendered":"Ferrari 812 Novitec Spyder"},"content":{"rendered":"<p data-start=\"74\" data-end=\"171\"><strong data-start=\"74\" data-end=\"171\">Ferrari 812 GTS Novitec Spyder mieten in Dubai \u2013 erleben Sie Geschwindigkeit, Stil und Cabrio-Emotion<\/strong><\/p>\n<p data-start=\"173\" data-end=\"554\">Der Ferrari 812 GTS Novitec Spyder ist der ultimative Ausdruck von Ferraris V12-Cabrio-Performance \u2013 veredelt durch Novitecs individuelles Tuning. Mit seiner aggressiven Haltung, sportlicheren Felgen und aerodynamischen Karosseriekomponenten strahlt dieses seltene Meisterwerk pure Pr\u00e4senz aus. Die tiefergelegte Karosserie und das markante Design ziehen \u00fcberall die Blicke auf sich \u2013 dieser Wagen ist nicht nur schnell, er ist atemberaubend elegant.<\/p>\n<p data-start=\"556\" data-end=\"947\">Unter der Haube arbeitet ein 6,5-Liter-V12-Saugmotor, der von Novitec auf beeindruckende 840 PS getunt wurde. Damit beschleunigt der 812 GTS Novitec Spyder in nur 2,8 Sekunden von 0 auf 100 km\/h und liefert eine G\u00e4nsehaut-bereitende Beschleunigung \u2013 begleitet vom unverwechselbaren Ferrari-Sound, der pure Emotionen weckt. Ob beim Cruisen entlang der JBR oder beim Beschleunigen auf der Sheikh Zayed Road \u2013 jede Fahrt ist ein Spektakel.<\/p>\n<p data-start=\"949\" data-end=\"1330\">Die Cabrio-Konfiguration verst\u00e4rkt das Fahrerlebnis, sodass Sie Dubais Skyline mit Wind im Haar genie\u00dfen k\u00f6nnen. Der Innenraum ist mit edlen Materialien und modernster Technologie ausgestattet und bietet sowohl Komfort als auch absolute Kontrolle. Dank der Performance-Upgrades von Novitec und Ferraris Ingenieurskunst verbindet dieses Cabrio Luxus, Stil und rohe Kraft in einzigartiger Weise.<\/p>\n<p data-start=\"1332\" data-end=\"1492\"><strong data-start=\"1332\" data-end=\"1350\">Technische Daten<\/strong><br \/>\nBaujahr: 2022 \u2022 Motor: V12, 6496 cm\u00b3 \u2022 Leistung: 840 PS \u2022 0\u2013100 km\/h: 2,8 Sekunden \u2022 Antrieb: Hinterrad \u2022 Getriebe: Automatik \u2022 T\u00fcren: 2 \u2022 Sitze: 2 \u2022 Gep\u00e4ck: 1x Handgep\u00e4ck<\/p>\n<p data-start=\"1494\" data-end=\"1745\"><strong data-start=\"1494\" data-end=\"1506\">Ausstattung<\/strong><br \/>\nAdaptiver Tempomat \u2022 Elektrische &amp; Ledersitze \u2022 Touchscreen-LCD \u2022 Apple CarPlay \u2022 Android Auto \u2022 R\u00fcckfahrkamera \u2022 Parksensoren \u2022 SRS-Airbags \u2022 Bluetooth \u2022 Premium-Soundsystem \u2022 USB-C \u2022 Digitales Head-Up-Display (HUD) \u2022 Totwinkel-Assistent \u2022 Klimaautomatik \u2022 und mehr<\/p>\n","protected":false},"excerpt":{"rendered":"<p data-start=\"74\" data-end=\"171\"><strong data-start=\"74\" data-end=\"171\">Ferrari 812 GTS Novitec Spyder mieten in Dubai \u2013 erleben Sie Geschwindigkeit, Stil und Cabrio-Emotion<\/strong><\/p>\n<p data-start=\"173\" data-end=\"554\">Der Ferrari 812 GTS Novitec Spyder ist der ultimative Ausdruck von Ferraris V12-Cabrio-Performance \u2013 veredelt durch Novitecs individuelles Tuning. Mit seiner aggressiven Haltung, sportlicheren Felgen und aerodynamischen Karosseriekomponenten strahlt dieses seltene Meisterwerk pure Pr\u00e4senz aus. Die tiefergelegte Karosserie und das markante Design ziehen \u00fcberall die Blicke auf sich \u2013 dieser Wagen ist nicht nur schnell, er ist atemberaubend elegant.<\/p>\n<p data-start=\"556\" data-end=\"947\">Unter der Haube arbeitet ein 6,5-Liter-V12-Saugmotor, der von Novitec auf beeindruckende 840 PS getunt wurde. Damit beschleunigt der 812 GTS Novitec Spyder in nur 2,8 Sekunden von 0 auf 100 km\/h und liefert eine G\u00e4nsehaut-bereitende Beschleunigung \u2013 begleitet vom unverwechselbaren Ferrari-Sound, der pure Emotionen weckt. Ob beim Cruisen entlang der JBR oder beim Beschleunigen auf der Sheikh Zayed Road \u2013 jede Fahrt ist ein Spektakel.<\/p>\n<p data-start=\"949\" data-end=\"1330\">Die Cabrio-Konfiguration verst\u00e4rkt das Fahrerlebnis, sodass Sie Dubais Skyline mit Wind im Haar genie\u00dfen k\u00f6nnen. Der Innenraum ist mit edlen Materialien und modernster Technologie ausgestattet und bietet sowohl Komfort als auch absolute Kontrolle. Dank der Performance-Upgrades von Novitec und Ferraris Ingenieurskunst verbindet dieses Cabrio Luxus, Stil und rohe Kraft in einzigartiger Weise.<\/p>\n<p data-start=\"1332\" data-end=\"1492\"><strong data-start=\"1332\" data-end=\"1350\">Technische Daten<\/strong><br \/>\nBaujahr: 2022 \u2022 Motor: V12, 6496 cm\u00b3 \u2022 Leistung: 840 PS \u2022 0\u2013100 km\/h: 2,8 Sekunden \u2022 Antrieb: Hinterrad \u2022 Getriebe: Automatik \u2022 T\u00fcren: 2 \u2022 Sitze: 2 \u2022 Gep\u00e4ck: 1x Handgep\u00e4ck<\/p>\n<p data-start=\"1494\" data-end=\"1745\"><strong data-start=\"1494\" data-end=\"1506\">Ausstattung<\/strong><br \/>\nAdaptiver Tempomat \u2022 Elektrische &amp; Ledersitze \u2022 Touchscreen-LCD \u2022 Apple CarPlay \u2022 Android Auto \u2022 R\u00fcckfahrkamera \u2022 Parksensoren \u2022 SRS-Airbags \u2022 Bluetooth \u2022 Premium-Soundsystem \u2022 USB-C \u2022 Digitales Head-Up-Display (HUD) \u2022 Totwinkel-Assistent \u2022 Klimaautomatik \u2022 und mehr<\/p>\n","protected":false},"featured_media":7864,"comment_status":"open","ping_status":"closed","template":"","meta":{"_acf_changed":false},"product_brand":[],"product_cat":[110],"product_tag":[],"class_list":{"0":"post-9435","1":"product","2":"type-product","3":"status-publish","4":"has-post-thumbnail","6":"product_cat-ferrari-de","8":"first","9":"instock","10":"shipping-taxable","11":"purchasable","12":"product-type-ovabrw_car_rental"},"acf":[],"yoast_head":"<!-- This site is optimized with the Yoast SEO plugin v26.8 - https:\/\/yoast.com\/product\/yoast-seo-wordpress\/ -->\n<title>Ferrari 812 Novitec Spyder - Lux Rent Dubai<\/title>\n<meta name=\"robots\" content=\"index, follow, max-snippet:-1, max-image-preview:large, max-video-preview:-1\" \/>\n<link rel=\"canonical\" href=\"https:\/\/luxrentdubai.com\/de\/produkt\/ferrari-812-novitec-spyder\/\" \/>\n<meta property=\"og:locale\" content=\"de_DE\" \/>\n<meta property=\"og:type\" content=\"article\" \/>\n<meta property=\"og:title\" content=\"Ferrari 812 Novitec Spyder - Lux Rent Dubai\" \/>\n<meta property=\"og:description\" content=\"Ferrari 812 GTS Novitec Spyder mieten in Dubai \u2013 erleben Sie Geschwindigkeit, Stil und Cabrio-Emotion Der Ferrari 812 GTS Novitec Spyder ist der ultimative Ausdruck von Ferraris V12-Cabrio-Performance \u2013 veredelt durch Novitecs individuelles Tuning. Mit seiner aggressiven Haltung, sportlicheren Felgen und aerodynamischen Karosseriekomponenten strahlt dieses seltene Meisterwerk pure Pr\u00e4senz aus. Die tiefergelegte Karosserie und das markante Design ziehen \u00fcberall die Blicke auf sich \u2013 dieser Wagen ist nicht nur schnell, er ist atemberaubend elegant. Unter der Haube arbeitet ein 6,5-Liter-V12-Saugmotor, der von Novitec auf beeindruckende 840 PS getunt wurde. Damit beschleunigt der 812 GTS Novitec Spyder in nur 2,8 Sekunden von 0 auf 100 km\/h und liefert eine G\u00e4nsehaut-bereitende Beschleunigung \u2013 begleitet vom unverwechselbaren Ferrari-Sound, der pure Emotionen weckt. Ob beim Cruisen entlang der JBR oder beim Beschleunigen auf der Sheikh Zayed Road \u2013 jede Fahrt ist ein Spektakel. Die Cabrio-Konfiguration verst\u00e4rkt das Fahrerlebnis, sodass Sie Dubais Skyline mit Wind im Haar genie\u00dfen k\u00f6nnen. Der Innenraum ist mit edlen Materialien und modernster Technologie ausgestattet und bietet sowohl Komfort als auch absolute Kontrolle. Dank der Performance-Upgrades von Novitec und Ferraris Ingenieurskunst verbindet dieses Cabrio Luxus, Stil und rohe Kraft in einzigartiger Weise. Technische Daten Baujahr: 2022 \u2022 Motor: V12, 6496 cm\u00b3 \u2022 Leistung: 840 PS \u2022 0\u2013100 km\/h: 2,8 Sekunden \u2022 Antrieb: Hinterrad \u2022 Getriebe: Automatik \u2022 T\u00fcren: 2 \u2022 Sitze: 2 \u2022 Gep\u00e4ck: 1x Handgep\u00e4ck Ausstattung Adaptiver Tempomat \u2022 Elektrische &amp; Ledersitze \u2022 Touchscreen-LCD \u2022 Apple CarPlay \u2022 Android Auto \u2022 R\u00fcckfahrkamera \u2022 Parksensoren \u2022 SRS-Airbags \u2022 Bluetooth \u2022 Premium-Soundsystem \u2022 USB-C \u2022 Digitales Head-Up-Display (HUD) \u2022 Totwinkel-Assistent \u2022 Klimaautomatik \u2022 und mehr\" \/>\n<meta property=\"og:url\" content=\"https:\/\/luxrentdubai.com\/de\/produkt\/ferrari-812-novitec-spyder\/\" \/>\n<meta property=\"og:site_name\" content=\"Lux Rent Dubai\" \/>\n<meta property=\"article:modified_time\" content=\"2025-12-01T14:35:55+00:00\" \/>\n<meta property=\"og:image\" content=\"https:\/\/luxrentdubai.com\/wp-content\/uploads\/2025\/07\/ferrari-812-novitec-spyder-31-rotated.jpg\" \/>\n\t<meta property=\"og:image:width\" content=\"1280\" \/>\n\t<meta property=\"og:image:height\" content=\"1280\" \/>\n\t<meta property=\"og:image:type\" content=\"image\/jpeg\" \/>\n<meta name=\"twitter:card\" content=\"summary_large_image\" \/>\n<meta name=\"twitter:label1\" content=\"Gesch\u00e4tzte Lesezeit\" \/>\n\t<meta name=\"twitter:data1\" content=\"2\u00a0Minuten\" \/>\n<script type=\"application\/ld+json\" class=\"yoast-schema-graph\">{\"@context\":\"https:\/\/schema.org\",\"@graph\":[{\"@type\":\"WebPage\",\"@id\":\"https:\/\/luxrentdubai.com\/de\/produkt\/ferrari-812-novitec-spyder\/\",\"url\":\"https:\/\/luxrentdubai.com\/de\/produkt\/ferrari-812-novitec-spyder\/\",\"name\":\"Ferrari 812 Novitec Spyder - Lux Rent Dubai\",\"isPartOf\":{\"@id\":\"https:\/\/luxrentdubai.com\/#website\"},\"primaryImageOfPage\":{\"@id\":\"https:\/\/luxrentdubai.com\/de\/produkt\/ferrari-812-novitec-spyder\/#primaryimage\"},\"image\":{\"@id\":\"https:\/\/luxrentdubai.com\/de\/produkt\/ferrari-812-novitec-spyder\/#primaryimage\"},\"thumbnailUrl\":\"https:\/\/luxrentdubai.com\/wp-content\/uploads\/2025\/07\/ferrari-812-novitec-spyder.jpg\",\"datePublished\":\"2025-07-28T21:26:41+00:00\",\"dateModified\":\"2025-12-01T14:35:55+00:00\",\"breadcrumb\":{\"@id\":\"https:\/\/luxrentdubai.com\/de\/produkt\/ferrari-812-novitec-spyder\/#breadcrumb\"},\"inLanguage\":\"de\",\"potentialAction\":[{\"@type\":\"ReadAction\",\"target\":[\"https:\/\/luxrentdubai.com\/de\/produkt\/ferrari-812-novitec-spyder\/\"]}]},{\"@type\":\"ImageObject\",\"inLanguage\":\"de\",\"@id\":\"https:\/\/luxrentdubai.com\/de\/produkt\/ferrari-812-novitec-spyder\/#primaryimage\",\"url\":\"https:\/\/luxrentdubai.com\/wp-content\/uploads\/2025\/07\/ferrari-812-novitec-spyder.jpg\",\"contentUrl\":\"https:\/\/luxrentdubai.com\/wp-content\/uploads\/2025\/07\/ferrari-812-novitec-spyder.jpg\",\"width\":1200,\"height\":900},{\"@type\":\"BreadcrumbList\",\"@id\":\"https:\/\/luxrentdubai.com\/de\/produkt\/ferrari-812-novitec-spyder\/#breadcrumb\",\"itemListElement\":[{\"@type\":\"ListItem\",\"position\":1,\"name\":\"\u0413\u043b\u0430\u0432\u043d\u0430\u044f \u0441\u0442\u0440\u0430\u043d\u0438\u0446\u0430\",\"item\":\"https:\/\/luxrentdubai.com\/de\/\"},{\"@type\":\"ListItem\",\"position\":2,\"name\":\"Shop\",\"item\":\"https:\/\/luxrentdubai.com\/de\/shop\/\"},{\"@type\":\"ListItem\",\"position\":3,\"name\":\"Ferrari 812 Novitec Spyder\"}]},{\"@type\":\"WebSite\",\"@id\":\"https:\/\/luxrentdubai.com\/#website\",\"url\":\"https:\/\/luxrentdubai.com\/\",\"name\":\"Lux Rent Dubai\",\"description\":\"Sports cars and luxury cars rental in Dubai\",\"publisher\":{\"@id\":\"https:\/\/luxrentdubai.com\/#organization\"},\"potentialAction\":[{\"@type\":\"SearchAction\",\"target\":{\"@type\":\"EntryPoint\",\"urlTemplate\":\"https:\/\/luxrentdubai.com\/?s={search_term_string}\"},\"query-input\":{\"@type\":\"PropertyValueSpecification\",\"valueRequired\":true,\"valueName\":\"search_term_string\"}}],\"inLanguage\":\"de\"},{\"@type\":\"Organization\",\"@id\":\"https:\/\/luxrentdubai.com\/#organization\",\"name\":\"Lux Rent Dubai\",\"url\":\"https:\/\/luxrentdubai.com\/\",\"logo\":{\"@type\":\"ImageObject\",\"inLanguage\":\"de\",\"@id\":\"https:\/\/luxrentdubai.com\/#\/schema\/logo\/image\/\",\"url\":\"https:\/\/luxrentdubai.com\/wp-content\/uploads\/2025\/07\/cropped-logo_luxrent_black_background.png\",\"contentUrl\":\"https:\/\/luxrentdubai.com\/wp-content\/uploads\/2025\/07\/cropped-logo_luxrent_black_background.png\",\"width\":700,\"height\":465,\"caption\":\"Lux Rent Dubai\"},\"image\":{\"@id\":\"https:\/\/luxrentdubai.com\/#\/schema\/logo\/image\/\"}}]}<\/script>\n<!-- \/ Yoast SEO plugin. -->","yoast_head_json":{"title":"Ferrari 812 Novitec Spyder - Lux Rent Dubai","robots":{"index":"index","follow":"follow","max-snippet":"max-snippet:-1","max-image-preview":"max-image-preview:large","max-video-preview":"max-video-preview:-1"},"canonical":"https:\/\/luxrentdubai.com\/de\/produkt\/ferrari-812-novitec-spyder\/","og_locale":"de_DE","og_type":"article","og_title":"Ferrari 812 Novitec Spyder - Lux Rent Dubai","og_description":"Ferrari 812 GTS Novitec Spyder mieten in Dubai \u2013 erleben Sie Geschwindigkeit, Stil und Cabrio-Emotion Der Ferrari 812 GTS Novitec Spyder ist der ultimative Ausdruck von Ferraris V12-Cabrio-Performance \u2013 veredelt durch Novitecs individuelles Tuning. Mit seiner aggressiven Haltung, sportlicheren Felgen und aerodynamischen Karosseriekomponenten strahlt dieses seltene Meisterwerk pure Pr\u00e4senz aus. Die tiefergelegte Karosserie und das markante Design ziehen \u00fcberall die Blicke auf sich \u2013 dieser Wagen ist nicht nur schnell, er ist atemberaubend elegant. Unter der Haube arbeitet ein 6,5-Liter-V12-Saugmotor, der von Novitec auf beeindruckende 840 PS getunt wurde. Damit beschleunigt der 812 GTS Novitec Spyder in nur 2,8 Sekunden von 0 auf 100 km\/h und liefert eine G\u00e4nsehaut-bereitende Beschleunigung \u2013 begleitet vom unverwechselbaren Ferrari-Sound, der pure Emotionen weckt. Ob beim Cruisen entlang der JBR oder beim Beschleunigen auf der Sheikh Zayed Road \u2013 jede Fahrt ist ein Spektakel. Die Cabrio-Konfiguration verst\u00e4rkt das Fahrerlebnis, sodass Sie Dubais Skyline mit Wind im Haar genie\u00dfen k\u00f6nnen. Der Innenraum ist mit edlen Materialien und modernster Technologie ausgestattet und bietet sowohl Komfort als auch absolute Kontrolle. Dank der Performance-Upgrades von Novitec und Ferraris Ingenieurskunst verbindet dieses Cabrio Luxus, Stil und rohe Kraft in einzigartiger Weise. Technische Daten Baujahr: 2022 \u2022 Motor: V12, 6496 cm\u00b3 \u2022 Leistung: 840 PS \u2022 0\u2013100 km\/h: 2,8 Sekunden \u2022 Antrieb: Hinterrad \u2022 Getriebe: Automatik \u2022 T\u00fcren: 2 \u2022 Sitze: 2 \u2022 Gep\u00e4ck: 1x Handgep\u00e4ck Ausstattung Adaptiver Tempomat \u2022 Elektrische &amp; Ledersitze \u2022 Touchscreen-LCD \u2022 Apple CarPlay \u2022 Android Auto \u2022 R\u00fcckfahrkamera \u2022 Parksensoren \u2022 SRS-Airbags \u2022 Bluetooth \u2022 Premium-Soundsystem \u2022 USB-C \u2022 Digitales Head-Up-Display (HUD) \u2022 Totwinkel-Assistent \u2022 Klimaautomatik \u2022 und mehr","og_url":"https:\/\/luxrentdubai.com\/de\/produkt\/ferrari-812-novitec-spyder\/","og_site_name":"Lux Rent Dubai","article_modified_time":"2025-12-01T14:35:55+00:00","og_image":[{"width":1280,"height":1280,"url":"https:\/\/luxrentdubai.com\/wp-content\/uploads\/2025\/07\/ferrari-812-novitec-spyder-31-rotated.jpg","type":"image\/jpeg"}],"twitter_card":"summary_large_image","twitter_misc":{"Gesch\u00e4tzte Lesezeit":"2\u00a0Minuten"},"schema":{"@context":"https:\/\/schema.org","@graph":[{"@type":"WebPage","@id":"https:\/\/luxrentdubai.com\/de\/produkt\/ferrari-812-novitec-spyder\/","url":"https:\/\/luxrentdubai.com\/de\/produkt\/ferrari-812-novitec-spyder\/","name":"Ferrari 812 Novitec Spyder - Lux Rent Dubai","isPartOf":{"@id":"https:\/\/luxrentdubai.com\/#website"},"primaryImageOfPage":{"@id":"https:\/\/luxrentdubai.com\/de\/produkt\/ferrari-812-novitec-spyder\/#primaryimage"},"image":{"@id":"https:\/\/luxrentdubai.com\/de\/produkt\/ferrari-812-novitec-spyder\/#primaryimage"},"thumbnailUrl":"https:\/\/luxrentdubai.com\/wp-content\/uploads\/2025\/07\/ferrari-812-novitec-spyder.jpg","datePublished":"2025-07-28T21:26:41+00:00","dateModified":"2025-12-01T14:35:55+00:00","breadcrumb":{"@id":"https:\/\/luxrentdubai.com\/de\/produkt\/ferrari-812-novitec-spyder\/#breadcrumb"},"inLanguage":"de","potentialAction":[{"@type":"ReadAction","target":["https:\/\/luxrentdubai.com\/de\/produkt\/ferrari-812-novitec-spyder\/"]}]},{"@type":"ImageObject","inLanguage":"de","@id":"https:\/\/luxrentdubai.com\/de\/produkt\/ferrari-812-novitec-spyder\/#primaryimage","url":"https:\/\/luxrentdubai.com\/wp-content\/uploads\/2025\/07\/ferrari-812-novitec-spyder.jpg","contentUrl":"https:\/\/luxrentdubai.com\/wp-content\/uploads\/2025\/07\/ferrari-812-novitec-spyder.jpg","width":1200,"height":900},{"@type":"BreadcrumbList","@id":"https:\/\/luxrentdubai.com\/de\/produkt\/ferrari-812-novitec-spyder\/#breadcrumb","itemListElement":[{"@type":"ListItem","position":1,"name":"\u0413\u043b\u0430\u0432\u043d\u0430\u044f \u0441\u0442\u0440\u0430\u043d\u0438\u0446\u0430","item":"https:\/\/luxrentdubai.com\/de\/"},{"@type":"ListItem","position":2,"name":"Shop","item":"https:\/\/luxrentdubai.com\/de\/shop\/"},{"@type":"ListItem","position":3,"name":"Ferrari 812 Novitec Spyder"}]},{"@type":"WebSite","@id":"https:\/\/luxrentdubai.com\/#website","url":"https:\/\/luxrentdubai.com\/","name":"Lux Rent Dubai","description":"Sports cars and luxury cars rental in Dubai","publisher":{"@id":"https:\/\/luxrentdubai.com\/#organization"},"potentialAction":[{"@type":"SearchAction","target":{"@type":"EntryPoint","urlTemplate":"https:\/\/luxrentdubai.com\/?s={search_term_string}"},"query-input":{"@type":"PropertyValueSpecification","valueRequired":true,"valueName":"search_term_string"}}],"inLanguage":"de"},{"@type":"Organization","@id":"https:\/\/luxrentdubai.com\/#organization","name":"Lux Rent Dubai","url":"https:\/\/luxrentdubai.com\/","logo":{"@type":"ImageObject","inLanguage":"de","@id":"https:\/\/luxrentdubai.com\/#\/schema\/logo\/image\/","url":"https:\/\/luxrentdubai.com\/wp-content\/uploads\/2025\/07\/cropped-logo_luxrent_black_background.png","contentUrl":"https:\/\/luxrentdubai.com\/wp-content\/uploads\/2025\/07\/cropped-logo_luxrent_black_background.png","width":700,"height":465,"caption":"Lux Rent Dubai"},"image":{"@id":"https:\/\/luxrentdubai.com\/#\/schema\/logo\/image\/"}}]}},"_links":{"self":[{"href":"https:\/\/luxrentdubai.com\/de\/wp-json\/wp\/v2\/product\/9435","targetHints":{"allow":["GET"]}}],"collection":[{"href":"https:\/\/luxrentdubai.com\/de\/wp-json\/wp\/v2\/product"}],"about":[{"href":"https:\/\/luxrentdubai.com\/de\/wp-json\/wp\/v2\/types\/product"}],"replies":[{"embeddable":true,"href":"https:\/\/luxrentdubai.com\/de\/wp-json\/wp\/v2\/comments?post=9435"}],"wp:featuredmedia":[{"embeddable":true,"href":"https:\/\/luxrentdubai.com\/de\/wp-json\/wp\/v2\/media\/7864"}],"wp:attachment":[{"href":"https:\/\/luxrentdubai.com\/de\/wp-json\/wp\/v2\/media?parent=9435"}],"wp:term":[{"taxonomy":"product_brand","embeddable":true,"href":"https:\/\/luxrentdubai.com\/de\/wp-json\/wp\/v2\/product_brand?post=9435"},{"taxonomy":"product_cat","embeddable":true,"href":"https:\/\/luxrentdubai.com\/de\/wp-json\/wp\/v2\/product_cat?post=9435"},{"taxonomy":"product_tag","embeddable":true,"href":"https:\/\/luxrentdubai.com\/de\/wp-json\/wp\/v2\/product_tag?post=9435"}],"curies":[{"name":"wp","href":"https:\/\/api.w.org\/{rel}","templated":true}]}}