{"id":9450,"date":"2025-07-27T17:40:58","date_gmt":"2025-07-27T17:40:58","guid":{"rendered":"https:\/\/luxrentdubai.com\/product\/mercedes-g63-brabus-green\/"},"modified":"2025-12-01T15:31:48","modified_gmt":"2025-12-01T15:31:48","slug":"mercedes-g63-brabus-green","status":"publish","type":"product","link":"https:\/\/luxrentdubai.com\/de\/produkt\/mercedes-g63-brabus-green\/","title":{"rendered":"Mercedes G63 BRABUS Green"},"content":{"rendered":"<p data-start=\"164\" data-end=\"592\">Erleben Sie unvergleichliche Dominanz auf der Stra\u00dfe mit dem <strong data-start=\"216\" data-end=\"264\">Mercedes-Benz AMG G63 800<\/strong> Widestar by Brabus \u2013 einem High-Performance-SUV der Extraklasse, der extreme Power mit unverkennbarem Luxus vereint. Diese ma\u00dfgeschneiderte Brabus-Edition verwandelt die ikonische G-Klasse in ein k\u00fchnes automobilen Statement \u2013 mit aggressivem Widestar-Bodykit, verbreiterten Kotfl\u00fcgeln, individuellen Sto\u00dff\u00e4ngern und exklusiven Schmieder\u00e4dern, die \u00fcberall f\u00fcr Aufmerksamkeit sorgen.<\/p>\n<p data-start=\"594\" data-end=\"1022\">Unter dem markanten Exterieur verbirgt sich ein echtes Kraftpaket: ein von Brabus optimierter <strong data-start=\"713\" data-end=\"731\">4,0-Liter-V8-Biturbo-Motor mit atemberaubenden 800 PS<\/strong>, der dieses Biest in nur <strong data-start=\"782\" data-end=\"797\">4,1 Sekunden<\/strong> von 0 auf 100 km\/h beschleunigt. Ob Sie Dubais Stra\u00dfen erobern oder ins W\u00fcstengel\u00e4nde aufbrechen \u2013 der G63 Widestar bietet mit Allradantrieb und <strong data-start=\"964\" data-end=\"983\">Automatikgetriebe nahtlose<\/strong> Performance und <strong data-start=\"995\" data-end=\"1021\">h\u00f6chste Vielseitigkeit.<\/strong><\/p>\n<p data-start=\"1024\" data-end=\"1371\">Im Innenraum werden Sie von einem f\u00fcr Kenner geschaffenen Ambiente empfangen \u2013 mit hochwertiger, gesteppter Lederausstattung, handgefertigten Zierelementen und modernsten digitalen Interfaces. Entwickelt f\u00fcr maximalen Komfort und absolute Kontrolle, bietet der Brabus G63 ein Fahrerlebnis, das gleicherma\u00dfen aufregend wie edel ist \u2013 und Alltagstauglichkeit mit Supersportwagen-Performance verbindet.<\/p>\n<p data-start=\"1373\" data-end=\"1650\">Einen Mercedes-AMG G63 800 Widestar in Dubai zu mieten bedeutet, Ihren Status auf ein neues Niveau zu heben. Perfekt f\u00fcr VIP-Transfers, luxuri\u00f6se Events oder einfach, um die Spitze deutscher Ingenieurs- und Tuningkunst zu erleben \u2013 dies ist mehr als eine Miete, es ist eine unvergessliche Reise.<\/p>\n<p data-start=\"1657\" data-end=\"1853\"><strong data-start=\"1657\" data-end=\"1676\">Technische Daten<\/strong><br data-start=\"1676\" data-end=\"1679\" \/>Baujahr: 2022 \u2022 Farbe: Gr\u00fcn \u2022 Motor: V8, 3982 cm\u00b3 \u2022 Leistung: 800 PS \u2022 0\u2013100 km\/h: 4,1 Sekunden \u2022 Antrieb: Allrad \u2022 Getriebe: Automatik \u2022 T\u00fcren: 4 \u2022 Sitze: 5 \u2022 Gep\u00e4ck: 4 St\u00fcck<\/p>\n<p data-start=\"1855\" data-end=\"2232\"><strong data-start=\"1855\" data-end=\"1868\">Ausstattung<\/strong><br data-start=\"1868\" data-end=\"1871\" \/>Navigationssystem \u2022 Adaptiver Tempomat \u2022 Tempomat \u2022 Elektrische Sitze \u2022 Ledersitze \u2022 Klimaautomatik \u2022 Aktive Lenkung \u2022 USB-C \u2022 Touchscreen-LCD \u2022 Get\u00f6nte Scheiben \u2022 Apple CarPlay \u2022 Android Auto \u2022 Parkassistent \u2022 Parksensoren \u2022 R\u00fcckfahrkamera \u2022 Totwinkel-Assistent \u2022 SRS-Airbags \u2022 Bluetooth \u2022 Digitales Head-Up-Display (HUD) \u2022 Panorama-\/Schiebedach \u2022 Premium-Soundsystem<\/p>\n","protected":false},"excerpt":{"rendered":"<p data-start=\"164\" data-end=\"592\">Erleben Sie unvergleichliche Dominanz auf der Stra\u00dfe mit dem Mercedes-Benz AMG G63 800 Widestar by Brabus \u2013 einem High-Performance-SUV der Extraklasse, der extreme Power mit unverkennbarem Luxus vereint. Diese ma\u00dfgeschneiderte Brabus-Edition verwandelt die ikonische G-Klasse in ein k\u00fchnes automobilen Statement \u2013 mit aggressivem Widestar-Bodykit, verbreiterten Kotfl\u00fcgeln, individuellen Sto\u00dff\u00e4ngern und exklusiven Schmieder\u00e4dern, die \u00fcberall f\u00fcr Aufmerksamkeit sorgen.<\/p>\n<p data-start=\"594\" data-end=\"1022\">Unter dem markanten Exterieur verbirgt sich ein echtes Kraftpaket: ein von Brabus optimierter 4,0-Liter-V8-Biturbo-Motor mit atemberaubenden 800 PS, der dieses Biest in nur 4,1 Sekunden von 0 auf 100 km\/h beschleunigt. Ob Sie Dubais Stra\u00dfen erobern oder ins W\u00fcstengel\u00e4nde aufbrechen \u2013 der G63 Widestar bietet mit Allradantrieb und Automatikgetriebe nahtlose Performance und h\u00f6chste Vielseitigkeit.<\/p>\n<p data-start=\"1024\" data-end=\"1371\">Im Innenraum werden Sie von einem f\u00fcr Kenner geschaffenen Ambiente empfangen \u2013 mit hochwertiger, gesteppter Lederausstattung, handgefertigten Zierelementen und modernsten digitalen Interfaces. Entwickelt f\u00fcr maximalen Komfort und absolute Kontrolle, bietet der Brabus G63 ein Fahrerlebnis, das gleicherma\u00dfen aufregend wie edel ist \u2013 und Alltagstauglichkeit mit Supersportwagen-Performance verbindet.<\/p>\n<p data-start=\"1373\" data-end=\"1650\">Einen Mercedes-AMG G63 800 Widestar in Dubai zu mieten bedeutet, Ihren Status auf ein neues Niveau zu heben. Perfekt f\u00fcr VIP-Transfers, luxuri\u00f6se Events oder einfach, um die Spitze deutscher Ingenieurs- und Tuningkunst zu erleben \u2013 dies ist mehr als eine Miete, es ist eine unvergessliche Reise.<\/p>\n<p data-start=\"1657\" data-end=\"1853\">Technische Daten<br data-start=\"1676\" data-end=\"1679\" \/>Baujahr: 2022 \u2022 Farbe: Gr\u00fcn \u2022 Motor: V8, 3982 cm\u00b3 \u2022 Leistung: 800 PS \u2022 0\u2013100 km\/h: 4,1 Sekunden \u2022 Antrieb: Allrad \u2022 Getriebe: Automatik \u2022 T\u00fcren: 4 \u2022 Sitze: 5 \u2022 Gep\u00e4ck: 4 St\u00fcck<\/p>\n<p data-start=\"1855\" data-end=\"2232\">Ausstattung<br data-start=\"1868\" data-end=\"1871\" \/>Navigationssystem \u2022 Adaptiver Tempomat \u2022 Tempomat \u2022 Elektrische Sitze \u2022 Ledersitze \u2022 Klimaautomatik \u2022 Aktive Lenkung \u2022 USB-C \u2022 Touchscreen-LCD \u2022 Get\u00f6nte Scheiben \u2022 Apple CarPlay \u2022 Android Auto \u2022 Parkassistent \u2022 Parksensoren \u2022 R\u00fcckfahrkamera \u2022 Totwinkel-Assistent \u2022 SRS-Airbags \u2022 Bluetooth \u2022 Digitales Head-Up-Display (HUD) \u2022 Panorama-\/Schiebedach \u2022 Premium-Soundsystem<\/p>\n","protected":false},"featured_media":5521,"comment_status":"open","ping_status":"closed","template":"","meta":{"_acf_changed":false},"product_brand":[],"product_cat":[119],"product_tag":[],"class_list":{"0":"post-9450","1":"product","2":"type-product","3":"status-publish","4":"has-post-thumbnail","6":"product_cat-mercedes-de","8":"first","9":"instock","10":"shipping-taxable","11":"purchasable","12":"product-type-ovabrw_car_rental"},"acf":[],"yoast_head":"<!-- This site is optimized with the Yoast SEO plugin v26.8 - https:\/\/yoast.com\/product\/yoast-seo-wordpress\/ -->\n<title>Mercedes G63 BRABUS Green - Lux Rent Dubai<\/title>\n<meta name=\"robots\" content=\"index, follow, max-snippet:-1, max-image-preview:large, max-video-preview:-1\" \/>\n<link rel=\"canonical\" href=\"https:\/\/luxrentdubai.com\/de\/produkt\/mercedes-g63-brabus-green\/\" \/>\n<meta property=\"og:locale\" content=\"de_DE\" \/>\n<meta property=\"og:type\" content=\"article\" \/>\n<meta property=\"og:title\" content=\"Mercedes G63 BRABUS Green - Lux Rent Dubai\" \/>\n<meta property=\"og:description\" content=\"Erleben Sie unvergleichliche Dominanz auf der Stra\u00dfe mit dem Mercedes-Benz AMG G63 800 Widestar by Brabus \u2013 einem High-Performance-SUV der Extraklasse, der extreme Power mit unverkennbarem Luxus vereint. Diese ma\u00dfgeschneiderte Brabus-Edition verwandelt die ikonische G-Klasse in ein k\u00fchnes automobilen Statement \u2013 mit aggressivem Widestar-Bodykit, verbreiterten Kotfl\u00fcgeln, individuellen Sto\u00dff\u00e4ngern und exklusiven Schmieder\u00e4dern, die \u00fcberall f\u00fcr Aufmerksamkeit sorgen. Unter dem markanten Exterieur verbirgt sich ein echtes Kraftpaket: ein von Brabus optimierter 4,0-Liter-V8-Biturbo-Motor mit atemberaubenden 800 PS, der dieses Biest in nur 4,1 Sekunden von 0 auf 100 km\/h beschleunigt. Ob Sie Dubais Stra\u00dfen erobern oder ins W\u00fcstengel\u00e4nde aufbrechen \u2013 der G63 Widestar bietet mit Allradantrieb und Automatikgetriebe nahtlose Performance und h\u00f6chste Vielseitigkeit. Im Innenraum werden Sie von einem f\u00fcr Kenner geschaffenen Ambiente empfangen \u2013 mit hochwertiger, gesteppter Lederausstattung, handgefertigten Zierelementen und modernsten digitalen Interfaces. Entwickelt f\u00fcr maximalen Komfort und absolute Kontrolle, bietet der Brabus G63 ein Fahrerlebnis, das gleicherma\u00dfen aufregend wie edel ist \u2013 und Alltagstauglichkeit mit Supersportwagen-Performance verbindet. Einen Mercedes-AMG G63 800 Widestar in Dubai zu mieten bedeutet, Ihren Status auf ein neues Niveau zu heben. Perfekt f\u00fcr VIP-Transfers, luxuri\u00f6se Events oder einfach, um die Spitze deutscher Ingenieurs- und Tuningkunst zu erleben \u2013 dies ist mehr als eine Miete, es ist eine unvergessliche Reise. Technische DatenBaujahr: 2022 \u2022 Farbe: Gr\u00fcn \u2022 Motor: V8, 3982 cm\u00b3 \u2022 Leistung: 800 PS \u2022 0\u2013100 km\/h: 4,1 Sekunden \u2022 Antrieb: Allrad \u2022 Getriebe: Automatik \u2022 T\u00fcren: 4 \u2022 Sitze: 5 \u2022 Gep\u00e4ck: 4 St\u00fcck AusstattungNavigationssystem \u2022 Adaptiver Tempomat \u2022 Tempomat \u2022 Elektrische Sitze \u2022 Ledersitze \u2022 Klimaautomatik \u2022 Aktive Lenkung \u2022 USB-C \u2022 Touchscreen-LCD \u2022 Get\u00f6nte Scheiben \u2022 Apple CarPlay \u2022 Android Auto \u2022 Parkassistent \u2022 Parksensoren \u2022 R\u00fcckfahrkamera \u2022 Totwinkel-Assistent \u2022 SRS-Airbags \u2022 Bluetooth \u2022 Digitales Head-Up-Display (HUD) \u2022 Panorama-\/Schiebedach \u2022 Premium-Soundsystem\" \/>\n<meta property=\"og:url\" content=\"https:\/\/luxrentdubai.com\/de\/produkt\/mercedes-g63-brabus-green\/\" \/>\n<meta property=\"og:site_name\" content=\"Lux Rent Dubai\" \/>\n<meta property=\"article:modified_time\" content=\"2025-12-01T15:31:48+00:00\" \/>\n<meta property=\"og:image\" content=\"https:\/\/luxrentdubai.com\/wp-content\/uploads\/2025\/07\/mercedes-g63-brabus-green.jpg\" \/>\n\t<meta property=\"og:image:width\" content=\"2400\" \/>\n\t<meta property=\"og:image:height\" content=\"1800\" \/>\n\t<meta property=\"og:image:type\" content=\"image\/jpeg\" \/>\n<meta name=\"twitter:card\" content=\"summary_large_image\" \/>\n<meta name=\"twitter:label1\" content=\"Gesch\u00e4tzte Lesezeit\" \/>\n\t<meta name=\"twitter:data1\" content=\"2\u00a0Minuten\" \/>\n<script type=\"application\/ld+json\" class=\"yoast-schema-graph\">{\"@context\":\"https:\/\/schema.org\",\"@graph\":[{\"@type\":\"WebPage\",\"@id\":\"https:\/\/luxrentdubai.com\/de\/produkt\/mercedes-g63-brabus-green\/\",\"url\":\"https:\/\/luxrentdubai.com\/de\/produkt\/mercedes-g63-brabus-green\/\",\"name\":\"Mercedes G63 BRABUS Green - Lux Rent Dubai\",\"isPartOf\":{\"@id\":\"https:\/\/luxrentdubai.com\/#website\"},\"primaryImageOfPage\":{\"@id\":\"https:\/\/luxrentdubai.com\/de\/produkt\/mercedes-g63-brabus-green\/#primaryimage\"},\"image\":{\"@id\":\"https:\/\/luxrentdubai.com\/de\/produkt\/mercedes-g63-brabus-green\/#primaryimage\"},\"thumbnailUrl\":\"https:\/\/luxrentdubai.com\/wp-content\/uploads\/2025\/07\/mercedes-g63-brabus-green.jpg\",\"datePublished\":\"2025-07-27T17:40:58+00:00\",\"dateModified\":\"2025-12-01T15:31:48+00:00\",\"breadcrumb\":{\"@id\":\"https:\/\/luxrentdubai.com\/de\/produkt\/mercedes-g63-brabus-green\/#breadcrumb\"},\"inLanguage\":\"de\",\"potentialAction\":[{\"@type\":\"ReadAction\",\"target\":[\"https:\/\/luxrentdubai.com\/de\/produkt\/mercedes-g63-brabus-green\/\"]}]},{\"@type\":\"ImageObject\",\"inLanguage\":\"de\",\"@id\":\"https:\/\/luxrentdubai.com\/de\/produkt\/mercedes-g63-brabus-green\/#primaryimage\",\"url\":\"https:\/\/luxrentdubai.com\/wp-content\/uploads\/2025\/07\/mercedes-g63-brabus-green.jpg\",\"contentUrl\":\"https:\/\/luxrentdubai.com\/wp-content\/uploads\/2025\/07\/mercedes-g63-brabus-green.jpg\",\"width\":2400,\"height\":1800},{\"@type\":\"BreadcrumbList\",\"@id\":\"https:\/\/luxrentdubai.com\/de\/produkt\/mercedes-g63-brabus-green\/#breadcrumb\",\"itemListElement\":[{\"@type\":\"ListItem\",\"position\":1,\"name\":\"\u0413\u043b\u0430\u0432\u043d\u0430\u044f \u0441\u0442\u0440\u0430\u043d\u0438\u0446\u0430\",\"item\":\"https:\/\/luxrentdubai.com\/de\/\"},{\"@type\":\"ListItem\",\"position\":2,\"name\":\"Shop\",\"item\":\"https:\/\/luxrentdubai.com\/de\/shop\/\"},{\"@type\":\"ListItem\",\"position\":3,\"name\":\"Mercedes G63 BRABUS Green\"}]},{\"@type\":\"WebSite\",\"@id\":\"https:\/\/luxrentdubai.com\/#website\",\"url\":\"https:\/\/luxrentdubai.com\/\",\"name\":\"Lux Rent Dubai\",\"description\":\"Sports cars and luxury cars rental in Dubai\",\"publisher\":{\"@id\":\"https:\/\/luxrentdubai.com\/#organization\"},\"potentialAction\":[{\"@type\":\"SearchAction\",\"target\":{\"@type\":\"EntryPoint\",\"urlTemplate\":\"https:\/\/luxrentdubai.com\/?s={search_term_string}\"},\"query-input\":{\"@type\":\"PropertyValueSpecification\",\"valueRequired\":true,\"valueName\":\"search_term_string\"}}],\"inLanguage\":\"de\"},{\"@type\":\"Organization\",\"@id\":\"https:\/\/luxrentdubai.com\/#organization\",\"name\":\"Lux Rent Dubai\",\"url\":\"https:\/\/luxrentdubai.com\/\",\"logo\":{\"@type\":\"ImageObject\",\"inLanguage\":\"de\",\"@id\":\"https:\/\/luxrentdubai.com\/#\/schema\/logo\/image\/\",\"url\":\"https:\/\/luxrentdubai.com\/wp-content\/uploads\/2025\/07\/cropped-logo_luxrent_black_background.png\",\"contentUrl\":\"https:\/\/luxrentdubai.com\/wp-content\/uploads\/2025\/07\/cropped-logo_luxrent_black_background.png\",\"width\":700,\"height\":465,\"caption\":\"Lux Rent Dubai\"},\"image\":{\"@id\":\"https:\/\/luxrentdubai.com\/#\/schema\/logo\/image\/\"}}]}<\/script>\n<!-- \/ Yoast SEO plugin. -->","yoast_head_json":{"title":"Mercedes G63 BRABUS Green - Lux Rent Dubai","robots":{"index":"index","follow":"follow","max-snippet":"max-snippet:-1","max-image-preview":"max-image-preview:large","max-video-preview":"max-video-preview:-1"},"canonical":"https:\/\/luxrentdubai.com\/de\/produkt\/mercedes-g63-brabus-green\/","og_locale":"de_DE","og_type":"article","og_title":"Mercedes G63 BRABUS Green - Lux Rent Dubai","og_description":"Erleben Sie unvergleichliche Dominanz auf der Stra\u00dfe mit dem Mercedes-Benz AMG G63 800 Widestar by Brabus \u2013 einem High-Performance-SUV der Extraklasse, der extreme Power mit unverkennbarem Luxus vereint. Diese ma\u00dfgeschneiderte Brabus-Edition verwandelt die ikonische G-Klasse in ein k\u00fchnes automobilen Statement \u2013 mit aggressivem Widestar-Bodykit, verbreiterten Kotfl\u00fcgeln, individuellen Sto\u00dff\u00e4ngern und exklusiven Schmieder\u00e4dern, die \u00fcberall f\u00fcr Aufmerksamkeit sorgen. Unter dem markanten Exterieur verbirgt sich ein echtes Kraftpaket: ein von Brabus optimierter 4,0-Liter-V8-Biturbo-Motor mit atemberaubenden 800 PS, der dieses Biest in nur 4,1 Sekunden von 0 auf 100 km\/h beschleunigt. Ob Sie Dubais Stra\u00dfen erobern oder ins W\u00fcstengel\u00e4nde aufbrechen \u2013 der G63 Widestar bietet mit Allradantrieb und Automatikgetriebe nahtlose Performance und h\u00f6chste Vielseitigkeit. Im Innenraum werden Sie von einem f\u00fcr Kenner geschaffenen Ambiente empfangen \u2013 mit hochwertiger, gesteppter Lederausstattung, handgefertigten Zierelementen und modernsten digitalen Interfaces. Entwickelt f\u00fcr maximalen Komfort und absolute Kontrolle, bietet der Brabus G63 ein Fahrerlebnis, das gleicherma\u00dfen aufregend wie edel ist \u2013 und Alltagstauglichkeit mit Supersportwagen-Performance verbindet. Einen Mercedes-AMG G63 800 Widestar in Dubai zu mieten bedeutet, Ihren Status auf ein neues Niveau zu heben. Perfekt f\u00fcr VIP-Transfers, luxuri\u00f6se Events oder einfach, um die Spitze deutscher Ingenieurs- und Tuningkunst zu erleben \u2013 dies ist mehr als eine Miete, es ist eine unvergessliche Reise. Technische DatenBaujahr: 2022 \u2022 Farbe: Gr\u00fcn \u2022 Motor: V8, 3982 cm\u00b3 \u2022 Leistung: 800 PS \u2022 0\u2013100 km\/h: 4,1 Sekunden \u2022 Antrieb: Allrad \u2022 Getriebe: Automatik \u2022 T\u00fcren: 4 \u2022 Sitze: 5 \u2022 Gep\u00e4ck: 4 St\u00fcck AusstattungNavigationssystem \u2022 Adaptiver Tempomat \u2022 Tempomat \u2022 Elektrische Sitze \u2022 Ledersitze \u2022 Klimaautomatik \u2022 Aktive Lenkung \u2022 USB-C \u2022 Touchscreen-LCD \u2022 Get\u00f6nte Scheiben \u2022 Apple CarPlay \u2022 Android Auto \u2022 Parkassistent \u2022 Parksensoren \u2022 R\u00fcckfahrkamera \u2022 Totwinkel-Assistent \u2022 SRS-Airbags \u2022 Bluetooth \u2022 Digitales Head-Up-Display (HUD) \u2022 Panorama-\/Schiebedach \u2022 Premium-Soundsystem","og_url":"https:\/\/luxrentdubai.com\/de\/produkt\/mercedes-g63-brabus-green\/","og_site_name":"Lux Rent Dubai","article_modified_time":"2025-12-01T15:31:48+00:00","og_image":[{"width":2400,"height":1800,"url":"https:\/\/luxrentdubai.com\/wp-content\/uploads\/2025\/07\/mercedes-g63-brabus-green.jpg","type":"image\/jpeg"}],"twitter_card":"summary_large_image","twitter_misc":{"Gesch\u00e4tzte Lesezeit":"2\u00a0Minuten"},"schema":{"@context":"https:\/\/schema.org","@graph":[{"@type":"WebPage","@id":"https:\/\/luxrentdubai.com\/de\/produkt\/mercedes-g63-brabus-green\/","url":"https:\/\/luxrentdubai.com\/de\/produkt\/mercedes-g63-brabus-green\/","name":"Mercedes G63 BRABUS Green - Lux Rent Dubai","isPartOf":{"@id":"https:\/\/luxrentdubai.com\/#website"},"primaryImageOfPage":{"@id":"https:\/\/luxrentdubai.com\/de\/produkt\/mercedes-g63-brabus-green\/#primaryimage"},"image":{"@id":"https:\/\/luxrentdubai.com\/de\/produkt\/mercedes-g63-brabus-green\/#primaryimage"},"thumbnailUrl":"https:\/\/luxrentdubai.com\/wp-content\/uploads\/2025\/07\/mercedes-g63-brabus-green.jpg","datePublished":"2025-07-27T17:40:58+00:00","dateModified":"2025-12-01T15:31:48+00:00","breadcrumb":{"@id":"https:\/\/luxrentdubai.com\/de\/produkt\/mercedes-g63-brabus-green\/#breadcrumb"},"inLanguage":"de","potentialAction":[{"@type":"ReadAction","target":["https:\/\/luxrentdubai.com\/de\/produkt\/mercedes-g63-brabus-green\/"]}]},{"@type":"ImageObject","inLanguage":"de","@id":"https:\/\/luxrentdubai.com\/de\/produkt\/mercedes-g63-brabus-green\/#primaryimage","url":"https:\/\/luxrentdubai.com\/wp-content\/uploads\/2025\/07\/mercedes-g63-brabus-green.jpg","contentUrl":"https:\/\/luxrentdubai.com\/wp-content\/uploads\/2025\/07\/mercedes-g63-brabus-green.jpg","width":2400,"height":1800},{"@type":"BreadcrumbList","@id":"https:\/\/luxrentdubai.com\/de\/produkt\/mercedes-g63-brabus-green\/#breadcrumb","itemListElement":[{"@type":"ListItem","position":1,"name":"\u0413\u043b\u0430\u0432\u043d\u0430\u044f \u0441\u0442\u0440\u0430\u043d\u0438\u0446\u0430","item":"https:\/\/luxrentdubai.com\/de\/"},{"@type":"ListItem","position":2,"name":"Shop","item":"https:\/\/luxrentdubai.com\/de\/shop\/"},{"@type":"ListItem","position":3,"name":"Mercedes G63 BRABUS Green"}]},{"@type":"WebSite","@id":"https:\/\/luxrentdubai.com\/#website","url":"https:\/\/luxrentdubai.com\/","name":"Lux Rent Dubai","description":"Sports cars and luxury cars rental in Dubai","publisher":{"@id":"https:\/\/luxrentdubai.com\/#organization"},"potentialAction":[{"@type":"SearchAction","target":{"@type":"EntryPoint","urlTemplate":"https:\/\/luxrentdubai.com\/?s={search_term_string}"},"query-input":{"@type":"PropertyValueSpecification","valueRequired":true,"valueName":"search_term_string"}}],"inLanguage":"de"},{"@type":"Organization","@id":"https:\/\/luxrentdubai.com\/#organization","name":"Lux Rent Dubai","url":"https:\/\/luxrentdubai.com\/","logo":{"@type":"ImageObject","inLanguage":"de","@id":"https:\/\/luxrentdubai.com\/#\/schema\/logo\/image\/","url":"https:\/\/luxrentdubai.com\/wp-content\/uploads\/2025\/07\/cropped-logo_luxrent_black_background.png","contentUrl":"https:\/\/luxrentdubai.com\/wp-content\/uploads\/2025\/07\/cropped-logo_luxrent_black_background.png","width":700,"height":465,"caption":"Lux Rent Dubai"},"image":{"@id":"https:\/\/luxrentdubai.com\/#\/schema\/logo\/image\/"}}]}},"_links":{"self":[{"href":"https:\/\/luxrentdubai.com\/de\/wp-json\/wp\/v2\/product\/9450","targetHints":{"allow":["GET"]}}],"collection":[{"href":"https:\/\/luxrentdubai.com\/de\/wp-json\/wp\/v2\/product"}],"about":[{"href":"https:\/\/luxrentdubai.com\/de\/wp-json\/wp\/v2\/types\/product"}],"replies":[{"embeddable":true,"href":"https:\/\/luxrentdubai.com\/de\/wp-json\/wp\/v2\/comments?post=9450"}],"wp:featuredmedia":[{"embeddable":true,"href":"https:\/\/luxrentdubai.com\/de\/wp-json\/wp\/v2\/media\/5521"}],"wp:attachment":[{"href":"https:\/\/luxrentdubai.com\/de\/wp-json\/wp\/v2\/media?parent=9450"}],"wp:term":[{"taxonomy":"product_brand","embeddable":true,"href":"https:\/\/luxrentdubai.com\/de\/wp-json\/wp\/v2\/product_brand?post=9450"},{"taxonomy":"product_cat","embeddable":true,"href":"https:\/\/luxrentdubai.com\/de\/wp-json\/wp\/v2\/product_cat?post=9450"},{"taxonomy":"product_tag","embeddable":true,"href":"https:\/\/luxrentdubai.com\/de\/wp-json\/wp\/v2\/product_tag?post=9450"}],"curies":[{"name":"wp","href":"https:\/\/api.w.org\/{rel}","templated":true}]}}