{"id":9451,"date":"2025-07-27T17:40:58","date_gmt":"2025-07-27T17:40:58","guid":{"rendered":"https:\/\/luxrentdubai.com\/product\/mercedes-g63-amg-white\/"},"modified":"2025-12-01T15:28:50","modified_gmt":"2025-12-01T15:28:50","slug":"mercedes-g63-amg-white","status":"publish","type":"product","link":"https:\/\/luxrentdubai.com\/de\/produkt\/mercedes-g63-amg-white\/","title":{"rendered":"Mercedes G63 AMG White"},"content":{"rendered":"<p data-start=\"162\" data-end=\"240\"><strong data-start=\"162\" data-end=\"240\">Erleben Sie unvergleichliche Power und Eleganz mit dem Mercedes G63 AMG in Dubai<\/strong><\/p>\n<p data-start=\"242\" data-end=\"734\">Beherrschen Sie die Stra\u00dfen \u2013 oder verlassen Sie sie \u2013 mit dem ikonischen Mercedes G63 AMG, einem Luxus-SUV f\u00fcr alle, die rohe Kraft und raffinierte Eleganz zugleich verlangen. In makellosem Wei\u00df lackiert und angetrieben von einem brachialen 4,0-Liter-V8-Biturbo-Motor, entfesselt dieser G63 (Baujahr 2021) 577 PS und beschleunigt in nur 4,5 Sekunden von 0 auf 100 km\/h. Ob beim Cruisen durch die City oder beim Erobern von W\u00fcstengel\u00e4nde \u2013 der G63 AMG liefert aufregende Performance, ohne auf Komfort zu verzichten.<\/p>\n<p data-start=\"736\" data-end=\"1120\">Im Innenraum erwarten Sie h\u00f6chste Handwerkskunst und modernste Technologie. Premium-Nappa-Leder, fortschrittliche Klimaautomatik und eine Vielzahl intuitiver digitaler Systeme schaffen ein Umfeld, das gleicherma\u00dfen luxuri\u00f6s wie fahrerorientiert ist. Mit seiner ger\u00e4umigen F\u00fcnfsitzer-Konfiguration und gro\u00dfz\u00fcgigem Stauraum ist er perfekt f\u00fcr luxuri\u00f6se City-Trips ebenso wie f\u00fcr adrenalingeladene Offroad-Abenteuer.<\/p>\n<p data-start=\"1122\" data-end=\"1303\">Einen Mercedes G63 AMG in Dubai zu mieten bedeutet, ein Statement von Power, Prestige und Vielseitigkeit zu setzen. Machen Sie Ihre n\u00e4chste Reise unvergesslich \u2013 mit diesem Meisterwerk deutscher Ingenieurskunst.<\/p>\n<p data-start=\"1310\" data-end=\"1508\"><strong data-start=\"1310\" data-end=\"1329\">Technische Daten<\/strong><br data-start=\"1329\" data-end=\"1332\" \/>Baujahr: 2021 \u2022 Farbe: Wei\u00df \u2022 Motor: V8, 3982 cm\u00b3 \u2022 Leistung: 577 PS \u2022 0\u2013100 km\/h: 4,5 Sekunden \u2022 Antrieb: Allrad \u2022 Getriebe: Automatik \u2022 T\u00fcren: 4 \u2022 Sitze: 5 \u2022 Gep\u00e4ck: 3\u20134 St\u00fcck<\/p>\n<p data-start=\"1510\" data-end=\"1887\"><strong data-start=\"1510\" data-end=\"1523\">Ausstattung<\/strong><br data-start=\"1523\" data-end=\"1526\" \/>Navigationssystem \u2022 Adaptiver Tempomat \u2022 Tempomat \u2022 Elektrische Sitze \u2022 Ledersitze \u2022 Klimaautomatik \u2022 Aktive Lenkung \u2022 USB-C \u2022 Touchscreen-LCD \u2022 Get\u00f6nte Scheiben \u2022 Apple CarPlay \u2022 Android Auto \u2022 Parkassistent \u2022 Parksensoren \u2022 R\u00fcckfahrkamera \u2022 Totwinkel-Assistent \u2022 SRS-Airbags \u2022 Bluetooth \u2022 Digitales Head-Up-Display (HUD) \u2022 Panorama-\/Schiebedach \u2022 Premium-Soundsystem<\/p>\n","protected":false},"excerpt":{"rendered":"<p data-start=\"162\" data-end=\"240\"><strong data-start=\"162\" data-end=\"240\">Erleben Sie unvergleichliche Power und Eleganz mit dem Mercedes G63 AMG in Dubai<\/strong><\/p>\n<p data-start=\"242\" data-end=\"734\">Beherrschen Sie die Stra\u00dfen \u2013 oder verlassen Sie sie \u2013 mit dem ikonischen Mercedes G63 AMG, einem Luxus-SUV f\u00fcr alle, die rohe Kraft und raffinierte Eleganz zugleich verlangen. In makellosem Wei\u00df lackiert und angetrieben von einem brachialen 4,0-Liter-V8-Biturbo-Motor, entfesselt dieser G63 (Baujahr 2021) 577 PS und beschleunigt in nur 4,5 Sekunden von 0 auf 100 km\/h. Ob beim Cruisen durch die City oder beim Erobern von W\u00fcstengel\u00e4nde \u2013 der G63 AMG liefert aufregende Performance, ohne auf Komfort zu verzichten.<\/p>\n<p data-start=\"736\" data-end=\"1120\">Im Innenraum erwarten Sie h\u00f6chste Handwerkskunst und modernste Technologie. Premium-Nappa-Leder, fortschrittliche Klimaautomatik und eine Vielzahl intuitiver digitaler Systeme schaffen ein Umfeld, das gleicherma\u00dfen luxuri\u00f6s wie fahrerorientiert ist. Mit seiner ger\u00e4umigen F\u00fcnfsitzer-Konfiguration und gro\u00dfz\u00fcgigem Stauraum ist er perfekt f\u00fcr luxuri\u00f6se City-Trips ebenso wie f\u00fcr adrenalingeladene Offroad-Abenteuer.<\/p>\n<p data-start=\"1122\" data-end=\"1303\">Einen Mercedes G63 AMG in Dubai zu mieten bedeutet, ein Statement von Power, Prestige und Vielseitigkeit zu setzen. Machen Sie Ihre n\u00e4chste Reise unvergesslich \u2013 mit diesem Meisterwerk deutscher Ingenieurskunst.<\/p>\n<p data-start=\"1310\" data-end=\"1508\"><strong data-start=\"1310\" data-end=\"1329\">Technische Daten<\/strong><br data-start=\"1329\" data-end=\"1332\" \/>Baujahr: 2021 \u2022 Farbe: Wei\u00df \u2022 Motor: V8, 3982 cm\u00b3 \u2022 Leistung: 577 PS \u2022 0\u2013100 km\/h: 4,5 Sekunden \u2022 Antrieb: Allrad \u2022 Getriebe: Automatik \u2022 T\u00fcren: 4 \u2022 Sitze: 5 \u2022 Gep\u00e4ck: 3\u20134 St\u00fcck<\/p>\n<p data-start=\"1510\" data-end=\"1887\"><strong data-start=\"1510\" data-end=\"1523\">Ausstattung:<\/strong><br data-start=\"1523\" data-end=\"1526\" \/>Navigationssystem \u2022 Adaptiver Tempomat \u2022 Tempomat \u2022 Elektrische Sitze \u2022 Ledersitze \u2022 Klimaautomatik \u2022 Aktive Lenkung \u2022 USB-C \u2022 Touchscreen-LCD \u2022 Get\u00f6nte Scheiben \u2022 Apple CarPlay \u2022 Android Auto \u2022 Parkassistent \u2022 Parksensoren \u2022 R\u00fcckfahrkamera \u2022 Totwinkel-Assistent \u2022 SRS-Airbags \u2022 Bluetooth \u2022 Digitales Head-Up-Display (HUD) \u2022 Panorama-\/Schiebedach \u2022 Premium-Soundsystem<\/p>\n","protected":false},"featured_media":5594,"comment_status":"open","ping_status":"closed","template":"","meta":{"_acf_changed":false},"product_brand":[],"product_cat":[119],"product_tag":[],"class_list":{"0":"post-9451","1":"product","2":"type-product","3":"status-publish","4":"has-post-thumbnail","6":"product_cat-mercedes-de","8":"first","9":"instock","10":"shipping-taxable","11":"purchasable","12":"product-type-ovabrw_car_rental"},"acf":[],"yoast_head":"<!-- This site is optimized with the Yoast SEO plugin v26.8 - https:\/\/yoast.com\/product\/yoast-seo-wordpress\/ -->\n<title>Mercedes G63 AMG White - Lux Rent Dubai<\/title>\n<meta name=\"robots\" content=\"index, follow, max-snippet:-1, max-image-preview:large, max-video-preview:-1\" \/>\n<link rel=\"canonical\" href=\"https:\/\/luxrentdubai.com\/de\/produkt\/mercedes-g63-amg-white\/\" \/>\n<meta property=\"og:locale\" content=\"de_DE\" \/>\n<meta property=\"og:type\" content=\"article\" \/>\n<meta property=\"og:title\" content=\"Mercedes G63 AMG White - Lux Rent Dubai\" \/>\n<meta property=\"og:description\" content=\"Erleben Sie unvergleichliche Power und Eleganz mit dem Mercedes G63 AMG in Dubai Beherrschen Sie die Stra\u00dfen \u2013 oder verlassen Sie sie \u2013 mit dem ikonischen Mercedes G63 AMG, einem Luxus-SUV f\u00fcr alle, die rohe Kraft und raffinierte Eleganz zugleich verlangen. In makellosem Wei\u00df lackiert und angetrieben von einem brachialen 4,0-Liter-V8-Biturbo-Motor, entfesselt dieser G63 (Baujahr 2021) 577 PS und beschleunigt in nur 4,5 Sekunden von 0 auf 100 km\/h. Ob beim Cruisen durch die City oder beim Erobern von W\u00fcstengel\u00e4nde \u2013 der G63 AMG liefert aufregende Performance, ohne auf Komfort zu verzichten. Im Innenraum erwarten Sie h\u00f6chste Handwerkskunst und modernste Technologie. Premium-Nappa-Leder, fortschrittliche Klimaautomatik und eine Vielzahl intuitiver digitaler Systeme schaffen ein Umfeld, das gleicherma\u00dfen luxuri\u00f6s wie fahrerorientiert ist. Mit seiner ger\u00e4umigen F\u00fcnfsitzer-Konfiguration und gro\u00dfz\u00fcgigem Stauraum ist er perfekt f\u00fcr luxuri\u00f6se City-Trips ebenso wie f\u00fcr adrenalingeladene Offroad-Abenteuer. Einen Mercedes G63 AMG in Dubai zu mieten bedeutet, ein Statement von Power, Prestige und Vielseitigkeit zu setzen. Machen Sie Ihre n\u00e4chste Reise unvergesslich \u2013 mit diesem Meisterwerk deutscher Ingenieurskunst. Technische DatenBaujahr: 2021 \u2022 Farbe: Wei\u00df \u2022 Motor: V8, 3982 cm\u00b3 \u2022 Leistung: 577 PS \u2022 0\u2013100 km\/h: 4,5 Sekunden \u2022 Antrieb: Allrad \u2022 Getriebe: Automatik \u2022 T\u00fcren: 4 \u2022 Sitze: 5 \u2022 Gep\u00e4ck: 3\u20134 St\u00fcck Ausstattung:Navigationssystem \u2022 Adaptiver Tempomat \u2022 Tempomat \u2022 Elektrische Sitze \u2022 Ledersitze \u2022 Klimaautomatik \u2022 Aktive Lenkung \u2022 USB-C \u2022 Touchscreen-LCD \u2022 Get\u00f6nte Scheiben \u2022 Apple CarPlay \u2022 Android Auto \u2022 Parkassistent \u2022 Parksensoren \u2022 R\u00fcckfahrkamera \u2022 Totwinkel-Assistent \u2022 SRS-Airbags \u2022 Bluetooth \u2022 Digitales Head-Up-Display (HUD) \u2022 Panorama-\/Schiebedach \u2022 Premium-Soundsystem\" \/>\n<meta property=\"og:url\" content=\"https:\/\/luxrentdubai.com\/de\/produkt\/mercedes-g63-amg-white\/\" \/>\n<meta property=\"og:site_name\" content=\"Lux Rent Dubai\" \/>\n<meta property=\"article:modified_time\" content=\"2025-12-01T15:28:50+00:00\" \/>\n<meta property=\"og:image\" content=\"https:\/\/luxrentdubai.com\/wp-content\/uploads\/2025\/07\/mercedes-g63-amg-white.jpg\" \/>\n\t<meta property=\"og:image:width\" content=\"1600\" \/>\n\t<meta property=\"og:image:height\" content=\"1242\" \/>\n\t<meta property=\"og:image:type\" content=\"image\/jpeg\" \/>\n<meta name=\"twitter:card\" content=\"summary_large_image\" \/>\n<meta name=\"twitter:label1\" content=\"Gesch\u00e4tzte Lesezeit\" \/>\n\t<meta name=\"twitter:data1\" content=\"2\u00a0Minuten\" \/>\n<script type=\"application\/ld+json\" class=\"yoast-schema-graph\">{\"@context\":\"https:\/\/schema.org\",\"@graph\":[{\"@type\":\"WebPage\",\"@id\":\"https:\/\/luxrentdubai.com\/de\/produkt\/mercedes-g63-amg-white\/\",\"url\":\"https:\/\/luxrentdubai.com\/de\/produkt\/mercedes-g63-amg-white\/\",\"name\":\"Mercedes G63 AMG White - Lux Rent Dubai\",\"isPartOf\":{\"@id\":\"https:\/\/luxrentdubai.com\/#website\"},\"primaryImageOfPage\":{\"@id\":\"https:\/\/luxrentdubai.com\/de\/produkt\/mercedes-g63-amg-white\/#primaryimage\"},\"image\":{\"@id\":\"https:\/\/luxrentdubai.com\/de\/produkt\/mercedes-g63-amg-white\/#primaryimage\"},\"thumbnailUrl\":\"https:\/\/luxrentdubai.com\/wp-content\/uploads\/2025\/07\/mercedes-g63-amg-white.jpg\",\"datePublished\":\"2025-07-27T17:40:58+00:00\",\"dateModified\":\"2025-12-01T15:28:50+00:00\",\"breadcrumb\":{\"@id\":\"https:\/\/luxrentdubai.com\/de\/produkt\/mercedes-g63-amg-white\/#breadcrumb\"},\"inLanguage\":\"de\",\"potentialAction\":[{\"@type\":\"ReadAction\",\"target\":[\"https:\/\/luxrentdubai.com\/de\/produkt\/mercedes-g63-amg-white\/\"]}]},{\"@type\":\"ImageObject\",\"inLanguage\":\"de\",\"@id\":\"https:\/\/luxrentdubai.com\/de\/produkt\/mercedes-g63-amg-white\/#primaryimage\",\"url\":\"https:\/\/luxrentdubai.com\/wp-content\/uploads\/2025\/07\/mercedes-g63-amg-white.jpg\",\"contentUrl\":\"https:\/\/luxrentdubai.com\/wp-content\/uploads\/2025\/07\/mercedes-g63-amg-white.jpg\",\"width\":1600,\"height\":1242},{\"@type\":\"BreadcrumbList\",\"@id\":\"https:\/\/luxrentdubai.com\/de\/produkt\/mercedes-g63-amg-white\/#breadcrumb\",\"itemListElement\":[{\"@type\":\"ListItem\",\"position\":1,\"name\":\"\u0413\u043b\u0430\u0432\u043d\u0430\u044f \u0441\u0442\u0440\u0430\u043d\u0438\u0446\u0430\",\"item\":\"https:\/\/luxrentdubai.com\/de\/\"},{\"@type\":\"ListItem\",\"position\":2,\"name\":\"Shop\",\"item\":\"https:\/\/luxrentdubai.com\/de\/shop\/\"},{\"@type\":\"ListItem\",\"position\":3,\"name\":\"Mercedes G63 AMG White\"}]},{\"@type\":\"WebSite\",\"@id\":\"https:\/\/luxrentdubai.com\/#website\",\"url\":\"https:\/\/luxrentdubai.com\/\",\"name\":\"Lux Rent Dubai\",\"description\":\"Sports cars and luxury cars rental in Dubai\",\"publisher\":{\"@id\":\"https:\/\/luxrentdubai.com\/#organization\"},\"potentialAction\":[{\"@type\":\"SearchAction\",\"target\":{\"@type\":\"EntryPoint\",\"urlTemplate\":\"https:\/\/luxrentdubai.com\/?s={search_term_string}\"},\"query-input\":{\"@type\":\"PropertyValueSpecification\",\"valueRequired\":true,\"valueName\":\"search_term_string\"}}],\"inLanguage\":\"de\"},{\"@type\":\"Organization\",\"@id\":\"https:\/\/luxrentdubai.com\/#organization\",\"name\":\"Lux Rent Dubai\",\"url\":\"https:\/\/luxrentdubai.com\/\",\"logo\":{\"@type\":\"ImageObject\",\"inLanguage\":\"de\",\"@id\":\"https:\/\/luxrentdubai.com\/#\/schema\/logo\/image\/\",\"url\":\"https:\/\/luxrentdubai.com\/wp-content\/uploads\/2025\/07\/cropped-logo_luxrent_black_background.png\",\"contentUrl\":\"https:\/\/luxrentdubai.com\/wp-content\/uploads\/2025\/07\/cropped-logo_luxrent_black_background.png\",\"width\":700,\"height\":465,\"caption\":\"Lux Rent Dubai\"},\"image\":{\"@id\":\"https:\/\/luxrentdubai.com\/#\/schema\/logo\/image\/\"}}]}<\/script>\n<!-- \/ Yoast SEO plugin. -->","yoast_head_json":{"title":"Mercedes G63 AMG White - Lux Rent Dubai","robots":{"index":"index","follow":"follow","max-snippet":"max-snippet:-1","max-image-preview":"max-image-preview:large","max-video-preview":"max-video-preview:-1"},"canonical":"https:\/\/luxrentdubai.com\/de\/produkt\/mercedes-g63-amg-white\/","og_locale":"de_DE","og_type":"article","og_title":"Mercedes G63 AMG White - Lux Rent Dubai","og_description":"Erleben Sie unvergleichliche Power und Eleganz mit dem Mercedes G63 AMG in Dubai Beherrschen Sie die Stra\u00dfen \u2013 oder verlassen Sie sie \u2013 mit dem ikonischen Mercedes G63 AMG, einem Luxus-SUV f\u00fcr alle, die rohe Kraft und raffinierte Eleganz zugleich verlangen. In makellosem Wei\u00df lackiert und angetrieben von einem brachialen 4,0-Liter-V8-Biturbo-Motor, entfesselt dieser G63 (Baujahr 2021) 577 PS und beschleunigt in nur 4,5 Sekunden von 0 auf 100 km\/h. Ob beim Cruisen durch die City oder beim Erobern von W\u00fcstengel\u00e4nde \u2013 der G63 AMG liefert aufregende Performance, ohne auf Komfort zu verzichten. Im Innenraum erwarten Sie h\u00f6chste Handwerkskunst und modernste Technologie. Premium-Nappa-Leder, fortschrittliche Klimaautomatik und eine Vielzahl intuitiver digitaler Systeme schaffen ein Umfeld, das gleicherma\u00dfen luxuri\u00f6s wie fahrerorientiert ist. Mit seiner ger\u00e4umigen F\u00fcnfsitzer-Konfiguration und gro\u00dfz\u00fcgigem Stauraum ist er perfekt f\u00fcr luxuri\u00f6se City-Trips ebenso wie f\u00fcr adrenalingeladene Offroad-Abenteuer. Einen Mercedes G63 AMG in Dubai zu mieten bedeutet, ein Statement von Power, Prestige und Vielseitigkeit zu setzen. Machen Sie Ihre n\u00e4chste Reise unvergesslich \u2013 mit diesem Meisterwerk deutscher Ingenieurskunst. Technische DatenBaujahr: 2021 \u2022 Farbe: Wei\u00df \u2022 Motor: V8, 3982 cm\u00b3 \u2022 Leistung: 577 PS \u2022 0\u2013100 km\/h: 4,5 Sekunden \u2022 Antrieb: Allrad \u2022 Getriebe: Automatik \u2022 T\u00fcren: 4 \u2022 Sitze: 5 \u2022 Gep\u00e4ck: 3\u20134 St\u00fcck Ausstattung:Navigationssystem \u2022 Adaptiver Tempomat \u2022 Tempomat \u2022 Elektrische Sitze \u2022 Ledersitze \u2022 Klimaautomatik \u2022 Aktive Lenkung \u2022 USB-C \u2022 Touchscreen-LCD \u2022 Get\u00f6nte Scheiben \u2022 Apple CarPlay \u2022 Android Auto \u2022 Parkassistent \u2022 Parksensoren \u2022 R\u00fcckfahrkamera \u2022 Totwinkel-Assistent \u2022 SRS-Airbags \u2022 Bluetooth \u2022 Digitales Head-Up-Display (HUD) \u2022 Panorama-\/Schiebedach \u2022 Premium-Soundsystem","og_url":"https:\/\/luxrentdubai.com\/de\/produkt\/mercedes-g63-amg-white\/","og_site_name":"Lux Rent Dubai","article_modified_time":"2025-12-01T15:28:50+00:00","og_image":[{"width":1600,"height":1242,"url":"https:\/\/luxrentdubai.com\/wp-content\/uploads\/2025\/07\/mercedes-g63-amg-white.jpg","type":"image\/jpeg"}],"twitter_card":"summary_large_image","twitter_misc":{"Gesch\u00e4tzte Lesezeit":"2\u00a0Minuten"},"schema":{"@context":"https:\/\/schema.org","@graph":[{"@type":"WebPage","@id":"https:\/\/luxrentdubai.com\/de\/produkt\/mercedes-g63-amg-white\/","url":"https:\/\/luxrentdubai.com\/de\/produkt\/mercedes-g63-amg-white\/","name":"Mercedes G63 AMG White - Lux Rent Dubai","isPartOf":{"@id":"https:\/\/luxrentdubai.com\/#website"},"primaryImageOfPage":{"@id":"https:\/\/luxrentdubai.com\/de\/produkt\/mercedes-g63-amg-white\/#primaryimage"},"image":{"@id":"https:\/\/luxrentdubai.com\/de\/produkt\/mercedes-g63-amg-white\/#primaryimage"},"thumbnailUrl":"https:\/\/luxrentdubai.com\/wp-content\/uploads\/2025\/07\/mercedes-g63-amg-white.jpg","datePublished":"2025-07-27T17:40:58+00:00","dateModified":"2025-12-01T15:28:50+00:00","breadcrumb":{"@id":"https:\/\/luxrentdubai.com\/de\/produkt\/mercedes-g63-amg-white\/#breadcrumb"},"inLanguage":"de","potentialAction":[{"@type":"ReadAction","target":["https:\/\/luxrentdubai.com\/de\/produkt\/mercedes-g63-amg-white\/"]}]},{"@type":"ImageObject","inLanguage":"de","@id":"https:\/\/luxrentdubai.com\/de\/produkt\/mercedes-g63-amg-white\/#primaryimage","url":"https:\/\/luxrentdubai.com\/wp-content\/uploads\/2025\/07\/mercedes-g63-amg-white.jpg","contentUrl":"https:\/\/luxrentdubai.com\/wp-content\/uploads\/2025\/07\/mercedes-g63-amg-white.jpg","width":1600,"height":1242},{"@type":"BreadcrumbList","@id":"https:\/\/luxrentdubai.com\/de\/produkt\/mercedes-g63-amg-white\/#breadcrumb","itemListElement":[{"@type":"ListItem","position":1,"name":"\u0413\u043b\u0430\u0432\u043d\u0430\u044f \u0441\u0442\u0440\u0430\u043d\u0438\u0446\u0430","item":"https:\/\/luxrentdubai.com\/de\/"},{"@type":"ListItem","position":2,"name":"Shop","item":"https:\/\/luxrentdubai.com\/de\/shop\/"},{"@type":"ListItem","position":3,"name":"Mercedes G63 AMG White"}]},{"@type":"WebSite","@id":"https:\/\/luxrentdubai.com\/#website","url":"https:\/\/luxrentdubai.com\/","name":"Lux Rent Dubai","description":"Sports cars and luxury cars rental in Dubai","publisher":{"@id":"https:\/\/luxrentdubai.com\/#organization"},"potentialAction":[{"@type":"SearchAction","target":{"@type":"EntryPoint","urlTemplate":"https:\/\/luxrentdubai.com\/?s={search_term_string}"},"query-input":{"@type":"PropertyValueSpecification","valueRequired":true,"valueName":"search_term_string"}}],"inLanguage":"de"},{"@type":"Organization","@id":"https:\/\/luxrentdubai.com\/#organization","name":"Lux Rent Dubai","url":"https:\/\/luxrentdubai.com\/","logo":{"@type":"ImageObject","inLanguage":"de","@id":"https:\/\/luxrentdubai.com\/#\/schema\/logo\/image\/","url":"https:\/\/luxrentdubai.com\/wp-content\/uploads\/2025\/07\/cropped-logo_luxrent_black_background.png","contentUrl":"https:\/\/luxrentdubai.com\/wp-content\/uploads\/2025\/07\/cropped-logo_luxrent_black_background.png","width":700,"height":465,"caption":"Lux Rent Dubai"},"image":{"@id":"https:\/\/luxrentdubai.com\/#\/schema\/logo\/image\/"}}]}},"_links":{"self":[{"href":"https:\/\/luxrentdubai.com\/de\/wp-json\/wp\/v2\/product\/9451","targetHints":{"allow":["GET"]}}],"collection":[{"href":"https:\/\/luxrentdubai.com\/de\/wp-json\/wp\/v2\/product"}],"about":[{"href":"https:\/\/luxrentdubai.com\/de\/wp-json\/wp\/v2\/types\/product"}],"replies":[{"embeddable":true,"href":"https:\/\/luxrentdubai.com\/de\/wp-json\/wp\/v2\/comments?post=9451"}],"wp:featuredmedia":[{"embeddable":true,"href":"https:\/\/luxrentdubai.com\/de\/wp-json\/wp\/v2\/media\/5594"}],"wp:attachment":[{"href":"https:\/\/luxrentdubai.com\/de\/wp-json\/wp\/v2\/media?parent=9451"}],"wp:term":[{"taxonomy":"product_brand","embeddable":true,"href":"https:\/\/luxrentdubai.com\/de\/wp-json\/wp\/v2\/product_brand?post=9451"},{"taxonomy":"product_cat","embeddable":true,"href":"https:\/\/luxrentdubai.com\/de\/wp-json\/wp\/v2\/product_cat?post=9451"},{"taxonomy":"product_tag","embeddable":true,"href":"https:\/\/luxrentdubai.com\/de\/wp-json\/wp\/v2\/product_tag?post=9451"}],"curies":[{"name":"wp","href":"https:\/\/api.w.org\/{rel}","templated":true}]}}