{"id":9457,"date":"2025-07-26T19:02:47","date_gmt":"2025-07-26T19:02:47","guid":{"rendered":"https:\/\/luxrentdubai.com\/product\/porsche-911-gt3\/"},"modified":"2025-12-01T16:07:58","modified_gmt":"2025-12-01T16:07:58","slug":"porsche-911-gt3","status":"publish","type":"product","link":"https:\/\/luxrentdubai.com\/de\/produkt\/porsche-911-gt3\/","title":{"rendered":"Porsche 911 GT3"},"content":{"rendered":"<p data-start=\"215\" data-end=\"272\"><strong data-start=\"215\" data-end=\"272\">Beherrschen Sie die Stra\u00dfe \u2013 mieten Sie den Porsche 911 GT3 2021 in Dubai<\/strong><\/p>\n<p data-start=\"274\" data-end=\"674\">Der Porsche 911 GT3 2021 bringt alles, was Sie an der 911-Legende lieben, auf das n\u00e4chste Level \u2013 mit purer Motorsport-DNA. Sein frei saugender 4,0-Liter-Sechszylinder-Boxermotor liefert 510 PS und katapultiert ihn in nur 3,9 Sekunden von 0 auf 100 km\/h. Ob auf der Stra\u00dfe oder der Rennstrecke \u2013 dieser Heckantrieb-Sportwagen mit Automatikgetriebe sorgt jedes Mal f\u00fcr ein messerscharfes, elektrisierendes Fahrerlebnis.<\/p>\n<p data-start=\"676\" data-end=\"1075\">Das markante Shark-Blue-Exterieur unterstreicht die aggressiven Linien und die aerodynamische Pr\u00e4senz des GT3. Mit zwei T\u00fcren, zwei Sitzen und Platz nur f\u00fcr Handgep\u00e4ck ist er kompromisslos auf Performance und Fahrerfokus ausgelegt. Von der aktiven Federung \u00fcber das optimierte Chassis bis hin zu den verbesserten Lufteinl\u00e4ssen und dem Heckdiffusor \u2013 jedes Detail des Porsche 911 GT3 ist darauf ausgelegt, Geschwindigkeit, Kontrolle und Adrenalin zu maximieren.<\/p>\n<p data-start=\"1077\" data-end=\"1486\">Im Innenraum erwartet Sie Porsches charakteristische Mischung aus Schlichtheit und Pr\u00e4zision. Leder-Sportsitze, Carbon-Details und ein intuitives digitales Cockpit halten den Fokus dort, wo er hingeh\u00f6rt \u2013 auf der Stra\u00dfe. Gleichzeitig bietet der GT3 smarte Features wie Apple CarPlay, Android Auto, Bluetooth, Touchscreen-LCD und ein Premium-Soundsystem, sodass jede Fahrt genauso vernetzt wie fesselnd ist.<\/p>\n<p data-start=\"1488\" data-end=\"1581\">Der Porsche 911 GT3 2021 ist mehr als nur ein Sportwagen \u2013 er ist ein Erlebnis, das Adrenalin pur verspricht.<\/p>\n<p data-start=\"1588\" data-end=\"1797\"><strong data-start=\"1588\" data-end=\"1607\">Technische Daten<\/strong><br data-start=\"1607\" data-end=\"1610\" \/>Baujahr: 2021 \u2022 Farbe: Shark Blue \u2022 Motor: 3996 cm\u00b3 \u2022 Leistung: 510 PS \u2022 0\u2013100 km\/h: 3,9 Sekunden \u2022 Antrieb: Hinterrad \u2022 Getriebe: Automatik \u2022 T\u00fcren: 2 \u2022 Sitze: 2 \u2022 Gep\u00e4ck: 1x Handgep\u00e4ck<\/p>\n<p data-start=\"1799\" data-end=\"2146\"><strong data-start=\"1799\" data-end=\"1812\">Ausstattung<\/strong><br data-start=\"1812\" data-end=\"1815\" \/>Navigationssystem \u2022 Adaptiver Tempomat \u2022 Tempomat \u2022 Elektrische Sitze \u2022 Ledersitze \u2022 Klimaautomatik \u2022 Aktive Lenkung \u2022 USB-C \u2022 Touchscreen-LCD \u2022 Apple CarPlay \u2022 Android Auto \u2022 Bluetooth \u2022 Premium-Soundsystem \u2022 R\u00fcckfahrkamera \u2022 Parkassistent \u2022 Parksensoren \u2022 Totwinkel-Assistent \u2022 Digitales Head-Up-Display (HUD) \u2022 Panorama-Dach \u2022 SRS-Airbags \u2022 Get\u00f6nte Scheiben<\/p>\n","protected":false},"excerpt":{"rendered":"<p data-start=\"215\" data-end=\"272\"><strong data-start=\"215\" data-end=\"272\">Beherrschen Sie die Stra\u00dfe \u2013 mieten Sie den Porsche 911 GT3 2021 in Dubai<\/strong><\/p>\n<p data-start=\"274\" data-end=\"674\">Der Porsche 911 GT3 2021 bringt alles, was Sie an der 911-Legende lieben, auf das n\u00e4chste Level \u2013 mit purer Motorsport-DNA. Sein frei saugender 4,0-Liter-Sechszylinder-Boxermotor liefert 510 PS und katapultiert ihn in nur 3,9 Sekunden von 0 auf 100 km\/h. Ob auf der Stra\u00dfe oder der Rennstrecke \u2013 dieser Heckantrieb-Sportwagen mit Automatikgetriebe sorgt jedes Mal f\u00fcr ein messerscharfes, elektrisierendes Fahrerlebnis.<\/p>\n<p data-start=\"676\" data-end=\"1075\">Das markante Shark-Blue-Exterieur unterstreicht die aggressiven Linien und die aerodynamische Pr\u00e4senz des GT3. Mit zwei T\u00fcren, zwei Sitzen und Platz nur f\u00fcr Handgep\u00e4ck ist er kompromisslos auf Performance und Fahrerfokus ausgelegt. Von der aktiven Federung \u00fcber das optimierte Chassis bis hin zu den verbesserten Lufteinl\u00e4ssen und dem Heckdiffusor \u2013 jedes Detail des Porsche 911 GT3 ist darauf ausgelegt, Geschwindigkeit, Kontrolle und Adrenalin zu maximieren.<\/p>\n<p data-start=\"1077\" data-end=\"1486\">Im Innenraum erwartet Sie Porsches charakteristische Mischung aus Schlichtheit und Pr\u00e4zision. Leder-Sportsitze, Carbon-Details und ein intuitives digitales Cockpit halten den Fokus dort, wo er hingeh\u00f6rt \u2013 auf der Stra\u00dfe. Gleichzeitig bietet der GT3 smarte Features wie Apple CarPlay, Android Auto, Bluetooth, Touchscreen-LCD und ein Premium-Soundsystem, sodass jede Fahrt genauso vernetzt wie fesselnd ist.<\/p>\n<p data-start=\"1488\" data-end=\"1581\">Der Porsche 911 GT3 2021 ist mehr als nur ein Sportwagen \u2013 er ist ein Erlebnis, das Adrenalin pur verspricht.<\/p>\n<hr data-start=\"1583\" data-end=\"1586\" \/>\n<p data-start=\"1588\" data-end=\"1797\"><strong data-start=\"1588\" data-end=\"1607\">Technische Daten<\/strong><br data-start=\"1607\" data-end=\"1610\" \/>Baujahr: 2021 \u2022 Farbe: Shark Blue \u2022 Motor: 3996 cm\u00b3 \u2022 Leistung: 510 PS \u2022 0\u2013100 km\/h: 3,9 Sekunden \u2022 Antrieb: Hinterrad \u2022 Getriebe: Automatik \u2022 T\u00fcren: 2 \u2022 Sitze: 2 \u2022 Gep\u00e4ck: 1x Handgep\u00e4ck<\/p>\n<p data-start=\"1799\" data-end=\"2146\"><strong data-start=\"1799\" data-end=\"1812\">Ausstattung<\/strong><br data-start=\"1812\" data-end=\"1815\" \/>Navigationssystem \u2022 Adaptiver Tempomat \u2022 Tempomat \u2022 Elektrische Sitze \u2022 Ledersitze \u2022 Klimaautomatik \u2022 Aktive Lenkung \u2022 USB-C \u2022 Touchscreen-LCD \u2022 Apple CarPlay \u2022 Android Auto \u2022 Bluetooth \u2022 Premium-Soundsystem \u2022 R\u00fcckfahrkamera \u2022 Parkassistent \u2022 Parksensoren \u2022 Totwinkel-Assistent \u2022 Digitales Head-Up-Display (HUD) \u2022 Panorama-Dach \u2022 SRS-Airbags \u2022 Get\u00f6nte Scheiben<\/p>\n","protected":false},"featured_media":4658,"comment_status":"open","ping_status":"closed","template":"","meta":{"_acf_changed":false},"product_brand":[],"product_cat":[122],"product_tag":[],"class_list":{"0":"post-9457","1":"product","2":"type-product","3":"status-publish","4":"has-post-thumbnail","6":"product_cat-porsche-de","8":"first","9":"instock","10":"shipping-taxable","11":"purchasable","12":"product-type-ovabrw_car_rental"},"acf":[],"yoast_head":"<!-- This site is optimized with the Yoast SEO plugin v26.8 - https:\/\/yoast.com\/product\/yoast-seo-wordpress\/ -->\n<title>Porsche 911 GT3 - Lux Rent Dubai<\/title>\n<meta name=\"robots\" content=\"index, follow, max-snippet:-1, max-image-preview:large, max-video-preview:-1\" \/>\n<link rel=\"canonical\" href=\"https:\/\/luxrentdubai.com\/de\/produkt\/porsche-911-gt3\/\" \/>\n<meta property=\"og:locale\" content=\"de_DE\" \/>\n<meta property=\"og:type\" content=\"article\" \/>\n<meta property=\"og:title\" content=\"Porsche 911 GT3 - Lux Rent Dubai\" \/>\n<meta property=\"og:description\" content=\"Beherrschen Sie die Stra\u00dfe \u2013 mieten Sie den Porsche 911 GT3 2021 in Dubai Der Porsche 911 GT3 2021 bringt alles, was Sie an der 911-Legende lieben, auf das n\u00e4chste Level \u2013 mit purer Motorsport-DNA. Sein frei saugender 4,0-Liter-Sechszylinder-Boxermotor liefert 510 PS und katapultiert ihn in nur 3,9 Sekunden von 0 auf 100 km\/h. Ob auf der Stra\u00dfe oder der Rennstrecke \u2013 dieser Heckantrieb-Sportwagen mit Automatikgetriebe sorgt jedes Mal f\u00fcr ein messerscharfes, elektrisierendes Fahrerlebnis. Das markante Shark-Blue-Exterieur unterstreicht die aggressiven Linien und die aerodynamische Pr\u00e4senz des GT3. Mit zwei T\u00fcren, zwei Sitzen und Platz nur f\u00fcr Handgep\u00e4ck ist er kompromisslos auf Performance und Fahrerfokus ausgelegt. Von der aktiven Federung \u00fcber das optimierte Chassis bis hin zu den verbesserten Lufteinl\u00e4ssen und dem Heckdiffusor \u2013 jedes Detail des Porsche 911 GT3 ist darauf ausgelegt, Geschwindigkeit, Kontrolle und Adrenalin zu maximieren. Im Innenraum erwartet Sie Porsches charakteristische Mischung aus Schlichtheit und Pr\u00e4zision. Leder-Sportsitze, Carbon-Details und ein intuitives digitales Cockpit halten den Fokus dort, wo er hingeh\u00f6rt \u2013 auf der Stra\u00dfe. Gleichzeitig bietet der GT3 smarte Features wie Apple CarPlay, Android Auto, Bluetooth, Touchscreen-LCD und ein Premium-Soundsystem, sodass jede Fahrt genauso vernetzt wie fesselnd ist. Der Porsche 911 GT3 2021 ist mehr als nur ein Sportwagen \u2013 er ist ein Erlebnis, das Adrenalin pur verspricht.    Technische DatenBaujahr: 2021 \u2022 Farbe: Shark Blue \u2022 Motor: 3996 cm\u00b3 \u2022 Leistung: 510 PS \u2022 0\u2013100 km\/h: 3,9 Sekunden \u2022 Antrieb: Hinterrad \u2022 Getriebe: Automatik \u2022 T\u00fcren: 2 \u2022 Sitze: 2 \u2022 Gep\u00e4ck: 1x Handgep\u00e4ck AusstattungNavigationssystem \u2022 Adaptiver Tempomat \u2022 Tempomat \u2022 Elektrische Sitze \u2022 Ledersitze \u2022 Klimaautomatik \u2022 Aktive Lenkung \u2022 USB-C \u2022 Touchscreen-LCD \u2022 Apple CarPlay \u2022 Android Auto \u2022 Bluetooth \u2022 Premium-Soundsystem \u2022 R\u00fcckfahrkamera \u2022 Parkassistent \u2022 Parksensoren \u2022 Totwinkel-Assistent \u2022 Digitales Head-Up-Display (HUD) \u2022 Panorama-Dach \u2022 SRS-Airbags \u2022 Get\u00f6nte Scheiben\" \/>\n<meta property=\"og:url\" content=\"https:\/\/luxrentdubai.com\/de\/produkt\/porsche-911-gt3\/\" \/>\n<meta property=\"og:site_name\" content=\"Lux Rent Dubai\" \/>\n<meta property=\"article:modified_time\" content=\"2025-12-01T16:07:58+00:00\" \/>\n<meta property=\"og:image\" content=\"https:\/\/luxrentdubai.com\/wp-content\/uploads\/2025\/07\/porsche-911-gt3-768x588.jpg\" \/>\n\t<meta property=\"og:image:width\" content=\"768\" \/>\n\t<meta property=\"og:image:height\" content=\"588\" \/>\n\t<meta property=\"og:image:type\" content=\"image\/jpeg\" \/>\n<meta name=\"twitter:card\" content=\"summary_large_image\" \/>\n<meta name=\"twitter:label1\" content=\"Gesch\u00e4tzte Lesezeit\" \/>\n\t<meta name=\"twitter:data1\" content=\"2\u00a0Minuten\" \/>\n<script type=\"application\/ld+json\" class=\"yoast-schema-graph\">{\"@context\":\"https:\/\/schema.org\",\"@graph\":[{\"@type\":\"WebPage\",\"@id\":\"https:\/\/luxrentdubai.com\/de\/produkt\/porsche-911-gt3\/\",\"url\":\"https:\/\/luxrentdubai.com\/de\/produkt\/porsche-911-gt3\/\",\"name\":\"Porsche 911 GT3 - Lux Rent Dubai\",\"isPartOf\":{\"@id\":\"https:\/\/luxrentdubai.com\/#website\"},\"primaryImageOfPage\":{\"@id\":\"https:\/\/luxrentdubai.com\/de\/produkt\/porsche-911-gt3\/#primaryimage\"},\"image\":{\"@id\":\"https:\/\/luxrentdubai.com\/de\/produkt\/porsche-911-gt3\/#primaryimage\"},\"thumbnailUrl\":\"https:\/\/luxrentdubai.com\/wp-content\/uploads\/2025\/07\/porsche-911-gt3.jpg\",\"datePublished\":\"2025-07-26T19:02:47+00:00\",\"dateModified\":\"2025-12-01T16:07:58+00:00\",\"breadcrumb\":{\"@id\":\"https:\/\/luxrentdubai.com\/de\/produkt\/porsche-911-gt3\/#breadcrumb\"},\"inLanguage\":\"de\",\"potentialAction\":[{\"@type\":\"ReadAction\",\"target\":[\"https:\/\/luxrentdubai.com\/de\/produkt\/porsche-911-gt3\/\"]}]},{\"@type\":\"ImageObject\",\"inLanguage\":\"de\",\"@id\":\"https:\/\/luxrentdubai.com\/de\/produkt\/porsche-911-gt3\/#primaryimage\",\"url\":\"https:\/\/luxrentdubai.com\/wp-content\/uploads\/2025\/07\/porsche-911-gt3.jpg\",\"contentUrl\":\"https:\/\/luxrentdubai.com\/wp-content\/uploads\/2025\/07\/porsche-911-gt3.jpg\",\"width\":1600,\"height\":1226},{\"@type\":\"BreadcrumbList\",\"@id\":\"https:\/\/luxrentdubai.com\/de\/produkt\/porsche-911-gt3\/#breadcrumb\",\"itemListElement\":[{\"@type\":\"ListItem\",\"position\":1,\"name\":\"\u0413\u043b\u0430\u0432\u043d\u0430\u044f \u0441\u0442\u0440\u0430\u043d\u0438\u0446\u0430\",\"item\":\"https:\/\/luxrentdubai.com\/de\/\"},{\"@type\":\"ListItem\",\"position\":2,\"name\":\"Shop\",\"item\":\"https:\/\/luxrentdubai.com\/de\/shop\/\"},{\"@type\":\"ListItem\",\"position\":3,\"name\":\"Porsche 911 GT3\"}]},{\"@type\":\"WebSite\",\"@id\":\"https:\/\/luxrentdubai.com\/#website\",\"url\":\"https:\/\/luxrentdubai.com\/\",\"name\":\"Lux Rent Dubai\",\"description\":\"Sports cars and luxury cars rental in Dubai\",\"publisher\":{\"@id\":\"https:\/\/luxrentdubai.com\/#organization\"},\"potentialAction\":[{\"@type\":\"SearchAction\",\"target\":{\"@type\":\"EntryPoint\",\"urlTemplate\":\"https:\/\/luxrentdubai.com\/?s={search_term_string}\"},\"query-input\":{\"@type\":\"PropertyValueSpecification\",\"valueRequired\":true,\"valueName\":\"search_term_string\"}}],\"inLanguage\":\"de\"},{\"@type\":\"Organization\",\"@id\":\"https:\/\/luxrentdubai.com\/#organization\",\"name\":\"Lux Rent Dubai\",\"url\":\"https:\/\/luxrentdubai.com\/\",\"logo\":{\"@type\":\"ImageObject\",\"inLanguage\":\"de\",\"@id\":\"https:\/\/luxrentdubai.com\/#\/schema\/logo\/image\/\",\"url\":\"https:\/\/luxrentdubai.com\/wp-content\/uploads\/2025\/07\/cropped-logo_luxrent_black_background.png\",\"contentUrl\":\"https:\/\/luxrentdubai.com\/wp-content\/uploads\/2025\/07\/cropped-logo_luxrent_black_background.png\",\"width\":700,\"height\":465,\"caption\":\"Lux Rent Dubai\"},\"image\":{\"@id\":\"https:\/\/luxrentdubai.com\/#\/schema\/logo\/image\/\"}}]}<\/script>\n<!-- \/ Yoast SEO plugin. -->","yoast_head_json":{"title":"Porsche 911 GT3 - Lux Rent Dubai","robots":{"index":"index","follow":"follow","max-snippet":"max-snippet:-1","max-image-preview":"max-image-preview:large","max-video-preview":"max-video-preview:-1"},"canonical":"https:\/\/luxrentdubai.com\/de\/produkt\/porsche-911-gt3\/","og_locale":"de_DE","og_type":"article","og_title":"Porsche 911 GT3 - Lux Rent Dubai","og_description":"Beherrschen Sie die Stra\u00dfe \u2013 mieten Sie den Porsche 911 GT3 2021 in Dubai Der Porsche 911 GT3 2021 bringt alles, was Sie an der 911-Legende lieben, auf das n\u00e4chste Level \u2013 mit purer Motorsport-DNA. Sein frei saugender 4,0-Liter-Sechszylinder-Boxermotor liefert 510 PS und katapultiert ihn in nur 3,9 Sekunden von 0 auf 100 km\/h. Ob auf der Stra\u00dfe oder der Rennstrecke \u2013 dieser Heckantrieb-Sportwagen mit Automatikgetriebe sorgt jedes Mal f\u00fcr ein messerscharfes, elektrisierendes Fahrerlebnis. Das markante Shark-Blue-Exterieur unterstreicht die aggressiven Linien und die aerodynamische Pr\u00e4senz des GT3. Mit zwei T\u00fcren, zwei Sitzen und Platz nur f\u00fcr Handgep\u00e4ck ist er kompromisslos auf Performance und Fahrerfokus ausgelegt. Von der aktiven Federung \u00fcber das optimierte Chassis bis hin zu den verbesserten Lufteinl\u00e4ssen und dem Heckdiffusor \u2013 jedes Detail des Porsche 911 GT3 ist darauf ausgelegt, Geschwindigkeit, Kontrolle und Adrenalin zu maximieren. Im Innenraum erwartet Sie Porsches charakteristische Mischung aus Schlichtheit und Pr\u00e4zision. Leder-Sportsitze, Carbon-Details und ein intuitives digitales Cockpit halten den Fokus dort, wo er hingeh\u00f6rt \u2013 auf der Stra\u00dfe. Gleichzeitig bietet der GT3 smarte Features wie Apple CarPlay, Android Auto, Bluetooth, Touchscreen-LCD und ein Premium-Soundsystem, sodass jede Fahrt genauso vernetzt wie fesselnd ist. Der Porsche 911 GT3 2021 ist mehr als nur ein Sportwagen \u2013 er ist ein Erlebnis, das Adrenalin pur verspricht.    Technische DatenBaujahr: 2021 \u2022 Farbe: Shark Blue \u2022 Motor: 3996 cm\u00b3 \u2022 Leistung: 510 PS \u2022 0\u2013100 km\/h: 3,9 Sekunden \u2022 Antrieb: Hinterrad \u2022 Getriebe: Automatik \u2022 T\u00fcren: 2 \u2022 Sitze: 2 \u2022 Gep\u00e4ck: 1x Handgep\u00e4ck AusstattungNavigationssystem \u2022 Adaptiver Tempomat \u2022 Tempomat \u2022 Elektrische Sitze \u2022 Ledersitze \u2022 Klimaautomatik \u2022 Aktive Lenkung \u2022 USB-C \u2022 Touchscreen-LCD \u2022 Apple CarPlay \u2022 Android Auto \u2022 Bluetooth \u2022 Premium-Soundsystem \u2022 R\u00fcckfahrkamera \u2022 Parkassistent \u2022 Parksensoren \u2022 Totwinkel-Assistent \u2022 Digitales Head-Up-Display (HUD) \u2022 Panorama-Dach \u2022 SRS-Airbags \u2022 Get\u00f6nte Scheiben","og_url":"https:\/\/luxrentdubai.com\/de\/produkt\/porsche-911-gt3\/","og_site_name":"Lux Rent Dubai","article_modified_time":"2025-12-01T16:07:58+00:00","og_image":[{"width":768,"height":588,"url":"https:\/\/luxrentdubai.com\/wp-content\/uploads\/2025\/07\/porsche-911-gt3-768x588.jpg","type":"image\/jpeg"}],"twitter_card":"summary_large_image","twitter_misc":{"Gesch\u00e4tzte Lesezeit":"2\u00a0Minuten"},"schema":{"@context":"https:\/\/schema.org","@graph":[{"@type":"WebPage","@id":"https:\/\/luxrentdubai.com\/de\/produkt\/porsche-911-gt3\/","url":"https:\/\/luxrentdubai.com\/de\/produkt\/porsche-911-gt3\/","name":"Porsche 911 GT3 - Lux Rent Dubai","isPartOf":{"@id":"https:\/\/luxrentdubai.com\/#website"},"primaryImageOfPage":{"@id":"https:\/\/luxrentdubai.com\/de\/produkt\/porsche-911-gt3\/#primaryimage"},"image":{"@id":"https:\/\/luxrentdubai.com\/de\/produkt\/porsche-911-gt3\/#primaryimage"},"thumbnailUrl":"https:\/\/luxrentdubai.com\/wp-content\/uploads\/2025\/07\/porsche-911-gt3.jpg","datePublished":"2025-07-26T19:02:47+00:00","dateModified":"2025-12-01T16:07:58+00:00","breadcrumb":{"@id":"https:\/\/luxrentdubai.com\/de\/produkt\/porsche-911-gt3\/#breadcrumb"},"inLanguage":"de","potentialAction":[{"@type":"ReadAction","target":["https:\/\/luxrentdubai.com\/de\/produkt\/porsche-911-gt3\/"]}]},{"@type":"ImageObject","inLanguage":"de","@id":"https:\/\/luxrentdubai.com\/de\/produkt\/porsche-911-gt3\/#primaryimage","url":"https:\/\/luxrentdubai.com\/wp-content\/uploads\/2025\/07\/porsche-911-gt3.jpg","contentUrl":"https:\/\/luxrentdubai.com\/wp-content\/uploads\/2025\/07\/porsche-911-gt3.jpg","width":1600,"height":1226},{"@type":"BreadcrumbList","@id":"https:\/\/luxrentdubai.com\/de\/produkt\/porsche-911-gt3\/#breadcrumb","itemListElement":[{"@type":"ListItem","position":1,"name":"\u0413\u043b\u0430\u0432\u043d\u0430\u044f \u0441\u0442\u0440\u0430\u043d\u0438\u0446\u0430","item":"https:\/\/luxrentdubai.com\/de\/"},{"@type":"ListItem","position":2,"name":"Shop","item":"https:\/\/luxrentdubai.com\/de\/shop\/"},{"@type":"ListItem","position":3,"name":"Porsche 911 GT3"}]},{"@type":"WebSite","@id":"https:\/\/luxrentdubai.com\/#website","url":"https:\/\/luxrentdubai.com\/","name":"Lux Rent Dubai","description":"Sports cars and luxury cars rental in Dubai","publisher":{"@id":"https:\/\/luxrentdubai.com\/#organization"},"potentialAction":[{"@type":"SearchAction","target":{"@type":"EntryPoint","urlTemplate":"https:\/\/luxrentdubai.com\/?s={search_term_string}"},"query-input":{"@type":"PropertyValueSpecification","valueRequired":true,"valueName":"search_term_string"}}],"inLanguage":"de"},{"@type":"Organization","@id":"https:\/\/luxrentdubai.com\/#organization","name":"Lux Rent Dubai","url":"https:\/\/luxrentdubai.com\/","logo":{"@type":"ImageObject","inLanguage":"de","@id":"https:\/\/luxrentdubai.com\/#\/schema\/logo\/image\/","url":"https:\/\/luxrentdubai.com\/wp-content\/uploads\/2025\/07\/cropped-logo_luxrent_black_background.png","contentUrl":"https:\/\/luxrentdubai.com\/wp-content\/uploads\/2025\/07\/cropped-logo_luxrent_black_background.png","width":700,"height":465,"caption":"Lux Rent Dubai"},"image":{"@id":"https:\/\/luxrentdubai.com\/#\/schema\/logo\/image\/"}}]}},"_links":{"self":[{"href":"https:\/\/luxrentdubai.com\/de\/wp-json\/wp\/v2\/product\/9457","targetHints":{"allow":["GET"]}}],"collection":[{"href":"https:\/\/luxrentdubai.com\/de\/wp-json\/wp\/v2\/product"}],"about":[{"href":"https:\/\/luxrentdubai.com\/de\/wp-json\/wp\/v2\/types\/product"}],"replies":[{"embeddable":true,"href":"https:\/\/luxrentdubai.com\/de\/wp-json\/wp\/v2\/comments?post=9457"}],"wp:featuredmedia":[{"embeddable":true,"href":"https:\/\/luxrentdubai.com\/de\/wp-json\/wp\/v2\/media\/4658"}],"wp:attachment":[{"href":"https:\/\/luxrentdubai.com\/de\/wp-json\/wp\/v2\/media?parent=9457"}],"wp:term":[{"taxonomy":"product_brand","embeddable":true,"href":"https:\/\/luxrentdubai.com\/de\/wp-json\/wp\/v2\/product_brand?post=9457"},{"taxonomy":"product_cat","embeddable":true,"href":"https:\/\/luxrentdubai.com\/de\/wp-json\/wp\/v2\/product_cat?post=9457"},{"taxonomy":"product_tag","embeddable":true,"href":"https:\/\/luxrentdubai.com\/de\/wp-json\/wp\/v2\/product_tag?post=9457"}],"curies":[{"name":"wp","href":"https:\/\/api.w.org\/{rel}","templated":true}]}}