{"id":9465,"date":"2025-07-17T11:43:23","date_gmt":"2025-07-17T11:43:23","guid":{"rendered":"https:\/\/luxrentdubai.com\/product\/audi-r8-spider\/"},"modified":"2025-12-01T16:25:13","modified_gmt":"2025-12-01T16:25:13","slug":"audi-r8-spider","status":"publish","type":"product","link":"https:\/\/luxrentdubai.com\/de\/produkt\/audi-r8-spider\/","title":{"rendered":"Audi R8 Spider"},"content":{"rendered":"<p data-start=\"219\" data-end=\"278\"><strong data-start=\"219\" data-end=\"278\">Erleben Sie den Nervenkitzel \u2013 mieten Sie einen Audi R8 Spyder in Dubai<\/strong><\/p>\n<p data-start=\"280\" data-end=\"517\">Wenn Sie nach mehr als nur einem Auto suchen, ist der Audi R8 Spyder die perfekte Wahl. Mit seinem markanten Design und seiner kraftvollen Performance ist dieses Cabriolet f\u00fcr all jene gebaut, die auffallen und jede Sekunde hinter dem Steuer genie\u00dfen m\u00f6chten.<\/p>\n<p data-start=\"519\" data-end=\"834\">Der Audi R8 Spyder ist mehr als nur ein sch\u00f6nes \u00c4u\u00dferes. Er liefert ein wirklich dynamisches Fahrerlebnis, angetrieben von einem beeindruckenden V10-Motor, der Sie in nur 3,5 Sekunden von 0 auf 100 km\/h katapultiert. Sein Allradantrieb sorgt f\u00fcr pr\u00e4zise Kontrolle auf jeder Stra\u00dfe, w\u00e4hrend moderne Sicherheits\u00adsysteme bei jeder Fahrt f\u00fcr ein beruhigendes Gef\u00fchl sorgen.<\/p>\n<p data-start=\"836\" data-end=\"1017\">Dar\u00fcber hinaus ist der R8 Spyder mit Luxus- und High-Tech-Features ausgestattet, die Komfort und Stil auf ein neues Niveau heben. Buchen Sie Ihre Fahrt noch heute und \u00fcberzeugen Sie sich selbst \u2013 dieses Auto werden Sie nicht vergessen.<\/p>\n<p data-start=\"836\" data-end=\"1017\"><strong data-start=\"1024\" data-end=\"1043\">Technische Daten<\/strong><br data-start=\"1043\" data-end=\"1046\" \/>Baujahr \u2013 2021 | Farbe \u2013 Schwarz | Motor \u2013 V10, 562 PS, 5204 cm\u00b3<br data-start=\"1105\" data-end=\"1108\" \/>0\u2013100 km\/h \u2013 3,5 s | Antrieb \u2013 Allrad | Getriebe \u2013 Automatik<br data-start=\"1179\" data-end=\"1182\" \/>T\u00fcren \u2013 2 | Sitze \u2013 2 | Gep\u00e4ck \u2013 1 Handtasche<\/p>\n<p data-start=\"836\" data-end=\"1017\"><strong data-start=\"1235\" data-end=\"1248\">Ausstattung<\/strong><br data-start=\"1248\" data-end=\"1251\" \/>Navigationssystem \u2022 Adaptiver Tempomat \u2022 Tempomat \u2022 Elektrische Sitze \u2022 Ledersitze \u2022 Klimaautomatik \u2022 Aktive Lenkung \u2022 USB-C \u2022 Touchscreen-Display \u2022 Apple CarPlay \u2022 Android Auto \u2022 Bluetooth \u2022 Premium-Soundsystem \u2022 R\u00fcckfahrkamera \u2022 Parkassistent \u2022 Parksensoren \u2022 Totwinkel-Assistent \u2022 Digitales Head-Up-Display (HUD) \u2022 Panorama\u00ad-Dach \u2022 SRS-Airbags \u2022 Get\u00f6nte Scheiben<\/p>\n","protected":false},"excerpt":{"rendered":"<p data-start=\"219\" data-end=\"278\"><strong data-start=\"219\" data-end=\"278\">Erleben Sie den Nervenkitzel \u2013 mieten Sie einen Audi R8 Spyder in Dubai<\/strong><\/p>\n<p data-start=\"280\" data-end=\"517\">Wenn Sie nach mehr als nur einem Auto suchen, ist der Audi R8 Spyder die perfekte Wahl. Mit seinem markanten Design und seiner kraftvollen Performance ist dieses Cabriolet f\u00fcr all jene gebaut, die auffallen und jede Sekunde hinter dem Steuer genie\u00dfen m\u00f6chten.<\/p>\n<p data-start=\"519\" data-end=\"834\">Der Audi R8 Spyder ist mehr als nur ein sch\u00f6nes \u00c4u\u00dferes. Er liefert ein wirklich dynamisches Fahrerlebnis, angetrieben von einem beeindruckenden V10-Motor, der Sie in nur 3,5 Sekunden von 0 auf 100 km\/h katapultiert. Sein Allradantrieb sorgt f\u00fcr pr\u00e4zise Kontrolle auf jeder Stra\u00dfe, w\u00e4hrend moderne Sicherheits\u00adsysteme bei jeder Fahrt f\u00fcr ein beruhigendes Gef\u00fchl sorgen.<\/p>\n<p data-start=\"836\" data-end=\"1017\">Dar\u00fcber hinaus ist der R8 Spyder mit Luxus- und High-Tech-Features ausgestattet, die Komfort und Stil auf ein neues Niveau heben. Buchen Sie Ihre Fahrt noch heute und \u00fcberzeugen Sie sich selbst \u2013 dieses Auto werden Sie nicht vergessen.<\/p>\n<p data-start=\"836\" data-end=\"1017\"><strong data-start=\"1024\" data-end=\"1043\">Technische Daten<\/strong><br data-start=\"1043\" data-end=\"1046\" \/>Baujahr \u2013 2021 | Farbe \u2013 Schwarz | Motor \u2013 V10, 562 PS, 5204 cm\u00b3<br data-start=\"1105\" data-end=\"1108\" \/>0\u2013100 km\/h \u2013 3,5 s | Antrieb \u2013 Allrad | Getriebe \u2013 Automatik<br data-start=\"1179\" data-end=\"1182\" \/>T\u00fcren \u2013 2 | Sitze \u2013 2 | Gep\u00e4ck \u2013 1 Handtasche<\/p>\n<p data-start=\"836\" data-end=\"1017\"><strong data-start=\"1235\" data-end=\"1248\">Ausstattung<\/strong><br data-start=\"1248\" data-end=\"1251\" \/>Navigationssystem \u2022 Adaptiver Tempomat \u2022 Tempomat \u2022 Elektrische Sitze \u2022 Ledersitze \u2022 Klimaautomatik \u2022 Aktive Lenkung \u2022 USB-C \u2022 Touchscreen-Display \u2022 Apple CarPlay \u2022 Android Auto \u2022 Bluetooth \u2022 Premium-Soundsystem \u2022 R\u00fcckfahrkamera \u2022 Parkassistent \u2022 Parksensoren \u2022 Totwinkel-Assistent \u2022 Digitales Head-Up-Display (HUD) \u2022 Panorama\u00ad-Dach \u2022 SRS-Airbags \u2022 Get\u00f6nte Scheiben<\/p>\n","protected":false},"featured_media":2844,"comment_status":"closed","ping_status":"closed","template":"","meta":{"_acf_changed":false},"product_brand":[],"product_cat":[101],"product_tag":[],"class_list":{"0":"post-9465","1":"product","2":"type-product","3":"status-publish","4":"has-post-thumbnail","6":"product_cat-audi-de","8":"first","9":"instock","10":"shipping-taxable","11":"purchasable","12":"product-type-ovabrw_car_rental"},"acf":[],"yoast_head":"<!-- This site is optimized with the Yoast SEO plugin v26.8 - https:\/\/yoast.com\/product\/yoast-seo-wordpress\/ -->\n<title>Audi R8 Spider - Lux Rent Dubai<\/title>\n<meta name=\"robots\" content=\"index, follow, max-snippet:-1, max-image-preview:large, max-video-preview:-1\" \/>\n<link rel=\"canonical\" href=\"https:\/\/luxrentdubai.com\/de\/produkt\/audi-r8-spider\/\" \/>\n<meta property=\"og:locale\" content=\"de_DE\" \/>\n<meta property=\"og:type\" content=\"article\" \/>\n<meta property=\"og:title\" content=\"Audi R8 Spider - Lux Rent Dubai\" \/>\n<meta property=\"og:description\" content=\"Erleben Sie den Nervenkitzel \u2013 mieten Sie einen Audi R8 Spyder in Dubai Wenn Sie nach mehr als nur einem Auto suchen, ist der Audi R8 Spyder die perfekte Wahl. Mit seinem markanten Design und seiner kraftvollen Performance ist dieses Cabriolet f\u00fcr all jene gebaut, die auffallen und jede Sekunde hinter dem Steuer genie\u00dfen m\u00f6chten. Der Audi R8 Spyder ist mehr als nur ein sch\u00f6nes \u00c4u\u00dferes. Er liefert ein wirklich dynamisches Fahrerlebnis, angetrieben von einem beeindruckenden V10-Motor, der Sie in nur 3,5 Sekunden von 0 auf 100 km\/h katapultiert. Sein Allradantrieb sorgt f\u00fcr pr\u00e4zise Kontrolle auf jeder Stra\u00dfe, w\u00e4hrend moderne Sicherheits\u00adsysteme bei jeder Fahrt f\u00fcr ein beruhigendes Gef\u00fchl sorgen. Dar\u00fcber hinaus ist der R8 Spyder mit Luxus- und High-Tech-Features ausgestattet, die Komfort und Stil auf ein neues Niveau heben. Buchen Sie Ihre Fahrt noch heute und \u00fcberzeugen Sie sich selbst \u2013 dieses Auto werden Sie nicht vergessen. Technische DatenBaujahr \u2013 2021 | Farbe \u2013 Schwarz | Motor \u2013 V10, 562 PS, 5204 cm\u00b30\u2013100 km\/h \u2013 3,5 s | Antrieb \u2013 Allrad | Getriebe \u2013 AutomatikT\u00fcren \u2013 2 | Sitze \u2013 2 | Gep\u00e4ck \u2013 1 Handtasche AusstattungNavigationssystem \u2022 Adaptiver Tempomat \u2022 Tempomat \u2022 Elektrische Sitze \u2022 Ledersitze \u2022 Klimaautomatik \u2022 Aktive Lenkung \u2022 USB-C \u2022 Touchscreen-Display \u2022 Apple CarPlay \u2022 Android Auto \u2022 Bluetooth \u2022 Premium-Soundsystem \u2022 R\u00fcckfahrkamera \u2022 Parkassistent \u2022 Parksensoren \u2022 Totwinkel-Assistent \u2022 Digitales Head-Up-Display (HUD) \u2022 Panorama\u00ad-Dach \u2022 SRS-Airbags \u2022 Get\u00f6nte Scheiben\" \/>\n<meta property=\"og:url\" content=\"https:\/\/luxrentdubai.com\/de\/produkt\/audi-r8-spider\/\" \/>\n<meta property=\"og:site_name\" content=\"Lux Rent Dubai\" \/>\n<meta property=\"article:modified_time\" content=\"2025-12-01T16:25:13+00:00\" \/>\n<meta property=\"og:image\" content=\"https:\/\/luxrentdubai.com\/wp-content\/uploads\/2025\/07\/audi-r8-spider_lux-rent-dubai.jpg\" \/>\n\t<meta property=\"og:image:width\" content=\"2000\" \/>\n\t<meta property=\"og:image:height\" content=\"2000\" \/>\n\t<meta property=\"og:image:type\" content=\"image\/jpeg\" \/>\n<meta name=\"twitter:card\" content=\"summary_large_image\" \/>\n<meta name=\"twitter:label1\" content=\"Gesch\u00e4tzte Lesezeit\" \/>\n\t<meta name=\"twitter:data1\" content=\"2\u00a0Minuten\" \/>\n<script type=\"application\/ld+json\" class=\"yoast-schema-graph\">{\"@context\":\"https:\/\/schema.org\",\"@graph\":[{\"@type\":\"WebPage\",\"@id\":\"https:\/\/luxrentdubai.com\/de\/produkt\/audi-r8-spider\/\",\"url\":\"https:\/\/luxrentdubai.com\/de\/produkt\/audi-r8-spider\/\",\"name\":\"Audi R8 Spider - Lux Rent Dubai\",\"isPartOf\":{\"@id\":\"https:\/\/luxrentdubai.com\/#website\"},\"primaryImageOfPage\":{\"@id\":\"https:\/\/luxrentdubai.com\/de\/produkt\/audi-r8-spider\/#primaryimage\"},\"image\":{\"@id\":\"https:\/\/luxrentdubai.com\/de\/produkt\/audi-r8-spider\/#primaryimage\"},\"thumbnailUrl\":\"https:\/\/luxrentdubai.com\/wp-content\/uploads\/2025\/07\/audi-r8-spider_lux-rent-dubai.jpg\",\"datePublished\":\"2025-07-17T11:43:23+00:00\",\"dateModified\":\"2025-12-01T16:25:13+00:00\",\"breadcrumb\":{\"@id\":\"https:\/\/luxrentdubai.com\/de\/produkt\/audi-r8-spider\/#breadcrumb\"},\"inLanguage\":\"de\",\"potentialAction\":[{\"@type\":\"ReadAction\",\"target\":[\"https:\/\/luxrentdubai.com\/de\/produkt\/audi-r8-spider\/\"]}]},{\"@type\":\"ImageObject\",\"inLanguage\":\"de\",\"@id\":\"https:\/\/luxrentdubai.com\/de\/produkt\/audi-r8-spider\/#primaryimage\",\"url\":\"https:\/\/luxrentdubai.com\/wp-content\/uploads\/2025\/07\/audi-r8-spider_lux-rent-dubai.jpg\",\"contentUrl\":\"https:\/\/luxrentdubai.com\/wp-content\/uploads\/2025\/07\/audi-r8-spider_lux-rent-dubai.jpg\",\"width\":2000,\"height\":2000},{\"@type\":\"BreadcrumbList\",\"@id\":\"https:\/\/luxrentdubai.com\/de\/produkt\/audi-r8-spider\/#breadcrumb\",\"itemListElement\":[{\"@type\":\"ListItem\",\"position\":1,\"name\":\"\u0413\u043b\u0430\u0432\u043d\u0430\u044f \u0441\u0442\u0440\u0430\u043d\u0438\u0446\u0430\",\"item\":\"https:\/\/luxrentdubai.com\/de\/\"},{\"@type\":\"ListItem\",\"position\":2,\"name\":\"Shop\",\"item\":\"https:\/\/luxrentdubai.com\/de\/shop\/\"},{\"@type\":\"ListItem\",\"position\":3,\"name\":\"Audi R8 Spider\"}]},{\"@type\":\"WebSite\",\"@id\":\"https:\/\/luxrentdubai.com\/#website\",\"url\":\"https:\/\/luxrentdubai.com\/\",\"name\":\"Lux Rent Dubai\",\"description\":\"Sports cars and luxury cars rental in Dubai\",\"publisher\":{\"@id\":\"https:\/\/luxrentdubai.com\/#organization\"},\"potentialAction\":[{\"@type\":\"SearchAction\",\"target\":{\"@type\":\"EntryPoint\",\"urlTemplate\":\"https:\/\/luxrentdubai.com\/?s={search_term_string}\"},\"query-input\":{\"@type\":\"PropertyValueSpecification\",\"valueRequired\":true,\"valueName\":\"search_term_string\"}}],\"inLanguage\":\"de\"},{\"@type\":\"Organization\",\"@id\":\"https:\/\/luxrentdubai.com\/#organization\",\"name\":\"Lux Rent Dubai\",\"url\":\"https:\/\/luxrentdubai.com\/\",\"logo\":{\"@type\":\"ImageObject\",\"inLanguage\":\"de\",\"@id\":\"https:\/\/luxrentdubai.com\/#\/schema\/logo\/image\/\",\"url\":\"https:\/\/luxrentdubai.com\/wp-content\/uploads\/2025\/07\/cropped-logo_luxrent_black_background.png\",\"contentUrl\":\"https:\/\/luxrentdubai.com\/wp-content\/uploads\/2025\/07\/cropped-logo_luxrent_black_background.png\",\"width\":700,\"height\":465,\"caption\":\"Lux Rent Dubai\"},\"image\":{\"@id\":\"https:\/\/luxrentdubai.com\/#\/schema\/logo\/image\/\"}}]}<\/script>\n<!-- \/ Yoast SEO plugin. -->","yoast_head_json":{"title":"Audi R8 Spider - Lux Rent Dubai","robots":{"index":"index","follow":"follow","max-snippet":"max-snippet:-1","max-image-preview":"max-image-preview:large","max-video-preview":"max-video-preview:-1"},"canonical":"https:\/\/luxrentdubai.com\/de\/produkt\/audi-r8-spider\/","og_locale":"de_DE","og_type":"article","og_title":"Audi R8 Spider - Lux Rent Dubai","og_description":"Erleben Sie den Nervenkitzel \u2013 mieten Sie einen Audi R8 Spyder in Dubai Wenn Sie nach mehr als nur einem Auto suchen, ist der Audi R8 Spyder die perfekte Wahl. Mit seinem markanten Design und seiner kraftvollen Performance ist dieses Cabriolet f\u00fcr all jene gebaut, die auffallen und jede Sekunde hinter dem Steuer genie\u00dfen m\u00f6chten. Der Audi R8 Spyder ist mehr als nur ein sch\u00f6nes \u00c4u\u00dferes. Er liefert ein wirklich dynamisches Fahrerlebnis, angetrieben von einem beeindruckenden V10-Motor, der Sie in nur 3,5 Sekunden von 0 auf 100 km\/h katapultiert. Sein Allradantrieb sorgt f\u00fcr pr\u00e4zise Kontrolle auf jeder Stra\u00dfe, w\u00e4hrend moderne Sicherheits\u00adsysteme bei jeder Fahrt f\u00fcr ein beruhigendes Gef\u00fchl sorgen. Dar\u00fcber hinaus ist der R8 Spyder mit Luxus- und High-Tech-Features ausgestattet, die Komfort und Stil auf ein neues Niveau heben. Buchen Sie Ihre Fahrt noch heute und \u00fcberzeugen Sie sich selbst \u2013 dieses Auto werden Sie nicht vergessen. Technische DatenBaujahr \u2013 2021 | Farbe \u2013 Schwarz | Motor \u2013 V10, 562 PS, 5204 cm\u00b30\u2013100 km\/h \u2013 3,5 s | Antrieb \u2013 Allrad | Getriebe \u2013 AutomatikT\u00fcren \u2013 2 | Sitze \u2013 2 | Gep\u00e4ck \u2013 1 Handtasche AusstattungNavigationssystem \u2022 Adaptiver Tempomat \u2022 Tempomat \u2022 Elektrische Sitze \u2022 Ledersitze \u2022 Klimaautomatik \u2022 Aktive Lenkung \u2022 USB-C \u2022 Touchscreen-Display \u2022 Apple CarPlay \u2022 Android Auto \u2022 Bluetooth \u2022 Premium-Soundsystem \u2022 R\u00fcckfahrkamera \u2022 Parkassistent \u2022 Parksensoren \u2022 Totwinkel-Assistent \u2022 Digitales Head-Up-Display (HUD) \u2022 Panorama\u00ad-Dach \u2022 SRS-Airbags \u2022 Get\u00f6nte Scheiben","og_url":"https:\/\/luxrentdubai.com\/de\/produkt\/audi-r8-spider\/","og_site_name":"Lux Rent Dubai","article_modified_time":"2025-12-01T16:25:13+00:00","og_image":[{"width":2000,"height":2000,"url":"https:\/\/luxrentdubai.com\/wp-content\/uploads\/2025\/07\/audi-r8-spider_lux-rent-dubai.jpg","type":"image\/jpeg"}],"twitter_card":"summary_large_image","twitter_misc":{"Gesch\u00e4tzte Lesezeit":"2\u00a0Minuten"},"schema":{"@context":"https:\/\/schema.org","@graph":[{"@type":"WebPage","@id":"https:\/\/luxrentdubai.com\/de\/produkt\/audi-r8-spider\/","url":"https:\/\/luxrentdubai.com\/de\/produkt\/audi-r8-spider\/","name":"Audi R8 Spider - Lux Rent Dubai","isPartOf":{"@id":"https:\/\/luxrentdubai.com\/#website"},"primaryImageOfPage":{"@id":"https:\/\/luxrentdubai.com\/de\/produkt\/audi-r8-spider\/#primaryimage"},"image":{"@id":"https:\/\/luxrentdubai.com\/de\/produkt\/audi-r8-spider\/#primaryimage"},"thumbnailUrl":"https:\/\/luxrentdubai.com\/wp-content\/uploads\/2025\/07\/audi-r8-spider_lux-rent-dubai.jpg","datePublished":"2025-07-17T11:43:23+00:00","dateModified":"2025-12-01T16:25:13+00:00","breadcrumb":{"@id":"https:\/\/luxrentdubai.com\/de\/produkt\/audi-r8-spider\/#breadcrumb"},"inLanguage":"de","potentialAction":[{"@type":"ReadAction","target":["https:\/\/luxrentdubai.com\/de\/produkt\/audi-r8-spider\/"]}]},{"@type":"ImageObject","inLanguage":"de","@id":"https:\/\/luxrentdubai.com\/de\/produkt\/audi-r8-spider\/#primaryimage","url":"https:\/\/luxrentdubai.com\/wp-content\/uploads\/2025\/07\/audi-r8-spider_lux-rent-dubai.jpg","contentUrl":"https:\/\/luxrentdubai.com\/wp-content\/uploads\/2025\/07\/audi-r8-spider_lux-rent-dubai.jpg","width":2000,"height":2000},{"@type":"BreadcrumbList","@id":"https:\/\/luxrentdubai.com\/de\/produkt\/audi-r8-spider\/#breadcrumb","itemListElement":[{"@type":"ListItem","position":1,"name":"\u0413\u043b\u0430\u0432\u043d\u0430\u044f \u0441\u0442\u0440\u0430\u043d\u0438\u0446\u0430","item":"https:\/\/luxrentdubai.com\/de\/"},{"@type":"ListItem","position":2,"name":"Shop","item":"https:\/\/luxrentdubai.com\/de\/shop\/"},{"@type":"ListItem","position":3,"name":"Audi R8 Spider"}]},{"@type":"WebSite","@id":"https:\/\/luxrentdubai.com\/#website","url":"https:\/\/luxrentdubai.com\/","name":"Lux Rent Dubai","description":"Sports cars and luxury cars rental in Dubai","publisher":{"@id":"https:\/\/luxrentdubai.com\/#organization"},"potentialAction":[{"@type":"SearchAction","target":{"@type":"EntryPoint","urlTemplate":"https:\/\/luxrentdubai.com\/?s={search_term_string}"},"query-input":{"@type":"PropertyValueSpecification","valueRequired":true,"valueName":"search_term_string"}}],"inLanguage":"de"},{"@type":"Organization","@id":"https:\/\/luxrentdubai.com\/#organization","name":"Lux Rent Dubai","url":"https:\/\/luxrentdubai.com\/","logo":{"@type":"ImageObject","inLanguage":"de","@id":"https:\/\/luxrentdubai.com\/#\/schema\/logo\/image\/","url":"https:\/\/luxrentdubai.com\/wp-content\/uploads\/2025\/07\/cropped-logo_luxrent_black_background.png","contentUrl":"https:\/\/luxrentdubai.com\/wp-content\/uploads\/2025\/07\/cropped-logo_luxrent_black_background.png","width":700,"height":465,"caption":"Lux Rent Dubai"},"image":{"@id":"https:\/\/luxrentdubai.com\/#\/schema\/logo\/image\/"}}]}},"_links":{"self":[{"href":"https:\/\/luxrentdubai.com\/de\/wp-json\/wp\/v2\/product\/9465","targetHints":{"allow":["GET"]}}],"collection":[{"href":"https:\/\/luxrentdubai.com\/de\/wp-json\/wp\/v2\/product"}],"about":[{"href":"https:\/\/luxrentdubai.com\/de\/wp-json\/wp\/v2\/types\/product"}],"replies":[{"embeddable":true,"href":"https:\/\/luxrentdubai.com\/de\/wp-json\/wp\/v2\/comments?post=9465"}],"wp:featuredmedia":[{"embeddable":true,"href":"https:\/\/luxrentdubai.com\/de\/wp-json\/wp\/v2\/media\/2844"}],"wp:attachment":[{"href":"https:\/\/luxrentdubai.com\/de\/wp-json\/wp\/v2\/media?parent=9465"}],"wp:term":[{"taxonomy":"product_brand","embeddable":true,"href":"https:\/\/luxrentdubai.com\/de\/wp-json\/wp\/v2\/product_brand?post=9465"},{"taxonomy":"product_cat","embeddable":true,"href":"https:\/\/luxrentdubai.com\/de\/wp-json\/wp\/v2\/product_cat?post=9465"},{"taxonomy":"product_tag","embeddable":true,"href":"https:\/\/luxrentdubai.com\/de\/wp-json\/wp\/v2\/product_tag?post=9465"}],"curies":[{"name":"wp","href":"https:\/\/api.w.org\/{rel}","templated":true}]}}