{"id":9415,"date":"2025-07-28T21:26:42","date_gmt":"2025-07-28T21:26:42","guid":{"rendered":"https:\/\/luxrentdubai.com\/product\/lamborghini-huracan-evo-spyder-black\/"},"modified":"2025-12-01T11:29:11","modified_gmt":"2025-12-01T11:29:11","slug":"lamborghini-huracan-evo-spyder-black","status":"publish","type":"product","link":"https:\/\/luxrentdubai.com\/pl\/produkt\/lamborghini-huracan-evo-spyder-black\/","title":{"rendered":"Lamborghini Huracan Evo Spyder Black"},"content":{"rendered":"<h3 data-start=\"131\" data-end=\"232\">Wynajmij Lamborghini Hurac\u00e1n EVO Spyder Czarny w Dubaju \u2013 arcydzie\u0142o osi\u0105g\u00f3w i designu<\/h3>\n<p data-start=\"234\" data-end=\"759\">Przygotuj si\u0119 na do\u015bwiadczenie szczytu doskona\u0142o\u015bci motoryzacyjnej z Lamborghini Hurac\u00e1n EVO Spyder \u2013 cudem in\u017cynierii i designu, kt\u00f3ry gwarantuje niezapomniane wra\u017cenia z jazdy. Pod jego smuk\u0142\u0105, aerodynamiczn\u0105 sylwetk\u0105 kryje si\u0119 prawdziwa bestia: pot\u0119\u017cny, wolnoss\u0105cy silnik V10 o pojemno\u015bci 5,2 litra, precyzyjnie zaprojektowany, aby uwolni\u0107 imponuj\u0105c\u0105 moc 640 KM. Dzi\u0119ki niej Hurac\u00e1n EVO Spyder przyspiesza od 0 do 100 km\/h w zaledwie 3,1 sekundy, przenosz\u0105c Ci\u0119 do \u015bwiata niezr\u00f3wnanej pr\u0119dko\u015bci i emocji.<\/p>\n<p data-start=\"761\" data-end=\"1161\">Hurac\u00e1n EVO Spyder to jednak nie tylko szybko\u015b\u0107 \u2013 to tak\u017ce kunszt rzemios\u0142a i innowacyjna technologia, kt\u00f3re definiuj\u0105 mark\u0119 Lamborghini. Od zaawansowanej aerodynamiki, dopracowanej pod k\u0105tem osi\u0105g\u00f3w i stabilno\u015bci, po nowoczesny system infotainment i luksusowe wn\u0119trze \u2013 ka\u017cdy detal tego kabrioletu zosta\u0142 stworzony, aby zwi\u0119kszy\u0107 Twoj\u0105 rado\u015b\u0107 z jazdy.<\/p>\n<p data-start=\"1163\" data-end=\"1861\">Jedn\u0105 z najbardziej fascynuj\u0105cych funkcji Lamborghini Hurac\u00e1n EVO Spyder jest innowacyjny system \u201ePiattaforma Inerziale\u201d (PI). Ta zaawansowana technologia wykorzystuje czujniki, kt\u00f3re w czasie rzeczywistym monitoruj\u0105 ruchy samochodu, umo\u017cliwiaj\u0105c precyzyjne dostosowanie dynamiki pojazdu. Analizuj\u0105c dane takie jak przyspieszenie, hamowanie czy si\u0142y w zakr\u0119tach, system PI optymalizuje osi\u0105gi i prowadzenie, gwarantuj\u0105c ekscytuj\u0105ce wra\u017cenia z jazdy z niezr\u00f3wnan\u0105 precyzj\u0105 i kontrol\u0105. Hurac\u00e1n EVO Spyder \u0142\u0105czy wi\u0119c nie tylko osza\u0142amiaj\u0105c\u0105 pr\u0119dko\u015b\u0107 i imponuj\u0105cy design, ale r\u00f3wnie\u017c nowoczesne technologie, kt\u00f3re przesuwaj\u0105 granice motoryzacyjnej perfekcji.<\/p>\n<p data-start=\"1863\" data-end=\"2127\">Niezale\u017cnie od tego, czy odkrywasz t\u0119tni\u0105ce \u017cyciem ulice Downtown Dubaju, czy podr\u00f3\u017cujesz wzd\u0142u\u017c malowniczego wybrze\u017ca \u2013 wynajem Hurac\u00e1n EVO Spyder to gwarancja niezapomnianego do\u015bwiadczenia, kt\u00f3re \u0142\u0105czy emocje zwi\u0105zane z jazd\u0105 sportowym samochodem z niepowtarzalnym luksusem marki Lamborghini.<\/p>\n<p data-start=\"2129\" data-end=\"2362\"><strong data-start=\"2129\" data-end=\"2148\">Specyfikacja:<\/strong><br \/>\nRok modelowy 2023 \u2022 Kolor: czarny \u2022 Silnik V10 \u2022 640 KM \u2022 0\u2013100 km\/h w 3,1 sekundy \u2022 Pojemno\u015b\u0107 5204 cm\u00b3 \u2022 Nap\u0119d na tylne ko\u0142a \u2022 Automatyczna skrzynia bieg\u00f3w \u2022 2 drzwi \u2022 2 miejsca \u2022 1 baga\u017c podr\u0119czny<\/p>\n<p data-start=\"2364\" data-end=\"2757\"><strong data-start=\"2364\" data-end=\"2377\">Wyposa\u017cenie:<\/strong><br \/>\nSystem nawigacji \u2022 Adaptacyjny tempomat \u2022 Tempomat \u2022 Fotele elektryczne \u2022 Sk\u00f3rzane fotele \u2022 Klimatyzacja automatyczna \u2022 Aktywne wspomaganie kierownicy \u2022 USB-C \u2022 Ekran dotykowy LCD \u2022 Przyciemniane szyby \u2022 Apple CarPlay \u2022 Android Auto \u2022 Asystent parkowania \u2022 Czujniki parkowania \u2022 Kamera cofania \u2022 Asystent martwego pola \u2022 Poduszki powietrzne SRS \u2022 Bluetooth \u2022 Cyfrowy wy\u015bwietlacz Head-Up (HUD) \u2022 Dach panoramiczny \/ szyberdach \u2022 System audio premium<\/p>\n","protected":false},"excerpt":{"rendered":"<h3 data-start=\"131\" data-end=\"232\">Wynajmij Lamborghini Hurac\u00e1n EVO Spyder Czarny w Dubaju \u2013 arcydzie\u0142o osi\u0105g\u00f3w i designu<\/h3>\n<p data-start=\"234\" data-end=\"759\">Przygotuj si\u0119 na do\u015bwiadczenie szczytu doskona\u0142o\u015bci motoryzacyjnej z Lamborghini Hurac\u00e1n EVO Spyder \u2013 cudem in\u017cynierii i designu, kt\u00f3ry gwarantuje niezapomniane wra\u017cenia z jazdy. Pod jego smuk\u0142\u0105, aerodynamiczn\u0105 sylwetk\u0105 kryje si\u0119 prawdziwa bestia: pot\u0119\u017cny, wolnoss\u0105cy silnik V10 o pojemno\u015bci 5,2 litra, precyzyjnie zaprojektowany, aby uwolni\u0107 imponuj\u0105c\u0105 moc 640 KM. Dzi\u0119ki niej Hurac\u00e1n EVO Spyder przyspiesza od 0 do 100 km\/h w zaledwie 3,1 sekundy, przenosz\u0105c Ci\u0119 do \u015bwiata niezr\u00f3wnanej pr\u0119dko\u015bci i emocji.<\/p>\n<p data-start=\"761\" data-end=\"1161\">Hurac\u00e1n EVO Spyder to jednak nie tylko szybko\u015b\u0107 \u2013 to tak\u017ce kunszt rzemios\u0142a i innowacyjna technologia, kt\u00f3re definiuj\u0105 mark\u0119 Lamborghini. Od zaawansowanej aerodynamiki, dopracowanej pod k\u0105tem osi\u0105g\u00f3w i stabilno\u015bci, po nowoczesny system infotainment i luksusowe wn\u0119trze \u2013 ka\u017cdy detal tego kabrioletu zosta\u0142 stworzony, aby zwi\u0119kszy\u0107 Twoj\u0105 rado\u015b\u0107 z jazdy.<\/p>\n<p data-start=\"1163\" data-end=\"1861\">Jedn\u0105 z najbardziej fascynuj\u0105cych funkcji Lamborghini Hurac\u00e1n EVO Spyder jest innowacyjny system \u201ePiattaforma Inerziale\u201d (PI). Ta zaawansowana technologia wykorzystuje czujniki, kt\u00f3re w czasie rzeczywistym monitoruj\u0105 ruchy samochodu, umo\u017cliwiaj\u0105c precyzyjne dostosowanie dynamiki pojazdu. Analizuj\u0105c dane takie jak przyspieszenie, hamowanie czy si\u0142y w zakr\u0119tach, system PI optymalizuje osi\u0105gi i prowadzenie, gwarantuj\u0105c ekscytuj\u0105ce wra\u017cenia z jazdy z niezr\u00f3wnan\u0105 precyzj\u0105 i kontrol\u0105. Hurac\u00e1n EVO Spyder \u0142\u0105czy wi\u0119c nie tylko osza\u0142amiaj\u0105c\u0105 pr\u0119dko\u015b\u0107 i imponuj\u0105cy design, ale r\u00f3wnie\u017c nowoczesne technologie, kt\u00f3re przesuwaj\u0105 granice motoryzacyjnej perfekcji.<\/p>\n<p data-start=\"1863\" data-end=\"2127\">Niezale\u017cnie od tego, czy odkrywasz t\u0119tni\u0105ce \u017cyciem ulice Downtown Dubaju, czy podr\u00f3\u017cujesz wzd\u0142u\u017c malowniczego wybrze\u017ca \u2013 wynajem Hurac\u00e1n EVO Spyder to gwarancja niezapomnianego do\u015bwiadczenia, kt\u00f3re \u0142\u0105czy emocje zwi\u0105zane z jazd\u0105 sportowym samochodem z niepowtarzalnym luksusem marki Lamborghini.<\/p>\n<p data-start=\"2129\" data-end=\"2362\"><strong data-start=\"2129\" data-end=\"2148\">Specyfikacja:<\/strong><br \/>\nRok modelowy 2023 \u2022 Kolor: czarny \u2022 Silnik V10 \u2022 640 KM \u2022 0\u2013100 km\/h w 3,1 sekundy \u2022 Pojemno\u015b\u0107 5204 cm\u00b3 \u2022 Nap\u0119d na tylne ko\u0142a \u2022 Automatyczna skrzynia bieg\u00f3w \u2022 2 drzwi \u2022 2 miejsca \u2022 1 baga\u017c podr\u0119czny<\/p>\n<p data-start=\"2364\" data-end=\"2757\"><strong data-start=\"2364\" data-end=\"2377\">Wyposa\u017cenie:<\/strong><br \/>\nSystem nawigacji \u2022 Adaptacyjny tempomat \u2022 Tempomat \u2022 Fotele elektryczne \u2022 Sk\u00f3rzane fotele \u2022 Klimatyzacja automatyczna \u2022 Aktywne wspomaganie kierownicy \u2022 USB-C \u2022 Ekran dotykowy LCD \u2022 Przyciemniane szyby \u2022 Apple CarPlay \u2022 Android Auto \u2022 Asystent parkowania \u2022 Czujniki parkowania \u2022 Kamera cofania \u2022 Asystent martwego pola \u2022 Poduszki powietrzne SRS \u2022 Bluetooth \u2022 Cyfrowy wy\u015bwietlacz Head-Up (HUD) \u2022 Dach panoramiczny \/ szyberdach \u2022 System audio premium<\/p>\n","protected":false},"featured_media":6877,"comment_status":"open","ping_status":"closed","template":"","meta":{"_acf_changed":false},"product_brand":[],"product_cat":[114],"product_tag":[],"class_list":{"0":"post-9415","1":"product","2":"type-product","3":"status-publish","4":"has-post-thumbnail","6":"product_cat-lamborghini-pl","8":"first","9":"instock","10":"shipping-taxable","11":"purchasable","12":"product-type-ovabrw_car_rental"},"acf":[],"yoast_head":"<!-- This site is optimized with the Yoast SEO plugin v26.8 - https:\/\/yoast.com\/product\/yoast-seo-wordpress\/ -->\n<title>Lamborghini Huracan Evo Spyder Black - Lux Rent Dubai<\/title>\n<meta name=\"robots\" content=\"index, follow, max-snippet:-1, max-image-preview:large, max-video-preview:-1\" \/>\n<link rel=\"canonical\" href=\"https:\/\/luxrentdubai.com\/pl\/produkt\/lamborghini-huracan-evo-spyder-black\/\" \/>\n<meta property=\"og:locale\" content=\"pl_PL\" \/>\n<meta property=\"og:type\" content=\"article\" \/>\n<meta property=\"og:title\" content=\"Lamborghini Huracan Evo Spyder Black - Lux Rent Dubai\" \/>\n<meta property=\"og:description\" content=\"Wynajmij Lamborghini Hurac\u00e1n EVO Spyder Czarny w Dubaju \u2013 arcydzie\u0142o osi\u0105g\u00f3w i designu Przygotuj si\u0119 na do\u015bwiadczenie szczytu doskona\u0142o\u015bci motoryzacyjnej z Lamborghini Hurac\u00e1n EVO Spyder \u2013 cudem in\u017cynierii i designu, kt\u00f3ry gwarantuje niezapomniane wra\u017cenia z jazdy. Pod jego smuk\u0142\u0105, aerodynamiczn\u0105 sylwetk\u0105 kryje si\u0119 prawdziwa bestia: pot\u0119\u017cny, wolnoss\u0105cy silnik V10 o pojemno\u015bci 5,2 litra, precyzyjnie zaprojektowany, aby uwolni\u0107 imponuj\u0105c\u0105 moc 640 KM. Dzi\u0119ki niej Hurac\u00e1n EVO Spyder przyspiesza od 0 do 100 km\/h w zaledwie 3,1 sekundy, przenosz\u0105c Ci\u0119 do \u015bwiata niezr\u00f3wnanej pr\u0119dko\u015bci i emocji. Hurac\u00e1n EVO Spyder to jednak nie tylko szybko\u015b\u0107 \u2013 to tak\u017ce kunszt rzemios\u0142a i innowacyjna technologia, kt\u00f3re definiuj\u0105 mark\u0119 Lamborghini. Od zaawansowanej aerodynamiki, dopracowanej pod k\u0105tem osi\u0105g\u00f3w i stabilno\u015bci, po nowoczesny system infotainment i luksusowe wn\u0119trze \u2013 ka\u017cdy detal tego kabrioletu zosta\u0142 stworzony, aby zwi\u0119kszy\u0107 Twoj\u0105 rado\u015b\u0107 z jazdy. Jedn\u0105 z najbardziej fascynuj\u0105cych funkcji Lamborghini Hurac\u00e1n EVO Spyder jest innowacyjny system \u201ePiattaforma Inerziale\u201d (PI). Ta zaawansowana technologia wykorzystuje czujniki, kt\u00f3re w czasie rzeczywistym monitoruj\u0105 ruchy samochodu, umo\u017cliwiaj\u0105c precyzyjne dostosowanie dynamiki pojazdu. Analizuj\u0105c dane takie jak przyspieszenie, hamowanie czy si\u0142y w zakr\u0119tach, system PI optymalizuje osi\u0105gi i prowadzenie, gwarantuj\u0105c ekscytuj\u0105ce wra\u017cenia z jazdy z niezr\u00f3wnan\u0105 precyzj\u0105 i kontrol\u0105. Hurac\u00e1n EVO Spyder \u0142\u0105czy wi\u0119c nie tylko osza\u0142amiaj\u0105c\u0105 pr\u0119dko\u015b\u0107 i imponuj\u0105cy design, ale r\u00f3wnie\u017c nowoczesne technologie, kt\u00f3re przesuwaj\u0105 granice motoryzacyjnej perfekcji. Niezale\u017cnie od tego, czy odkrywasz t\u0119tni\u0105ce \u017cyciem ulice Downtown Dubaju, czy podr\u00f3\u017cujesz wzd\u0142u\u017c malowniczego wybrze\u017ca \u2013 wynajem Hurac\u00e1n EVO Spyder to gwarancja niezapomnianego do\u015bwiadczenia, kt\u00f3re \u0142\u0105czy emocje zwi\u0105zane z jazd\u0105 sportowym samochodem z niepowtarzalnym luksusem marki Lamborghini. Specyfikacja: Rok modelowy 2023 \u2022 Kolor: czarny \u2022 Silnik V10 \u2022 640 KM \u2022 0\u2013100 km\/h w 3,1 sekundy \u2022 Pojemno\u015b\u0107 5204 cm\u00b3 \u2022 Nap\u0119d na tylne ko\u0142a \u2022 Automatyczna skrzynia bieg\u00f3w \u2022 2 drzwi \u2022 2 miejsca \u2022 1 baga\u017c podr\u0119czny Wyposa\u017cenie: System nawigacji \u2022 Adaptacyjny tempomat \u2022 Tempomat \u2022 Fotele elektryczne \u2022 Sk\u00f3rzane fotele \u2022 Klimatyzacja automatyczna \u2022 Aktywne wspomaganie kierownicy \u2022 USB-C \u2022 Ekran dotykowy LCD \u2022 Przyciemniane szyby \u2022 Apple CarPlay \u2022 Android Auto \u2022 Asystent parkowania \u2022 Czujniki parkowania \u2022 Kamera cofania \u2022 Asystent martwego pola \u2022 Poduszki powietrzne SRS \u2022 Bluetooth \u2022 Cyfrowy wy\u015bwietlacz Head-Up (HUD) \u2022 Dach panoramiczny \/ szyberdach \u2022 System audio premium\" \/>\n<meta property=\"og:url\" content=\"https:\/\/luxrentdubai.com\/pl\/produkt\/lamborghini-huracan-evo-spyder-black\/\" \/>\n<meta property=\"og:site_name\" content=\"Lux Rent Dubai\" \/>\n<meta property=\"article:modified_time\" content=\"2025-12-01T11:29:11+00:00\" \/>\n<meta property=\"og:image\" content=\"https:\/\/luxrentdubai.com\/wp-content\/uploads\/2025\/07\/lamborghini-huracan-evo-spyder-black.jpg\" \/>\n\t<meta property=\"og:image:width\" content=\"1600\" \/>\n\t<meta property=\"og:image:height\" content=\"1240\" \/>\n\t<meta property=\"og:image:type\" content=\"image\/jpeg\" \/>\n<meta name=\"twitter:card\" content=\"summary_large_image\" \/>\n<meta name=\"twitter:label1\" content=\"Szacowany czas czytania\" \/>\n\t<meta name=\"twitter:data1\" content=\"3 minuty\" \/>\n<script type=\"application\/ld+json\" class=\"yoast-schema-graph\">{\"@context\":\"https:\/\/schema.org\",\"@graph\":[{\"@type\":\"WebPage\",\"@id\":\"https:\/\/luxrentdubai.com\/pl\/produkt\/lamborghini-huracan-evo-spyder-black\/\",\"url\":\"https:\/\/luxrentdubai.com\/pl\/produkt\/lamborghini-huracan-evo-spyder-black\/\",\"name\":\"Lamborghini Huracan Evo Spyder Black - Lux Rent Dubai\",\"isPartOf\":{\"@id\":\"https:\/\/luxrentdubai.com\/#website\"},\"primaryImageOfPage\":{\"@id\":\"https:\/\/luxrentdubai.com\/pl\/produkt\/lamborghini-huracan-evo-spyder-black\/#primaryimage\"},\"image\":{\"@id\":\"https:\/\/luxrentdubai.com\/pl\/produkt\/lamborghini-huracan-evo-spyder-black\/#primaryimage\"},\"thumbnailUrl\":\"https:\/\/luxrentdubai.com\/wp-content\/uploads\/2025\/07\/lamborghini-huracan-evo-spyder-black.jpg\",\"datePublished\":\"2025-07-28T21:26:42+00:00\",\"dateModified\":\"2025-12-01T11:29:11+00:00\",\"breadcrumb\":{\"@id\":\"https:\/\/luxrentdubai.com\/pl\/produkt\/lamborghini-huracan-evo-spyder-black\/#breadcrumb\"},\"inLanguage\":\"pl-PL\",\"potentialAction\":[{\"@type\":\"ReadAction\",\"target\":[\"https:\/\/luxrentdubai.com\/pl\/produkt\/lamborghini-huracan-evo-spyder-black\/\"]}]},{\"@type\":\"ImageObject\",\"inLanguage\":\"pl-PL\",\"@id\":\"https:\/\/luxrentdubai.com\/pl\/produkt\/lamborghini-huracan-evo-spyder-black\/#primaryimage\",\"url\":\"https:\/\/luxrentdubai.com\/wp-content\/uploads\/2025\/07\/lamborghini-huracan-evo-spyder-black.jpg\",\"contentUrl\":\"https:\/\/luxrentdubai.com\/wp-content\/uploads\/2025\/07\/lamborghini-huracan-evo-spyder-black.jpg\",\"width\":1600,\"height\":1240},{\"@type\":\"BreadcrumbList\",\"@id\":\"https:\/\/luxrentdubai.com\/pl\/produkt\/lamborghini-huracan-evo-spyder-black\/#breadcrumb\",\"itemListElement\":[{\"@type\":\"ListItem\",\"position\":1,\"name\":\"\u0413\u043b\u0430\u0432\u043d\u0430\u044f \u0441\u0442\u0440\u0430\u043d\u0438\u0446\u0430\",\"item\":\"https:\/\/luxrentdubai.com\/pl\/\"},{\"@type\":\"ListItem\",\"position\":2,\"name\":\"Sklep\",\"item\":\"https:\/\/luxrentdubai.com\/pl\/sklep\/\"},{\"@type\":\"ListItem\",\"position\":3,\"name\":\"Lamborghini Huracan Evo Spyder Black\"}]},{\"@type\":\"WebSite\",\"@id\":\"https:\/\/luxrentdubai.com\/#website\",\"url\":\"https:\/\/luxrentdubai.com\/\",\"name\":\"Lux Rent Dubai\",\"description\":\"Sports cars and luxury cars rental in Dubai\",\"publisher\":{\"@id\":\"https:\/\/luxrentdubai.com\/#organization\"},\"potentialAction\":[{\"@type\":\"SearchAction\",\"target\":{\"@type\":\"EntryPoint\",\"urlTemplate\":\"https:\/\/luxrentdubai.com\/?s={search_term_string}\"},\"query-input\":{\"@type\":\"PropertyValueSpecification\",\"valueRequired\":true,\"valueName\":\"search_term_string\"}}],\"inLanguage\":\"pl-PL\"},{\"@type\":\"Organization\",\"@id\":\"https:\/\/luxrentdubai.com\/#organization\",\"name\":\"Lux Rent Dubai\",\"url\":\"https:\/\/luxrentdubai.com\/\",\"logo\":{\"@type\":\"ImageObject\",\"inLanguage\":\"pl-PL\",\"@id\":\"https:\/\/luxrentdubai.com\/#\/schema\/logo\/image\/\",\"url\":\"https:\/\/luxrentdubai.com\/wp-content\/uploads\/2025\/07\/cropped-logo_luxrent_black_background.png\",\"contentUrl\":\"https:\/\/luxrentdubai.com\/wp-content\/uploads\/2025\/07\/cropped-logo_luxrent_black_background.png\",\"width\":700,\"height\":465,\"caption\":\"Lux Rent Dubai\"},\"image\":{\"@id\":\"https:\/\/luxrentdubai.com\/#\/schema\/logo\/image\/\"}}]}<\/script>\n<!-- \/ Yoast SEO plugin. -->","yoast_head_json":{"title":"Lamborghini Huracan Evo Spyder Black - Lux Rent Dubai","robots":{"index":"index","follow":"follow","max-snippet":"max-snippet:-1","max-image-preview":"max-image-preview:large","max-video-preview":"max-video-preview:-1"},"canonical":"https:\/\/luxrentdubai.com\/pl\/produkt\/lamborghini-huracan-evo-spyder-black\/","og_locale":"pl_PL","og_type":"article","og_title":"Lamborghini Huracan Evo Spyder Black - Lux Rent Dubai","og_description":"Wynajmij Lamborghini Hurac\u00e1n EVO Spyder Czarny w Dubaju \u2013 arcydzie\u0142o osi\u0105g\u00f3w i designu Przygotuj si\u0119 na do\u015bwiadczenie szczytu doskona\u0142o\u015bci motoryzacyjnej z Lamborghini Hurac\u00e1n EVO Spyder \u2013 cudem in\u017cynierii i designu, kt\u00f3ry gwarantuje niezapomniane wra\u017cenia z jazdy. Pod jego smuk\u0142\u0105, aerodynamiczn\u0105 sylwetk\u0105 kryje si\u0119 prawdziwa bestia: pot\u0119\u017cny, wolnoss\u0105cy silnik V10 o pojemno\u015bci 5,2 litra, precyzyjnie zaprojektowany, aby uwolni\u0107 imponuj\u0105c\u0105 moc 640 KM. Dzi\u0119ki niej Hurac\u00e1n EVO Spyder przyspiesza od 0 do 100 km\/h w zaledwie 3,1 sekundy, przenosz\u0105c Ci\u0119 do \u015bwiata niezr\u00f3wnanej pr\u0119dko\u015bci i emocji. Hurac\u00e1n EVO Spyder to jednak nie tylko szybko\u015b\u0107 \u2013 to tak\u017ce kunszt rzemios\u0142a i innowacyjna technologia, kt\u00f3re definiuj\u0105 mark\u0119 Lamborghini. Od zaawansowanej aerodynamiki, dopracowanej pod k\u0105tem osi\u0105g\u00f3w i stabilno\u015bci, po nowoczesny system infotainment i luksusowe wn\u0119trze \u2013 ka\u017cdy detal tego kabrioletu zosta\u0142 stworzony, aby zwi\u0119kszy\u0107 Twoj\u0105 rado\u015b\u0107 z jazdy. Jedn\u0105 z najbardziej fascynuj\u0105cych funkcji Lamborghini Hurac\u00e1n EVO Spyder jest innowacyjny system \u201ePiattaforma Inerziale\u201d (PI). Ta zaawansowana technologia wykorzystuje czujniki, kt\u00f3re w czasie rzeczywistym monitoruj\u0105 ruchy samochodu, umo\u017cliwiaj\u0105c precyzyjne dostosowanie dynamiki pojazdu. Analizuj\u0105c dane takie jak przyspieszenie, hamowanie czy si\u0142y w zakr\u0119tach, system PI optymalizuje osi\u0105gi i prowadzenie, gwarantuj\u0105c ekscytuj\u0105ce wra\u017cenia z jazdy z niezr\u00f3wnan\u0105 precyzj\u0105 i kontrol\u0105. Hurac\u00e1n EVO Spyder \u0142\u0105czy wi\u0119c nie tylko osza\u0142amiaj\u0105c\u0105 pr\u0119dko\u015b\u0107 i imponuj\u0105cy design, ale r\u00f3wnie\u017c nowoczesne technologie, kt\u00f3re przesuwaj\u0105 granice motoryzacyjnej perfekcji. Niezale\u017cnie od tego, czy odkrywasz t\u0119tni\u0105ce \u017cyciem ulice Downtown Dubaju, czy podr\u00f3\u017cujesz wzd\u0142u\u017c malowniczego wybrze\u017ca \u2013 wynajem Hurac\u00e1n EVO Spyder to gwarancja niezapomnianego do\u015bwiadczenia, kt\u00f3re \u0142\u0105czy emocje zwi\u0105zane z jazd\u0105 sportowym samochodem z niepowtarzalnym luksusem marki Lamborghini. Specyfikacja: Rok modelowy 2023 \u2022 Kolor: czarny \u2022 Silnik V10 \u2022 640 KM \u2022 0\u2013100 km\/h w 3,1 sekundy \u2022 Pojemno\u015b\u0107 5204 cm\u00b3 \u2022 Nap\u0119d na tylne ko\u0142a \u2022 Automatyczna skrzynia bieg\u00f3w \u2022 2 drzwi \u2022 2 miejsca \u2022 1 baga\u017c podr\u0119czny Wyposa\u017cenie: System nawigacji \u2022 Adaptacyjny tempomat \u2022 Tempomat \u2022 Fotele elektryczne \u2022 Sk\u00f3rzane fotele \u2022 Klimatyzacja automatyczna \u2022 Aktywne wspomaganie kierownicy \u2022 USB-C \u2022 Ekran dotykowy LCD \u2022 Przyciemniane szyby \u2022 Apple CarPlay \u2022 Android Auto \u2022 Asystent parkowania \u2022 Czujniki parkowania \u2022 Kamera cofania \u2022 Asystent martwego pola \u2022 Poduszki powietrzne SRS \u2022 Bluetooth \u2022 Cyfrowy wy\u015bwietlacz Head-Up (HUD) \u2022 Dach panoramiczny \/ szyberdach \u2022 System audio premium","og_url":"https:\/\/luxrentdubai.com\/pl\/produkt\/lamborghini-huracan-evo-spyder-black\/","og_site_name":"Lux Rent Dubai","article_modified_time":"2025-12-01T11:29:11+00:00","og_image":[{"width":1600,"height":1240,"url":"https:\/\/luxrentdubai.com\/wp-content\/uploads\/2025\/07\/lamborghini-huracan-evo-spyder-black.jpg","type":"image\/jpeg"}],"twitter_card":"summary_large_image","twitter_misc":{"Szacowany czas czytania":"3 minuty"},"schema":{"@context":"https:\/\/schema.org","@graph":[{"@type":"WebPage","@id":"https:\/\/luxrentdubai.com\/pl\/produkt\/lamborghini-huracan-evo-spyder-black\/","url":"https:\/\/luxrentdubai.com\/pl\/produkt\/lamborghini-huracan-evo-spyder-black\/","name":"Lamborghini Huracan Evo Spyder Black - Lux Rent Dubai","isPartOf":{"@id":"https:\/\/luxrentdubai.com\/#website"},"primaryImageOfPage":{"@id":"https:\/\/luxrentdubai.com\/pl\/produkt\/lamborghini-huracan-evo-spyder-black\/#primaryimage"},"image":{"@id":"https:\/\/luxrentdubai.com\/pl\/produkt\/lamborghini-huracan-evo-spyder-black\/#primaryimage"},"thumbnailUrl":"https:\/\/luxrentdubai.com\/wp-content\/uploads\/2025\/07\/lamborghini-huracan-evo-spyder-black.jpg","datePublished":"2025-07-28T21:26:42+00:00","dateModified":"2025-12-01T11:29:11+00:00","breadcrumb":{"@id":"https:\/\/luxrentdubai.com\/pl\/produkt\/lamborghini-huracan-evo-spyder-black\/#breadcrumb"},"inLanguage":"pl-PL","potentialAction":[{"@type":"ReadAction","target":["https:\/\/luxrentdubai.com\/pl\/produkt\/lamborghini-huracan-evo-spyder-black\/"]}]},{"@type":"ImageObject","inLanguage":"pl-PL","@id":"https:\/\/luxrentdubai.com\/pl\/produkt\/lamborghini-huracan-evo-spyder-black\/#primaryimage","url":"https:\/\/luxrentdubai.com\/wp-content\/uploads\/2025\/07\/lamborghini-huracan-evo-spyder-black.jpg","contentUrl":"https:\/\/luxrentdubai.com\/wp-content\/uploads\/2025\/07\/lamborghini-huracan-evo-spyder-black.jpg","width":1600,"height":1240},{"@type":"BreadcrumbList","@id":"https:\/\/luxrentdubai.com\/pl\/produkt\/lamborghini-huracan-evo-spyder-black\/#breadcrumb","itemListElement":[{"@type":"ListItem","position":1,"name":"\u0413\u043b\u0430\u0432\u043d\u0430\u044f \u0441\u0442\u0440\u0430\u043d\u0438\u0446\u0430","item":"https:\/\/luxrentdubai.com\/pl\/"},{"@type":"ListItem","position":2,"name":"Sklep","item":"https:\/\/luxrentdubai.com\/pl\/sklep\/"},{"@type":"ListItem","position":3,"name":"Lamborghini Huracan Evo Spyder Black"}]},{"@type":"WebSite","@id":"https:\/\/luxrentdubai.com\/#website","url":"https:\/\/luxrentdubai.com\/","name":"Lux Rent Dubai","description":"Sports cars and luxury cars rental in Dubai","publisher":{"@id":"https:\/\/luxrentdubai.com\/#organization"},"potentialAction":[{"@type":"SearchAction","target":{"@type":"EntryPoint","urlTemplate":"https:\/\/luxrentdubai.com\/?s={search_term_string}"},"query-input":{"@type":"PropertyValueSpecification","valueRequired":true,"valueName":"search_term_string"}}],"inLanguage":"pl-PL"},{"@type":"Organization","@id":"https:\/\/luxrentdubai.com\/#organization","name":"Lux Rent Dubai","url":"https:\/\/luxrentdubai.com\/","logo":{"@type":"ImageObject","inLanguage":"pl-PL","@id":"https:\/\/luxrentdubai.com\/#\/schema\/logo\/image\/","url":"https:\/\/luxrentdubai.com\/wp-content\/uploads\/2025\/07\/cropped-logo_luxrent_black_background.png","contentUrl":"https:\/\/luxrentdubai.com\/wp-content\/uploads\/2025\/07\/cropped-logo_luxrent_black_background.png","width":700,"height":465,"caption":"Lux Rent Dubai"},"image":{"@id":"https:\/\/luxrentdubai.com\/#\/schema\/logo\/image\/"}}]}},"_links":{"self":[{"href":"https:\/\/luxrentdubai.com\/pl\/wp-json\/wp\/v2\/product\/9415","targetHints":{"allow":["GET"]}}],"collection":[{"href":"https:\/\/luxrentdubai.com\/pl\/wp-json\/wp\/v2\/product"}],"about":[{"href":"https:\/\/luxrentdubai.com\/pl\/wp-json\/wp\/v2\/types\/product"}],"replies":[{"embeddable":true,"href":"https:\/\/luxrentdubai.com\/pl\/wp-json\/wp\/v2\/comments?post=9415"}],"wp:featuredmedia":[{"embeddable":true,"href":"https:\/\/luxrentdubai.com\/pl\/wp-json\/wp\/v2\/media\/6877"}],"wp:attachment":[{"href":"https:\/\/luxrentdubai.com\/pl\/wp-json\/wp\/v2\/media?parent=9415"}],"wp:term":[{"taxonomy":"product_brand","embeddable":true,"href":"https:\/\/luxrentdubai.com\/pl\/wp-json\/wp\/v2\/product_brand?post=9415"},{"taxonomy":"product_cat","embeddable":true,"href":"https:\/\/luxrentdubai.com\/pl\/wp-json\/wp\/v2\/product_cat?post=9415"},{"taxonomy":"product_tag","embeddable":true,"href":"https:\/\/luxrentdubai.com\/pl\/wp-json\/wp\/v2\/product_tag?post=9415"}],"curies":[{"name":"wp","href":"https:\/\/api.w.org\/{rel}","templated":true}]}}