{"id":9744,"date":"2025-07-28T21:26:42","date_gmt":"2025-07-28T21:26:42","guid":{"rendered":"https:\/\/luxrentdubai.com\/product\/lamborghini-urus-black\/"},"modified":"2025-12-01T11:32:26","modified_gmt":"2025-12-01T11:32:26","slug":"lamborghini-urus-black","status":"publish","type":"product","link":"https:\/\/luxrentdubai.com\/pl\/produkt\/lamborghini-urus-black\/","title":{"rendered":"Lamborghini Urus Black"},"content":{"rendered":"<h3 data-start=\"191\" data-end=\"273\">Wynajmij Lamborghini Urus Black w Dubaju \u2013 Najwy\u017csze do\u015bwiadczenie luksusowego SUV-a<\/h3>\n<p data-start=\"275\" data-end=\"753\">Odkryj niezr\u00f3wnan\u0105 moc, styl i codzienn\u0105 wszechstronno\u015b\u0107 z Lamborghini Urus 2022 w kolorze czarnym, dost\u0119pnym teraz na wynajem w Dubaju. Zaprojektowany, aby po\u0142\u0105czy\u0107 osi\u0105gi supersamochodu z praktyczno\u015bci\u0105 luksusowego SUV-a, ten nap\u0119d na cztery ko\u0142a kryje pod mask\u0105 silnik V8 4.0L z podw\u00f3jnym turbodo\u0142adowaniem, generuj\u0105cy imponuj\u0105ce 650 koni mechanicznych. Przyspieszaj\u0105c od 0 do 100 km\/h w zaledwie 3,6 sekundy, Urus zapewnia zapieraj\u0105c\u0105 dech w piersiach pr\u0119dko\u015b\u0107, jednocze\u015bnie oferuj\u0105c doskona\u0142e prowadzenie i komfort na ka\u017cdym rodzaju nawierzchni.<\/p>\n<p data-start=\"755\" data-end=\"1134\">Niezale\u017cnie od tego, czy zwiedzasz miasto w wielkim stylu, czy podbijasz pustynne drogi, Urus gwarantuje wyrafinowane wra\u017cenia z jazdy dzi\u0119ki najnowocze\u015bniejszej technologii, przestronnemu wn\u0119trzu dla pi\u0119ciu os\u00f3b oraz luksusowej kabinie wyko\u0144czonej sk\u00f3r\u0105 i materia\u0142ami najwy\u017cszej jako\u015bci. Jego odwa\u017cne czarne nadwozie nadaje agresywnego charakteru smuk\u0142ej i muskularnej sylwetce \u2013 gwarantuj\u0105c, \u017ce zwr\u00f3cisz na siebie uwag\u0119 wsz\u0119dzie, gdzie si\u0119 pojawisz.<\/p>\n<p data-start=\"1136\" data-end=\"1312\">Je\u015bli szukasz luksusowego SUV-a o wysokich osi\u0105gach na wynajem w Dubaju, Lamborghini Urus to idealny wyb\u00f3r, aby wznie\u015b\u0107 Tw\u00f3j pobyt na wy\u017cszy poziom elegancji, szybko\u015bci i wyrafinowania.<\/p>\n<p data-start=\"1314\" data-end=\"1690\"><strong data-start=\"1314\" data-end=\"1333\">Specyfikacja:<\/strong> Rok modelowy 2022, kolor czarny. Silnik V8 4.0L z podw\u00f3jnym turbodo\u0142adowaniem o pojemno\u015bci 3996 cm\u00b3, moc 650 KM. Przyspieszenie od 0 do 100 km\/h w 3,6 sekundy. Automatyczna skrzynia bieg\u00f3w, nap\u0119d na cztery ko\u0142a. Cztery drzwi, komfortowe siedzenia dla pi\u0119ciu pasa\u017cer\u00f3w, przestrze\u0144 na 3\u20134 \u015bredniej wielko\u015bci torby.<\/p>\n<p data-start=\"1692\" data-end=\"2072\"><strong data-start=\"1692\" data-end=\"1705\">Wyposa\u017cenie:<\/strong> System nawigacji, adaptacyjny tempomat, tempomat, elektrycznie regulowane fotele, sk\u00f3rzana tapicerka, klimatyzacja, aktywne wspomaganie kierownicy, USB Type-C, dotykowy ekran LCD, przyciemniane szyby, Apple CarPlay, Android Auto, asystent parkowania, czujniki parkowania, kamera cofania, system monitorowania martwego pola, poduszki powietrzne SRS, Bluetooth, cyfrowy wy\u015bwietlacz HUD, panoramiczny dach oraz system nag\u0142o\u015bnienia premium.<\/p>\n","protected":false},"excerpt":{"rendered":"<h3 data-start=\"191\" data-end=\"273\">Wynajmij Lamborghini Urus Black w Dubaju \u2013 Najwy\u017csze do\u015bwiadczenie luksusowego SUV-a<\/h3>\n<p data-start=\"275\" data-end=\"753\">Odkryj niezr\u00f3wnan\u0105 moc, styl i codzienn\u0105 wszechstronno\u015b\u0107 z Lamborghini Urus 2022 w kolorze czarnym, dost\u0119pnym teraz na wynajem w Dubaju. Zaprojektowany, aby po\u0142\u0105czy\u0107 osi\u0105gi supersamochodu z praktyczno\u015bci\u0105 luksusowego SUV-a, ten nap\u0119d na cztery ko\u0142a kryje pod mask\u0105 silnik V8 4.0L z podw\u00f3jnym turbodo\u0142adowaniem, generuj\u0105cy imponuj\u0105ce 650 koni mechanicznych. Przyspieszaj\u0105c od 0 do 100 km\/h w zaledwie 3,6 sekundy, Urus zapewnia zapieraj\u0105c\u0105 dech w piersiach pr\u0119dko\u015b\u0107, jednocze\u015bnie oferuj\u0105c doskona\u0142e prowadzenie i komfort na ka\u017cdym rodzaju nawierzchni.<\/p>\n<p data-start=\"755\" data-end=\"1134\">Niezale\u017cnie od tego, czy zwiedzasz miasto w wielkim stylu, czy podbijasz pustynne drogi, Urus gwarantuje wyrafinowane wra\u017cenia z jazdy dzi\u0119ki najnowocze\u015bniejszej technologii, przestronnemu wn\u0119trzu dla pi\u0119ciu os\u00f3b oraz luksusowej kabinie wyko\u0144czonej sk\u00f3r\u0105 i materia\u0142ami najwy\u017cszej jako\u015bci. Jego odwa\u017cne czarne nadwozie nadaje agresywnego charakteru smuk\u0142ej i muskularnej sylwetce \u2013 gwarantuj\u0105c, \u017ce zwr\u00f3cisz na siebie uwag\u0119 wsz\u0119dzie, gdzie si\u0119 pojawisz.<\/p>\n<p data-start=\"1136\" data-end=\"1312\">Je\u015bli szukasz luksusowego SUV-a o wysokich osi\u0105gach na wynajem w Dubaju, Lamborghini Urus to idealny wyb\u00f3r, aby wznie\u015b\u0107 Tw\u00f3j pobyt na wy\u017cszy poziom elegancji, szybko\u015bci i wyrafinowania.<\/p>\n<p data-start=\"1314\" data-end=\"1690\"><strong data-start=\"1314\" data-end=\"1333\">Specyfikacja:<\/strong> Rok modelowy 2022, kolor czarny. Silnik V8 4.0L z podw\u00f3jnym turbodo\u0142adowaniem o pojemno\u015bci 3996 cm\u00b3, moc 650 KM. Przyspieszenie od 0 do 100 km\/h w 3,6 sekundy. Automatyczna skrzynia bieg\u00f3w, nap\u0119d na cztery ko\u0142a. Cztery drzwi, komfortowe siedzenia dla pi\u0119ciu pasa\u017cer\u00f3w, przestrze\u0144 na 3\u20134 \u015bredniej wielko\u015bci torby.<\/p>\n<p data-start=\"1692\" data-end=\"2072\"><strong data-start=\"1692\" data-end=\"1705\">Wyposa\u017cenie:<\/strong> System nawigacji, adaptacyjny tempomat, tempomat, elektrycznie regulowane fotele, sk\u00f3rzana tapicerka, klimatyzacja, aktywne wspomaganie kierownicy, USB Type-C, dotykowy ekran LCD, przyciemniane szyby, Apple CarPlay, Android Auto, asystent parkowania, czujniki parkowania, kamera cofania, system monitorowania martwego pola, poduszki powietrzne SRS, Bluetooth, cyfrowy wy\u015bwietlacz HUD, panoramiczny dach oraz system nag\u0142o\u015bnienia premium.<\/p>\n","protected":false},"featured_media":6351,"comment_status":"open","ping_status":"closed","template":"","meta":{"_acf_changed":false},"product_brand":[],"product_cat":[114],"product_tag":[],"class_list":{"0":"post-9744","1":"product","2":"type-product","3":"status-publish","4":"has-post-thumbnail","6":"product_cat-lamborghini-pl","8":"first","9":"instock","10":"shipping-taxable","11":"purchasable","12":"product-type-ovabrw_car_rental"},"acf":[],"yoast_head":"<!-- This site is optimized with the Yoast SEO plugin v26.8 - https:\/\/yoast.com\/product\/yoast-seo-wordpress\/ -->\n<title>Lamborghini Urus Black - Lux Rent Dubai<\/title>\n<meta name=\"robots\" content=\"index, follow, max-snippet:-1, max-image-preview:large, max-video-preview:-1\" \/>\n<link rel=\"canonical\" href=\"https:\/\/luxrentdubai.com\/pl\/produkt\/lamborghini-urus-black\/\" \/>\n<meta property=\"og:locale\" content=\"pl_PL\" \/>\n<meta property=\"og:type\" content=\"article\" \/>\n<meta property=\"og:title\" content=\"Lamborghini Urus Black - Lux Rent Dubai\" \/>\n<meta property=\"og:description\" content=\"Wynajmij Lamborghini Urus Black w Dubaju \u2013 Najwy\u017csze do\u015bwiadczenie luksusowego SUV-a Odkryj niezr\u00f3wnan\u0105 moc, styl i codzienn\u0105 wszechstronno\u015b\u0107 z Lamborghini Urus 2022 w kolorze czarnym, dost\u0119pnym teraz na wynajem w Dubaju. Zaprojektowany, aby po\u0142\u0105czy\u0107 osi\u0105gi supersamochodu z praktyczno\u015bci\u0105 luksusowego SUV-a, ten nap\u0119d na cztery ko\u0142a kryje pod mask\u0105 silnik V8 4.0L z podw\u00f3jnym turbodo\u0142adowaniem, generuj\u0105cy imponuj\u0105ce 650 koni mechanicznych. Przyspieszaj\u0105c od 0 do 100 km\/h w zaledwie 3,6 sekundy, Urus zapewnia zapieraj\u0105c\u0105 dech w piersiach pr\u0119dko\u015b\u0107, jednocze\u015bnie oferuj\u0105c doskona\u0142e prowadzenie i komfort na ka\u017cdym rodzaju nawierzchni. Niezale\u017cnie od tego, czy zwiedzasz miasto w wielkim stylu, czy podbijasz pustynne drogi, Urus gwarantuje wyrafinowane wra\u017cenia z jazdy dzi\u0119ki najnowocze\u015bniejszej technologii, przestronnemu wn\u0119trzu dla pi\u0119ciu os\u00f3b oraz luksusowej kabinie wyko\u0144czonej sk\u00f3r\u0105 i materia\u0142ami najwy\u017cszej jako\u015bci. Jego odwa\u017cne czarne nadwozie nadaje agresywnego charakteru smuk\u0142ej i muskularnej sylwetce \u2013 gwarantuj\u0105c, \u017ce zwr\u00f3cisz na siebie uwag\u0119 wsz\u0119dzie, gdzie si\u0119 pojawisz. Je\u015bli szukasz luksusowego SUV-a o wysokich osi\u0105gach na wynajem w Dubaju, Lamborghini Urus to idealny wyb\u00f3r, aby wznie\u015b\u0107 Tw\u00f3j pobyt na wy\u017cszy poziom elegancji, szybko\u015bci i wyrafinowania. Specyfikacja: Rok modelowy 2022, kolor czarny. Silnik V8 4.0L z podw\u00f3jnym turbodo\u0142adowaniem o pojemno\u015bci 3996 cm\u00b3, moc 650 KM. Przyspieszenie od 0 do 100 km\/h w 3,6 sekundy. Automatyczna skrzynia bieg\u00f3w, nap\u0119d na cztery ko\u0142a. Cztery drzwi, komfortowe siedzenia dla pi\u0119ciu pasa\u017cer\u00f3w, przestrze\u0144 na 3\u20134 \u015bredniej wielko\u015bci torby. Wyposa\u017cenie: System nawigacji, adaptacyjny tempomat, tempomat, elektrycznie regulowane fotele, sk\u00f3rzana tapicerka, klimatyzacja, aktywne wspomaganie kierownicy, USB Type-C, dotykowy ekran LCD, przyciemniane szyby, Apple CarPlay, Android Auto, asystent parkowania, czujniki parkowania, kamera cofania, system monitorowania martwego pola, poduszki powietrzne SRS, Bluetooth, cyfrowy wy\u015bwietlacz HUD, panoramiczny dach oraz system nag\u0142o\u015bnienia premium.\" \/>\n<meta property=\"og:url\" content=\"https:\/\/luxrentdubai.com\/pl\/produkt\/lamborghini-urus-black\/\" \/>\n<meta property=\"og:site_name\" content=\"Lux Rent Dubai\" \/>\n<meta property=\"article:modified_time\" content=\"2025-12-01T11:32:26+00:00\" \/>\n<meta property=\"og:image\" content=\"https:\/\/luxrentdubai.com\/wp-content\/uploads\/2025\/07\/lamborghini-urus-black.jpg\" \/>\n\t<meta property=\"og:image:width\" content=\"1600\" \/>\n\t<meta property=\"og:image:height\" content=\"1228\" \/>\n\t<meta property=\"og:image:type\" content=\"image\/jpeg\" \/>\n<meta name=\"twitter:card\" content=\"summary_large_image\" \/>\n<meta name=\"twitter:label1\" content=\"Szacowany czas czytania\" \/>\n\t<meta name=\"twitter:data1\" content=\"2 minuty\" \/>\n<script type=\"application\/ld+json\" class=\"yoast-schema-graph\">{\"@context\":\"https:\/\/schema.org\",\"@graph\":[{\"@type\":\"WebPage\",\"@id\":\"https:\/\/luxrentdubai.com\/pl\/produkt\/lamborghini-urus-black\/\",\"url\":\"https:\/\/luxrentdubai.com\/pl\/produkt\/lamborghini-urus-black\/\",\"name\":\"Lamborghini Urus Black - Lux Rent Dubai\",\"isPartOf\":{\"@id\":\"https:\/\/luxrentdubai.com\/#website\"},\"primaryImageOfPage\":{\"@id\":\"https:\/\/luxrentdubai.com\/pl\/produkt\/lamborghini-urus-black\/#primaryimage\"},\"image\":{\"@id\":\"https:\/\/luxrentdubai.com\/pl\/produkt\/lamborghini-urus-black\/#primaryimage\"},\"thumbnailUrl\":\"https:\/\/luxrentdubai.com\/wp-content\/uploads\/2025\/07\/lamborghini-urus-black.jpg\",\"datePublished\":\"2025-07-28T21:26:42+00:00\",\"dateModified\":\"2025-12-01T11:32:26+00:00\",\"breadcrumb\":{\"@id\":\"https:\/\/luxrentdubai.com\/pl\/produkt\/lamborghini-urus-black\/#breadcrumb\"},\"inLanguage\":\"pl-PL\",\"potentialAction\":[{\"@type\":\"ReadAction\",\"target\":[\"https:\/\/luxrentdubai.com\/pl\/produkt\/lamborghini-urus-black\/\"]}]},{\"@type\":\"ImageObject\",\"inLanguage\":\"pl-PL\",\"@id\":\"https:\/\/luxrentdubai.com\/pl\/produkt\/lamborghini-urus-black\/#primaryimage\",\"url\":\"https:\/\/luxrentdubai.com\/wp-content\/uploads\/2025\/07\/lamborghini-urus-black.jpg\",\"contentUrl\":\"https:\/\/luxrentdubai.com\/wp-content\/uploads\/2025\/07\/lamborghini-urus-black.jpg\",\"width\":1600,\"height\":1228},{\"@type\":\"BreadcrumbList\",\"@id\":\"https:\/\/luxrentdubai.com\/pl\/produkt\/lamborghini-urus-black\/#breadcrumb\",\"itemListElement\":[{\"@type\":\"ListItem\",\"position\":1,\"name\":\"\u0413\u043b\u0430\u0432\u043d\u0430\u044f \u0441\u0442\u0440\u0430\u043d\u0438\u0446\u0430\",\"item\":\"https:\/\/luxrentdubai.com\/pl\/\"},{\"@type\":\"ListItem\",\"position\":2,\"name\":\"Sklep\",\"item\":\"https:\/\/luxrentdubai.com\/pl\/sklep\/\"},{\"@type\":\"ListItem\",\"position\":3,\"name\":\"Lamborghini Urus Black\"}]},{\"@type\":\"WebSite\",\"@id\":\"https:\/\/luxrentdubai.com\/#website\",\"url\":\"https:\/\/luxrentdubai.com\/\",\"name\":\"Lux Rent Dubai\",\"description\":\"Sports cars and luxury cars rental in Dubai\",\"publisher\":{\"@id\":\"https:\/\/luxrentdubai.com\/#organization\"},\"potentialAction\":[{\"@type\":\"SearchAction\",\"target\":{\"@type\":\"EntryPoint\",\"urlTemplate\":\"https:\/\/luxrentdubai.com\/?s={search_term_string}\"},\"query-input\":{\"@type\":\"PropertyValueSpecification\",\"valueRequired\":true,\"valueName\":\"search_term_string\"}}],\"inLanguage\":\"pl-PL\"},{\"@type\":\"Organization\",\"@id\":\"https:\/\/luxrentdubai.com\/#organization\",\"name\":\"Lux Rent Dubai\",\"url\":\"https:\/\/luxrentdubai.com\/\",\"logo\":{\"@type\":\"ImageObject\",\"inLanguage\":\"pl-PL\",\"@id\":\"https:\/\/luxrentdubai.com\/#\/schema\/logo\/image\/\",\"url\":\"https:\/\/luxrentdubai.com\/wp-content\/uploads\/2025\/07\/cropped-logo_luxrent_black_background.png\",\"contentUrl\":\"https:\/\/luxrentdubai.com\/wp-content\/uploads\/2025\/07\/cropped-logo_luxrent_black_background.png\",\"width\":700,\"height\":465,\"caption\":\"Lux Rent Dubai\"},\"image\":{\"@id\":\"https:\/\/luxrentdubai.com\/#\/schema\/logo\/image\/\"}}]}<\/script>\n<!-- \/ Yoast SEO plugin. -->","yoast_head_json":{"title":"Lamborghini Urus Black - Lux Rent Dubai","robots":{"index":"index","follow":"follow","max-snippet":"max-snippet:-1","max-image-preview":"max-image-preview:large","max-video-preview":"max-video-preview:-1"},"canonical":"https:\/\/luxrentdubai.com\/pl\/produkt\/lamborghini-urus-black\/","og_locale":"pl_PL","og_type":"article","og_title":"Lamborghini Urus Black - Lux Rent Dubai","og_description":"Wynajmij Lamborghini Urus Black w Dubaju \u2013 Najwy\u017csze do\u015bwiadczenie luksusowego SUV-a Odkryj niezr\u00f3wnan\u0105 moc, styl i codzienn\u0105 wszechstronno\u015b\u0107 z Lamborghini Urus 2022 w kolorze czarnym, dost\u0119pnym teraz na wynajem w Dubaju. Zaprojektowany, aby po\u0142\u0105czy\u0107 osi\u0105gi supersamochodu z praktyczno\u015bci\u0105 luksusowego SUV-a, ten nap\u0119d na cztery ko\u0142a kryje pod mask\u0105 silnik V8 4.0L z podw\u00f3jnym turbodo\u0142adowaniem, generuj\u0105cy imponuj\u0105ce 650 koni mechanicznych. Przyspieszaj\u0105c od 0 do 100 km\/h w zaledwie 3,6 sekundy, Urus zapewnia zapieraj\u0105c\u0105 dech w piersiach pr\u0119dko\u015b\u0107, jednocze\u015bnie oferuj\u0105c doskona\u0142e prowadzenie i komfort na ka\u017cdym rodzaju nawierzchni. Niezale\u017cnie od tego, czy zwiedzasz miasto w wielkim stylu, czy podbijasz pustynne drogi, Urus gwarantuje wyrafinowane wra\u017cenia z jazdy dzi\u0119ki najnowocze\u015bniejszej technologii, przestronnemu wn\u0119trzu dla pi\u0119ciu os\u00f3b oraz luksusowej kabinie wyko\u0144czonej sk\u00f3r\u0105 i materia\u0142ami najwy\u017cszej jako\u015bci. Jego odwa\u017cne czarne nadwozie nadaje agresywnego charakteru smuk\u0142ej i muskularnej sylwetce \u2013 gwarantuj\u0105c, \u017ce zwr\u00f3cisz na siebie uwag\u0119 wsz\u0119dzie, gdzie si\u0119 pojawisz. Je\u015bli szukasz luksusowego SUV-a o wysokich osi\u0105gach na wynajem w Dubaju, Lamborghini Urus to idealny wyb\u00f3r, aby wznie\u015b\u0107 Tw\u00f3j pobyt na wy\u017cszy poziom elegancji, szybko\u015bci i wyrafinowania. Specyfikacja: Rok modelowy 2022, kolor czarny. Silnik V8 4.0L z podw\u00f3jnym turbodo\u0142adowaniem o pojemno\u015bci 3996 cm\u00b3, moc 650 KM. Przyspieszenie od 0 do 100 km\/h w 3,6 sekundy. Automatyczna skrzynia bieg\u00f3w, nap\u0119d na cztery ko\u0142a. Cztery drzwi, komfortowe siedzenia dla pi\u0119ciu pasa\u017cer\u00f3w, przestrze\u0144 na 3\u20134 \u015bredniej wielko\u015bci torby. Wyposa\u017cenie: System nawigacji, adaptacyjny tempomat, tempomat, elektrycznie regulowane fotele, sk\u00f3rzana tapicerka, klimatyzacja, aktywne wspomaganie kierownicy, USB Type-C, dotykowy ekran LCD, przyciemniane szyby, Apple CarPlay, Android Auto, asystent parkowania, czujniki parkowania, kamera cofania, system monitorowania martwego pola, poduszki powietrzne SRS, Bluetooth, cyfrowy wy\u015bwietlacz HUD, panoramiczny dach oraz system nag\u0142o\u015bnienia premium.","og_url":"https:\/\/luxrentdubai.com\/pl\/produkt\/lamborghini-urus-black\/","og_site_name":"Lux Rent Dubai","article_modified_time":"2025-12-01T11:32:26+00:00","og_image":[{"width":1600,"height":1228,"url":"https:\/\/luxrentdubai.com\/wp-content\/uploads\/2025\/07\/lamborghini-urus-black.jpg","type":"image\/jpeg"}],"twitter_card":"summary_large_image","twitter_misc":{"Szacowany czas czytania":"2 minuty"},"schema":{"@context":"https:\/\/schema.org","@graph":[{"@type":"WebPage","@id":"https:\/\/luxrentdubai.com\/pl\/produkt\/lamborghini-urus-black\/","url":"https:\/\/luxrentdubai.com\/pl\/produkt\/lamborghini-urus-black\/","name":"Lamborghini Urus Black - Lux Rent Dubai","isPartOf":{"@id":"https:\/\/luxrentdubai.com\/#website"},"primaryImageOfPage":{"@id":"https:\/\/luxrentdubai.com\/pl\/produkt\/lamborghini-urus-black\/#primaryimage"},"image":{"@id":"https:\/\/luxrentdubai.com\/pl\/produkt\/lamborghini-urus-black\/#primaryimage"},"thumbnailUrl":"https:\/\/luxrentdubai.com\/wp-content\/uploads\/2025\/07\/lamborghini-urus-black.jpg","datePublished":"2025-07-28T21:26:42+00:00","dateModified":"2025-12-01T11:32:26+00:00","breadcrumb":{"@id":"https:\/\/luxrentdubai.com\/pl\/produkt\/lamborghini-urus-black\/#breadcrumb"},"inLanguage":"pl-PL","potentialAction":[{"@type":"ReadAction","target":["https:\/\/luxrentdubai.com\/pl\/produkt\/lamborghini-urus-black\/"]}]},{"@type":"ImageObject","inLanguage":"pl-PL","@id":"https:\/\/luxrentdubai.com\/pl\/produkt\/lamborghini-urus-black\/#primaryimage","url":"https:\/\/luxrentdubai.com\/wp-content\/uploads\/2025\/07\/lamborghini-urus-black.jpg","contentUrl":"https:\/\/luxrentdubai.com\/wp-content\/uploads\/2025\/07\/lamborghini-urus-black.jpg","width":1600,"height":1228},{"@type":"BreadcrumbList","@id":"https:\/\/luxrentdubai.com\/pl\/produkt\/lamborghini-urus-black\/#breadcrumb","itemListElement":[{"@type":"ListItem","position":1,"name":"\u0413\u043b\u0430\u0432\u043d\u0430\u044f \u0441\u0442\u0440\u0430\u043d\u0438\u0446\u0430","item":"https:\/\/luxrentdubai.com\/pl\/"},{"@type":"ListItem","position":2,"name":"Sklep","item":"https:\/\/luxrentdubai.com\/pl\/sklep\/"},{"@type":"ListItem","position":3,"name":"Lamborghini Urus Black"}]},{"@type":"WebSite","@id":"https:\/\/luxrentdubai.com\/#website","url":"https:\/\/luxrentdubai.com\/","name":"Lux Rent Dubai","description":"Sports cars and luxury cars rental in Dubai","publisher":{"@id":"https:\/\/luxrentdubai.com\/#organization"},"potentialAction":[{"@type":"SearchAction","target":{"@type":"EntryPoint","urlTemplate":"https:\/\/luxrentdubai.com\/?s={search_term_string}"},"query-input":{"@type":"PropertyValueSpecification","valueRequired":true,"valueName":"search_term_string"}}],"inLanguage":"pl-PL"},{"@type":"Organization","@id":"https:\/\/luxrentdubai.com\/#organization","name":"Lux Rent Dubai","url":"https:\/\/luxrentdubai.com\/","logo":{"@type":"ImageObject","inLanguage":"pl-PL","@id":"https:\/\/luxrentdubai.com\/#\/schema\/logo\/image\/","url":"https:\/\/luxrentdubai.com\/wp-content\/uploads\/2025\/07\/cropped-logo_luxrent_black_background.png","contentUrl":"https:\/\/luxrentdubai.com\/wp-content\/uploads\/2025\/07\/cropped-logo_luxrent_black_background.png","width":700,"height":465,"caption":"Lux Rent Dubai"},"image":{"@id":"https:\/\/luxrentdubai.com\/#\/schema\/logo\/image\/"}}]}},"_links":{"self":[{"href":"https:\/\/luxrentdubai.com\/pl\/wp-json\/wp\/v2\/product\/9744","targetHints":{"allow":["GET"]}}],"collection":[{"href":"https:\/\/luxrentdubai.com\/pl\/wp-json\/wp\/v2\/product"}],"about":[{"href":"https:\/\/luxrentdubai.com\/pl\/wp-json\/wp\/v2\/types\/product"}],"replies":[{"embeddable":true,"href":"https:\/\/luxrentdubai.com\/pl\/wp-json\/wp\/v2\/comments?post=9744"}],"wp:featuredmedia":[{"embeddable":true,"href":"https:\/\/luxrentdubai.com\/pl\/wp-json\/wp\/v2\/media\/6351"}],"wp:attachment":[{"href":"https:\/\/luxrentdubai.com\/pl\/wp-json\/wp\/v2\/media?parent=9744"}],"wp:term":[{"taxonomy":"product_brand","embeddable":true,"href":"https:\/\/luxrentdubai.com\/pl\/wp-json\/wp\/v2\/product_brand?post=9744"},{"taxonomy":"product_cat","embeddable":true,"href":"https:\/\/luxrentdubai.com\/pl\/wp-json\/wp\/v2\/product_cat?post=9744"},{"taxonomy":"product_tag","embeddable":true,"href":"https:\/\/luxrentdubai.com\/pl\/wp-json\/wp\/v2\/product_tag?post=9744"}],"curies":[{"name":"wp","href":"https:\/\/api.w.org\/{rel}","templated":true}]}}