{"id":9757,"date":"2025-07-28T21:26:41","date_gmt":"2025-07-28T21:26:41","guid":{"rendered":"https:\/\/luxrentdubai.com\/product\/ferrari-296-gts\/"},"modified":"2025-12-01T14:41:01","modified_gmt":"2025-12-01T14:41:01","slug":"ferrari-296-gts","status":"publish","type":"product","link":"https:\/\/luxrentdubai.com\/pl\/produkt\/ferrari-296-gts\/","title":{"rendered":"Ferrari 296 GTS"},"content":{"rendered":"<h3 data-start=\"70\" data-end=\"117\">Wynajem Ferrari 296 GTS Spyder w Dubaju ju\u017c dzi\u015b!<\/h3>\n<p data-start=\"119\" data-end=\"631\">Ferrari 296 GTS Spyder to kwintesencja sztuki motoryzacyjnej, zachwycaj\u0105ca smuk\u0142ym i aerodynamicznym designem, kt\u00f3ry przyci\u0105ga spojrzenia na ka\u017cdym kroku. Pod jego rze\u017abion\u0105 karoseri\u0105 kryje si\u0119 pot\u0119\u017cny uk\u0142ad hybrydowy, kt\u00f3ry w harmonijny spos\u00f3b \u0142\u0105czy elektryzuj\u0105ce osi\u0105gi ze \u015bwiadomo\u015bci\u0105 ekologiczn\u0105. Po z\u0142o\u017ceniu dachu kierowca do\u015bwiadcza pe\u0142ni emocji z jazdy \u2014 symfonia ryku silnika \u0142\u0105czy si\u0119 z p\u0119dem powietrza, tworz\u0105c chwile czystej, motoryzacyjnej ekstazy.<\/p>\n<p data-start=\"633\" data-end=\"1080\">Ten czerwony kabriolet nap\u0119dzany jest 3,0-litrowym silnikiem V6 z podw\u00f3jnym turbodo\u0142adowaniem o mocy a\u017c 819 KM, kt\u00f3ry pozwala osi\u0105gn\u0105\u0107 100 km\/h w zaledwie 2,9 sekundy. Nap\u0119d na tylne ko\u0142a, automatyczna skrzynia bieg\u00f3w i precyzyjne prowadzenie sprawiaj\u0105, \u017ce 296 GTS Spyder jest nie tylko b\u0142yskawicznie szybki, ale tak\u017ce p\u0142ynny i responsywny na drogach Dubaju. Jego rze\u017abione nadwozie i niska sylwetka tworz\u0105 agresywn\u0105, a jednocze\u015bnie eleganck\u0105 lini\u0119, emanuj\u0105c\u0105 presti\u017cem i osi\u0105gami.<\/p>\n<p data-start=\"1082\" data-end=\"1337\">We wn\u0119trzu znajduj\u0105 si\u0119 dwa fotele i wyrafinowana atmosfera wype\u0142niona materia\u0142ami premium oraz nowoczesn\u0105 technologi\u0105. Pomimo kompaktowych rozmiar\u00f3w, jest miejsce na 1 baga\u017c podr\u0119czny, co czyni go idealnym wyborem na stylowy weekendowy wypad lub niezapomnian\u0105 przeja\u017cd\u017ck\u0119.<\/p>\n<p data-start=\"1344\" data-end=\"1601\"><strong data-start=\"1344\" data-end=\"1363\">Specyfikacja:<\/strong><br data-start=\"1363\" data-end=\"1366\" \/>Rok: 2023<br data-start=\"1376\" data-end=\"1379\" \/>Kolor: czerwony<br data-start=\"1389\" data-end=\"1392\" \/>Silnik: V6<br data-start=\"1407\" data-end=\"1410\" \/>Moc: 819 KM<br data-start=\"1431\" data-end=\"1434\" \/>0\u2013100 km\/h: 2,9 sekundy<br data-start=\"1457\" data-end=\"1460\" \/>Pojemno\u015b\u0107: 2992 cm\u00b3<br data-start=\"1484\" data-end=\"1487\" \/>Nap\u0119d: na tylne ko\u0142a<br data-start=\"1515\" data-end=\"1518\" data-is-only-node=\"\" \/>Skrzynia bieg\u00f3w: automatyczna<br data-start=\"1541\" data-end=\"1544\" \/>Drzwi: 2<br data-start=\"1562\" data-end=\"1565\" \/>Miejsca: 2<br data-start=\"1573\" data-end=\"1576\" \/>Baga\u017c: 1 x baga\u017c podr\u0119czny<\/p>\n<p data-start=\"1608\" data-end=\"1965\"><strong data-start=\"1608\" data-end=\"1621\">Wyposa\u017cenie:<\/strong><br data-start=\"1621\" data-end=\"1624\" \/>System nawigacji \u2022 Adaptacyjny tempomat \u2022 Tempomat \u2022 Elektrycznie regulowane fotele \u2022 Sk\u00f3rzana tapicerka \u2022 Klimatyzacja \u2022 Aktywne wspomaganie kierownicy \u2022 Ekran dotykowy LCD \u2022 USB Type-C \u2022 Apple CarPlay \u2022 Przyciemniane szyby \u2022 System monitorowania martwego pola \u2022 Asystent parkowania \u2022 Android Auto \u2022 Czujniki parkowania \u2022 Kamera cofania \u2022 Poduszki powietrzne SRS \u2022 Cyfrowy wy\u015bwietlacz HUD \u2022 Bluetooth \u2022 Szyberdach \/ dach panoramiczny \u2022 System audio premium<\/p>\n","protected":false},"excerpt":{"rendered":"<h3 data-start=\"70\" data-end=\"117\">Wynajem Ferrari 296 GTS Spyder w Dubaju ju\u017c dzi\u015b!<\/h3>\n<p data-start=\"119\" data-end=\"631\">Ferrari 296 GTS Spyder to kwintesencja sztuki motoryzacyjnej, zachwycaj\u0105ca smuk\u0142ym i aerodynamicznym designem, kt\u00f3ry przyci\u0105ga spojrzenia na ka\u017cdym kroku. Pod jego rze\u017abion\u0105 karoseri\u0105 kryje si\u0119 pot\u0119\u017cny uk\u0142ad hybrydowy, kt\u00f3ry w harmonijny spos\u00f3b \u0142\u0105czy elektryzuj\u0105ce osi\u0105gi ze \u015bwiadomo\u015bci\u0105 ekologiczn\u0105. Po z\u0142o\u017ceniu dachu kierowca do\u015bwiadcza pe\u0142ni emocji z jazdy \u2014 symfonia ryku silnika \u0142\u0105czy si\u0119 z p\u0119dem powietrza, tworz\u0105c chwile czystej, motoryzacyjnej ekstazy.<\/p>\n<p data-start=\"633\" data-end=\"1080\">Ten czerwony kabriolet nap\u0119dzany jest 3,0-litrowym silnikiem V6 z podw\u00f3jnym turbodo\u0142adowaniem o mocy a\u017c 819 KM, kt\u00f3ry pozwala osi\u0105gn\u0105\u0107 100 km\/h w zaledwie 2,9 sekundy. Nap\u0119d na tylne ko\u0142a, automatyczna skrzynia bieg\u00f3w i precyzyjne prowadzenie sprawiaj\u0105, \u017ce 296 GTS Spyder jest nie tylko b\u0142yskawicznie szybki, ale tak\u017ce p\u0142ynny i responsywny na drogach Dubaju. Jego rze\u017abione nadwozie i niska sylwetka tworz\u0105 agresywn\u0105, a jednocze\u015bnie eleganck\u0105 lini\u0119, emanuj\u0105c\u0105 presti\u017cem i osi\u0105gami.<\/p>\n<p data-start=\"1082\" data-end=\"1337\">We wn\u0119trzu znajduj\u0105 si\u0119 dwa fotele i wyrafinowana atmosfera wype\u0142niona materia\u0142ami premium oraz nowoczesn\u0105 technologi\u0105. Pomimo kompaktowych rozmiar\u00f3w, jest miejsce na 1 baga\u017c podr\u0119czny, co czyni go idealnym wyborem na stylowy weekendowy wypad lub niezapomnian\u0105 przeja\u017cd\u017ck\u0119.<\/p>\n<p data-start=\"1344\" data-end=\"1601\"><strong data-start=\"1344\" data-end=\"1363\">Specyfikacja:<\/strong><br data-start=\"1363\" data-end=\"1366\" \/>Rok: 2023<br data-start=\"1376\" data-end=\"1379\" \/>Kolor: czerwony<br data-start=\"1389\" data-end=\"1392\" \/>Silnik: V6<br data-start=\"1407\" data-end=\"1410\" \/>Moc: 819 KM<br data-start=\"1431\" data-end=\"1434\" \/>0\u2013100 km\/h: 2,9 sekundy<br data-start=\"1457\" data-end=\"1460\" \/>Pojemno\u015b\u0107: 2992 cm\u00b3<br data-start=\"1484\" data-end=\"1487\" \/>Nap\u0119d: na tylne ko\u0142a<br data-start=\"1515\" data-end=\"1518\" data-is-only-node=\"\" \/>Skrzynia bieg\u00f3w: automatyczna<br data-start=\"1541\" data-end=\"1544\" \/>Drzwi: 2<br data-start=\"1562\" data-end=\"1565\" \/>Miejsca: 2<br data-start=\"1573\" data-end=\"1576\" \/>Baga\u017c: 1 x baga\u017c podr\u0119czny<\/p>\n<p data-start=\"1608\" data-end=\"1965\"><strong data-start=\"1608\" data-end=\"1621\">Wyposa\u017cenie:<\/strong><br data-start=\"1621\" data-end=\"1624\" \/>System nawigacji \u2022 Adaptacyjny tempomat \u2022 Tempomat \u2022 Elektrycznie regulowane fotele \u2022 Sk\u00f3rzana tapicerka \u2022 Klimatyzacja \u2022 Aktywne wspomaganie kierownicy \u2022 Ekran dotykowy LCD \u2022 USB Type-C \u2022 Apple CarPlay \u2022 Przyciemniane szyby \u2022 System monitorowania martwego pola \u2022 Asystent parkowania \u2022 Android Auto \u2022 Czujniki parkowania \u2022 Kamera cofania \u2022 Poduszki powietrzne SRS \u2022 Cyfrowy wy\u015bwietlacz HUD \u2022 Bluetooth \u2022 Szyberdach \/ dach panoramiczny \u2022 System audio premium<\/p>\n","protected":false},"featured_media":8011,"comment_status":"open","ping_status":"closed","template":"","meta":{"_acf_changed":false},"product_brand":[],"product_cat":[111],"product_tag":[],"class_list":{"0":"post-9757","1":"product","2":"type-product","3":"status-publish","4":"has-post-thumbnail","6":"product_cat-ferrari-pl","8":"first","9":"instock","10":"shipping-taxable","11":"purchasable","12":"product-type-ovabrw_car_rental"},"acf":[],"yoast_head":"<!-- This site is optimized with the Yoast SEO plugin v26.8 - https:\/\/yoast.com\/product\/yoast-seo-wordpress\/ -->\n<title>Ferrari 296 GTS - Lux Rent Dubai<\/title>\n<meta name=\"robots\" content=\"index, follow, max-snippet:-1, max-image-preview:large, max-video-preview:-1\" \/>\n<link rel=\"canonical\" href=\"https:\/\/luxrentdubai.com\/pl\/produkt\/ferrari-296-gts\/\" \/>\n<meta property=\"og:locale\" content=\"pl_PL\" \/>\n<meta property=\"og:type\" content=\"article\" \/>\n<meta property=\"og:title\" content=\"Ferrari 296 GTS - Lux Rent Dubai\" \/>\n<meta property=\"og:description\" content=\"Wynajem Ferrari 296 GTS Spyder w Dubaju ju\u017c dzi\u015b! Ferrari 296 GTS Spyder to kwintesencja sztuki motoryzacyjnej, zachwycaj\u0105ca smuk\u0142ym i aerodynamicznym designem, kt\u00f3ry przyci\u0105ga spojrzenia na ka\u017cdym kroku. Pod jego rze\u017abion\u0105 karoseri\u0105 kryje si\u0119 pot\u0119\u017cny uk\u0142ad hybrydowy, kt\u00f3ry w harmonijny spos\u00f3b \u0142\u0105czy elektryzuj\u0105ce osi\u0105gi ze \u015bwiadomo\u015bci\u0105 ekologiczn\u0105. Po z\u0142o\u017ceniu dachu kierowca do\u015bwiadcza pe\u0142ni emocji z jazdy \u2014 symfonia ryku silnika \u0142\u0105czy si\u0119 z p\u0119dem powietrza, tworz\u0105c chwile czystej, motoryzacyjnej ekstazy. Ten czerwony kabriolet nap\u0119dzany jest 3,0-litrowym silnikiem V6 z podw\u00f3jnym turbodo\u0142adowaniem o mocy a\u017c 819 KM, kt\u00f3ry pozwala osi\u0105gn\u0105\u0107 100 km\/h w zaledwie 2,9 sekundy. Nap\u0119d na tylne ko\u0142a, automatyczna skrzynia bieg\u00f3w i precyzyjne prowadzenie sprawiaj\u0105, \u017ce 296 GTS Spyder jest nie tylko b\u0142yskawicznie szybki, ale tak\u017ce p\u0142ynny i responsywny na drogach Dubaju. Jego rze\u017abione nadwozie i niska sylwetka tworz\u0105 agresywn\u0105, a jednocze\u015bnie eleganck\u0105 lini\u0119, emanuj\u0105c\u0105 presti\u017cem i osi\u0105gami. We wn\u0119trzu znajduj\u0105 si\u0119 dwa fotele i wyrafinowana atmosfera wype\u0142niona materia\u0142ami premium oraz nowoczesn\u0105 technologi\u0105. Pomimo kompaktowych rozmiar\u00f3w, jest miejsce na 1 baga\u017c podr\u0119czny, co czyni go idealnym wyborem na stylowy weekendowy wypad lub niezapomnian\u0105 przeja\u017cd\u017ck\u0119. Specyfikacja:Rok: 2023Kolor: czerwonySilnik: V6Moc: 819 KM0\u2013100 km\/h: 2,9 sekundyPojemno\u015b\u0107: 2992 cm\u00b3Nap\u0119d: na tylne ko\u0142aSkrzynia bieg\u00f3w: automatycznaDrzwi: 2Miejsca: 2Baga\u017c: 1 x baga\u017c podr\u0119czny Wyposa\u017cenie:System nawigacji \u2022 Adaptacyjny tempomat \u2022 Tempomat \u2022 Elektrycznie regulowane fotele \u2022 Sk\u00f3rzana tapicerka \u2022 Klimatyzacja \u2022 Aktywne wspomaganie kierownicy \u2022 Ekran dotykowy LCD \u2022 USB Type-C \u2022 Apple CarPlay \u2022 Przyciemniane szyby \u2022 System monitorowania martwego pola \u2022 Asystent parkowania \u2022 Android Auto \u2022 Czujniki parkowania \u2022 Kamera cofania \u2022 Poduszki powietrzne SRS \u2022 Cyfrowy wy\u015bwietlacz HUD \u2022 Bluetooth \u2022 Szyberdach \/ dach panoramiczny \u2022 System audio premium\" \/>\n<meta property=\"og:url\" content=\"https:\/\/luxrentdubai.com\/pl\/produkt\/ferrari-296-gts\/\" \/>\n<meta property=\"og:site_name\" content=\"Lux Rent Dubai\" \/>\n<meta property=\"article:modified_time\" content=\"2025-12-01T14:41:01+00:00\" \/>\n<meta property=\"og:image\" content=\"https:\/\/luxrentdubai.com\/wp-content\/uploads\/2025\/07\/ferrari-296-gts.jpg\" \/>\n\t<meta property=\"og:image:width\" content=\"1600\" \/>\n\t<meta property=\"og:image:height\" content=\"1234\" \/>\n\t<meta property=\"og:image:type\" content=\"image\/jpeg\" \/>\n<meta name=\"twitter:card\" content=\"summary_large_image\" \/>\n<meta name=\"twitter:label1\" content=\"Szacowany czas czytania\" \/>\n\t<meta name=\"twitter:data1\" content=\"2 minuty\" \/>\n<script type=\"application\/ld+json\" class=\"yoast-schema-graph\">{\"@context\":\"https:\/\/schema.org\",\"@graph\":[{\"@type\":\"WebPage\",\"@id\":\"https:\/\/luxrentdubai.com\/pl\/produkt\/ferrari-296-gts\/\",\"url\":\"https:\/\/luxrentdubai.com\/pl\/produkt\/ferrari-296-gts\/\",\"name\":\"Ferrari 296 GTS - Lux Rent Dubai\",\"isPartOf\":{\"@id\":\"https:\/\/luxrentdubai.com\/#website\"},\"primaryImageOfPage\":{\"@id\":\"https:\/\/luxrentdubai.com\/pl\/produkt\/ferrari-296-gts\/#primaryimage\"},\"image\":{\"@id\":\"https:\/\/luxrentdubai.com\/pl\/produkt\/ferrari-296-gts\/#primaryimage\"},\"thumbnailUrl\":\"https:\/\/luxrentdubai.com\/wp-content\/uploads\/2025\/07\/ferrari-296-gts.jpg\",\"datePublished\":\"2025-07-28T21:26:41+00:00\",\"dateModified\":\"2025-12-01T14:41:01+00:00\",\"breadcrumb\":{\"@id\":\"https:\/\/luxrentdubai.com\/pl\/produkt\/ferrari-296-gts\/#breadcrumb\"},\"inLanguage\":\"pl-PL\",\"potentialAction\":[{\"@type\":\"ReadAction\",\"target\":[\"https:\/\/luxrentdubai.com\/pl\/produkt\/ferrari-296-gts\/\"]}]},{\"@type\":\"ImageObject\",\"inLanguage\":\"pl-PL\",\"@id\":\"https:\/\/luxrentdubai.com\/pl\/produkt\/ferrari-296-gts\/#primaryimage\",\"url\":\"https:\/\/luxrentdubai.com\/wp-content\/uploads\/2025\/07\/ferrari-296-gts.jpg\",\"contentUrl\":\"https:\/\/luxrentdubai.com\/wp-content\/uploads\/2025\/07\/ferrari-296-gts.jpg\",\"width\":1600,\"height\":1234},{\"@type\":\"BreadcrumbList\",\"@id\":\"https:\/\/luxrentdubai.com\/pl\/produkt\/ferrari-296-gts\/#breadcrumb\",\"itemListElement\":[{\"@type\":\"ListItem\",\"position\":1,\"name\":\"\u0413\u043b\u0430\u0432\u043d\u0430\u044f \u0441\u0442\u0440\u0430\u043d\u0438\u0446\u0430\",\"item\":\"https:\/\/luxrentdubai.com\/pl\/\"},{\"@type\":\"ListItem\",\"position\":2,\"name\":\"Sklep\",\"item\":\"https:\/\/luxrentdubai.com\/pl\/sklep\/\"},{\"@type\":\"ListItem\",\"position\":3,\"name\":\"Ferrari 296 GTS\"}]},{\"@type\":\"WebSite\",\"@id\":\"https:\/\/luxrentdubai.com\/#website\",\"url\":\"https:\/\/luxrentdubai.com\/\",\"name\":\"Lux Rent Dubai\",\"description\":\"Sports cars and luxury cars rental in Dubai\",\"publisher\":{\"@id\":\"https:\/\/luxrentdubai.com\/#organization\"},\"potentialAction\":[{\"@type\":\"SearchAction\",\"target\":{\"@type\":\"EntryPoint\",\"urlTemplate\":\"https:\/\/luxrentdubai.com\/?s={search_term_string}\"},\"query-input\":{\"@type\":\"PropertyValueSpecification\",\"valueRequired\":true,\"valueName\":\"search_term_string\"}}],\"inLanguage\":\"pl-PL\"},{\"@type\":\"Organization\",\"@id\":\"https:\/\/luxrentdubai.com\/#organization\",\"name\":\"Lux Rent Dubai\",\"url\":\"https:\/\/luxrentdubai.com\/\",\"logo\":{\"@type\":\"ImageObject\",\"inLanguage\":\"pl-PL\",\"@id\":\"https:\/\/luxrentdubai.com\/#\/schema\/logo\/image\/\",\"url\":\"https:\/\/luxrentdubai.com\/wp-content\/uploads\/2025\/07\/cropped-logo_luxrent_black_background.png\",\"contentUrl\":\"https:\/\/luxrentdubai.com\/wp-content\/uploads\/2025\/07\/cropped-logo_luxrent_black_background.png\",\"width\":700,\"height\":465,\"caption\":\"Lux Rent Dubai\"},\"image\":{\"@id\":\"https:\/\/luxrentdubai.com\/#\/schema\/logo\/image\/\"}}]}<\/script>\n<!-- \/ Yoast SEO plugin. -->","yoast_head_json":{"title":"Ferrari 296 GTS - Lux Rent Dubai","robots":{"index":"index","follow":"follow","max-snippet":"max-snippet:-1","max-image-preview":"max-image-preview:large","max-video-preview":"max-video-preview:-1"},"canonical":"https:\/\/luxrentdubai.com\/pl\/produkt\/ferrari-296-gts\/","og_locale":"pl_PL","og_type":"article","og_title":"Ferrari 296 GTS - Lux Rent Dubai","og_description":"Wynajem Ferrari 296 GTS Spyder w Dubaju ju\u017c dzi\u015b! Ferrari 296 GTS Spyder to kwintesencja sztuki motoryzacyjnej, zachwycaj\u0105ca smuk\u0142ym i aerodynamicznym designem, kt\u00f3ry przyci\u0105ga spojrzenia na ka\u017cdym kroku. Pod jego rze\u017abion\u0105 karoseri\u0105 kryje si\u0119 pot\u0119\u017cny uk\u0142ad hybrydowy, kt\u00f3ry w harmonijny spos\u00f3b \u0142\u0105czy elektryzuj\u0105ce osi\u0105gi ze \u015bwiadomo\u015bci\u0105 ekologiczn\u0105. Po z\u0142o\u017ceniu dachu kierowca do\u015bwiadcza pe\u0142ni emocji z jazdy \u2014 symfonia ryku silnika \u0142\u0105czy si\u0119 z p\u0119dem powietrza, tworz\u0105c chwile czystej, motoryzacyjnej ekstazy. Ten czerwony kabriolet nap\u0119dzany jest 3,0-litrowym silnikiem V6 z podw\u00f3jnym turbodo\u0142adowaniem o mocy a\u017c 819 KM, kt\u00f3ry pozwala osi\u0105gn\u0105\u0107 100 km\/h w zaledwie 2,9 sekundy. Nap\u0119d na tylne ko\u0142a, automatyczna skrzynia bieg\u00f3w i precyzyjne prowadzenie sprawiaj\u0105, \u017ce 296 GTS Spyder jest nie tylko b\u0142yskawicznie szybki, ale tak\u017ce p\u0142ynny i responsywny na drogach Dubaju. Jego rze\u017abione nadwozie i niska sylwetka tworz\u0105 agresywn\u0105, a jednocze\u015bnie eleganck\u0105 lini\u0119, emanuj\u0105c\u0105 presti\u017cem i osi\u0105gami. We wn\u0119trzu znajduj\u0105 si\u0119 dwa fotele i wyrafinowana atmosfera wype\u0142niona materia\u0142ami premium oraz nowoczesn\u0105 technologi\u0105. Pomimo kompaktowych rozmiar\u00f3w, jest miejsce na 1 baga\u017c podr\u0119czny, co czyni go idealnym wyborem na stylowy weekendowy wypad lub niezapomnian\u0105 przeja\u017cd\u017ck\u0119. Specyfikacja:Rok: 2023Kolor: czerwonySilnik: V6Moc: 819 KM0\u2013100 km\/h: 2,9 sekundyPojemno\u015b\u0107: 2992 cm\u00b3Nap\u0119d: na tylne ko\u0142aSkrzynia bieg\u00f3w: automatycznaDrzwi: 2Miejsca: 2Baga\u017c: 1 x baga\u017c podr\u0119czny Wyposa\u017cenie:System nawigacji \u2022 Adaptacyjny tempomat \u2022 Tempomat \u2022 Elektrycznie regulowane fotele \u2022 Sk\u00f3rzana tapicerka \u2022 Klimatyzacja \u2022 Aktywne wspomaganie kierownicy \u2022 Ekran dotykowy LCD \u2022 USB Type-C \u2022 Apple CarPlay \u2022 Przyciemniane szyby \u2022 System monitorowania martwego pola \u2022 Asystent parkowania \u2022 Android Auto \u2022 Czujniki parkowania \u2022 Kamera cofania \u2022 Poduszki powietrzne SRS \u2022 Cyfrowy wy\u015bwietlacz HUD \u2022 Bluetooth \u2022 Szyberdach \/ dach panoramiczny \u2022 System audio premium","og_url":"https:\/\/luxrentdubai.com\/pl\/produkt\/ferrari-296-gts\/","og_site_name":"Lux Rent Dubai","article_modified_time":"2025-12-01T14:41:01+00:00","og_image":[{"width":1600,"height":1234,"url":"https:\/\/luxrentdubai.com\/wp-content\/uploads\/2025\/07\/ferrari-296-gts.jpg","type":"image\/jpeg"}],"twitter_card":"summary_large_image","twitter_misc":{"Szacowany czas czytania":"2 minuty"},"schema":{"@context":"https:\/\/schema.org","@graph":[{"@type":"WebPage","@id":"https:\/\/luxrentdubai.com\/pl\/produkt\/ferrari-296-gts\/","url":"https:\/\/luxrentdubai.com\/pl\/produkt\/ferrari-296-gts\/","name":"Ferrari 296 GTS - Lux Rent Dubai","isPartOf":{"@id":"https:\/\/luxrentdubai.com\/#website"},"primaryImageOfPage":{"@id":"https:\/\/luxrentdubai.com\/pl\/produkt\/ferrari-296-gts\/#primaryimage"},"image":{"@id":"https:\/\/luxrentdubai.com\/pl\/produkt\/ferrari-296-gts\/#primaryimage"},"thumbnailUrl":"https:\/\/luxrentdubai.com\/wp-content\/uploads\/2025\/07\/ferrari-296-gts.jpg","datePublished":"2025-07-28T21:26:41+00:00","dateModified":"2025-12-01T14:41:01+00:00","breadcrumb":{"@id":"https:\/\/luxrentdubai.com\/pl\/produkt\/ferrari-296-gts\/#breadcrumb"},"inLanguage":"pl-PL","potentialAction":[{"@type":"ReadAction","target":["https:\/\/luxrentdubai.com\/pl\/produkt\/ferrari-296-gts\/"]}]},{"@type":"ImageObject","inLanguage":"pl-PL","@id":"https:\/\/luxrentdubai.com\/pl\/produkt\/ferrari-296-gts\/#primaryimage","url":"https:\/\/luxrentdubai.com\/wp-content\/uploads\/2025\/07\/ferrari-296-gts.jpg","contentUrl":"https:\/\/luxrentdubai.com\/wp-content\/uploads\/2025\/07\/ferrari-296-gts.jpg","width":1600,"height":1234},{"@type":"BreadcrumbList","@id":"https:\/\/luxrentdubai.com\/pl\/produkt\/ferrari-296-gts\/#breadcrumb","itemListElement":[{"@type":"ListItem","position":1,"name":"\u0413\u043b\u0430\u0432\u043d\u0430\u044f \u0441\u0442\u0440\u0430\u043d\u0438\u0446\u0430","item":"https:\/\/luxrentdubai.com\/pl\/"},{"@type":"ListItem","position":2,"name":"Sklep","item":"https:\/\/luxrentdubai.com\/pl\/sklep\/"},{"@type":"ListItem","position":3,"name":"Ferrari 296 GTS"}]},{"@type":"WebSite","@id":"https:\/\/luxrentdubai.com\/#website","url":"https:\/\/luxrentdubai.com\/","name":"Lux Rent Dubai","description":"Sports cars and luxury cars rental in Dubai","publisher":{"@id":"https:\/\/luxrentdubai.com\/#organization"},"potentialAction":[{"@type":"SearchAction","target":{"@type":"EntryPoint","urlTemplate":"https:\/\/luxrentdubai.com\/?s={search_term_string}"},"query-input":{"@type":"PropertyValueSpecification","valueRequired":true,"valueName":"search_term_string"}}],"inLanguage":"pl-PL"},{"@type":"Organization","@id":"https:\/\/luxrentdubai.com\/#organization","name":"Lux Rent Dubai","url":"https:\/\/luxrentdubai.com\/","logo":{"@type":"ImageObject","inLanguage":"pl-PL","@id":"https:\/\/luxrentdubai.com\/#\/schema\/logo\/image\/","url":"https:\/\/luxrentdubai.com\/wp-content\/uploads\/2025\/07\/cropped-logo_luxrent_black_background.png","contentUrl":"https:\/\/luxrentdubai.com\/wp-content\/uploads\/2025\/07\/cropped-logo_luxrent_black_background.png","width":700,"height":465,"caption":"Lux Rent Dubai"},"image":{"@id":"https:\/\/luxrentdubai.com\/#\/schema\/logo\/image\/"}}]}},"_links":{"self":[{"href":"https:\/\/luxrentdubai.com\/pl\/wp-json\/wp\/v2\/product\/9757","targetHints":{"allow":["GET"]}}],"collection":[{"href":"https:\/\/luxrentdubai.com\/pl\/wp-json\/wp\/v2\/product"}],"about":[{"href":"https:\/\/luxrentdubai.com\/pl\/wp-json\/wp\/v2\/types\/product"}],"replies":[{"embeddable":true,"href":"https:\/\/luxrentdubai.com\/pl\/wp-json\/wp\/v2\/comments?post=9757"}],"wp:featuredmedia":[{"embeddable":true,"href":"https:\/\/luxrentdubai.com\/pl\/wp-json\/wp\/v2\/media\/8011"}],"wp:attachment":[{"href":"https:\/\/luxrentdubai.com\/pl\/wp-json\/wp\/v2\/media?parent=9757"}],"wp:term":[{"taxonomy":"product_brand","embeddable":true,"href":"https:\/\/luxrentdubai.com\/pl\/wp-json\/wp\/v2\/product_brand?post=9757"},{"taxonomy":"product_cat","embeddable":true,"href":"https:\/\/luxrentdubai.com\/pl\/wp-json\/wp\/v2\/product_cat?post=9757"},{"taxonomy":"product_tag","embeddable":true,"href":"https:\/\/luxrentdubai.com\/pl\/wp-json\/wp\/v2\/product_tag?post=9757"}],"curies":[{"name":"wp","href":"https:\/\/api.w.org\/{rel}","templated":true}]}}