{"id":9776,"date":"2025-07-27T17:40:58","date_gmt":"2025-07-27T17:40:58","guid":{"rendered":"https:\/\/luxrentdubai.com\/product\/rolls-royce-cullinan-mansory\/"},"modified":"2025-12-01T15:46:29","modified_gmt":"2025-12-01T15:46:29","slug":"rolls-royce-cullinan-mansory","status":"publish","type":"product","link":"https:\/\/luxrentdubai.com\/pl\/produkt\/rolls-royce-cullinan-mansory\/","title":{"rendered":"Rolls-Royce Cullinan Mansory"},"content":{"rendered":"<p data-start=\"133\" data-end=\"213\"><strong data-start=\"133\" data-end=\"213\">Wynajem Rolls-Royce Cullinan Mansory 2022 \u2013 Do\u015bwiadcz doskona\u0142o\u015bci w unikatowym wydaniu<\/strong><\/p>\n<p data-start=\"215\" data-end=\"582\">Mansory wzi\u0105\u0142 ju\u017c kultowego Rolls-Royce\u2019a Cullinan i wyni\u00f3s\u0142 go na nowy poziom ekskluzywno\u015bci oraz presti\u017cu. Rolls-Royce Cullinan Mansory 2022 to odwa\u017cna reinterpretacja koncepcji luksusowego SUV-a, \u0142\u0105cz\u0105ca bezkonkurencyjne rzemios\u0142o z agresywn\u0105 stylistyk\u0105. Wyko\u0144czony w eleganckiej, czarnej kolorystyce, ten SUV jest zar\u00f3wno symbolem si\u0142y, jak i wyrafinowanego smaku.<\/p>\n<p data-start=\"584\" data-end=\"1027\">Pod mask\u0105 kryje si\u0119 6,75-litrowy silnik V12 o mocy 610 KM, kt\u00f3ry rozp\u0119dza t\u0119 luksusow\u0105 maszyn\u0119 od 0 do 100 km\/h w zaledwie 5,0 sekund. Automatyczna skrzynia bieg\u00f3w i inteligentny nap\u0119d na wszystkie ko\u0142a zapewniaj\u0105 p\u0142ynne, a zarazem pot\u0119\u017cne osi\u0105gi, gwarantuj\u0105c pe\u0142n\u0105 kontrol\u0119 na ka\u017cdej nawierzchni. Niezale\u017cnie od tego, czy eksplorujesz wybrze\u017ce Dubaju, czy pojawiasz si\u0119 w pi\u0119ciogwiazdkowym hotelu, Cullinan Mansory sprawi, \u017ce ka\u017cda chwila stanie si\u0119 niezapomniana.<\/p>\n<p data-start=\"1029\" data-end=\"1391\">Wn\u0119trze odzwierciedla przywi\u0105zanie Mansory do r\u0119cznego wykonania i perfekcji. Sk\u00f3rzane fotele premium, akcenty z w\u0142\u00f3kna w\u0119glowego oraz indywidualne wyko\u0144czenia otulaj\u0105 pasa\u017cer\u00f3w luksusem i elegancj\u0105. Najnowsza technologia spotyka si\u0119 tu z tradycyjnym luksusem dzi\u0119ki systemowi multimedialnemu z ekranem dotykowym, cyfrowemu HUD, Apple CarPlay, Android Auto oraz nag\u0142o\u015bnieniu premium w jako\u015bci studyjnej.<\/p>\n<p data-start=\"1393\" data-end=\"1679\">Dla wi\u0119kszego bezpiecze\u0144stwa i wygody, Cullinan wyposa\u017cono m.in. w adaptacyjny tempomat, asystenta parkowania, system monitorowania martwego pola, poduszki powietrzne SRS oraz pe\u0142ny zestaw czujnik\u00f3w parkowania. Panoramiczny dach, o\u015bwietlenie ambientowe oraz fotele z funkcj\u0105 klimatyzacji dodatkowo podnosz\u0105 komfort ka\u017cdej podr\u00f3\u017cy.<\/p>\n<p data-start=\"1681\" data-end=\"1840\">Je\u015bli szukasz unikalnego do\u015bwiadczenia za kierownic\u0105, kt\u00f3re \u0142\u0105czy moc, personalizacj\u0119 i presti\u017c, Rolls-Royce Cullinan Mansory 2022 jest absolutnym numerem jeden.<\/p>\n<p data-start=\"1847\" data-end=\"2046\"><strong data-start=\"1847\" data-end=\"1866\">Specyfikacja:<\/strong><br data-start=\"1866\" data-end=\"1869\" \/>Rok: 2022 \u2022 Kolor: czarny \u2022 Silnik: V12, 6749 cm\u00b3 \u2022 Moc: 610 KM \u2022 0\u2013100 km\/h: 5,0 s \u2022 Nap\u0119d: na wszystkie ko\u0142a \u2022 Skrzynia: automatyczna \u2022 Drzwi: 4 \u2022 Miejsca: 5 \u2022 Baga\u017c: 3\u20134 szt.<\/p>\n<p data-start=\"2048\" data-end=\"2425\" data-is-last-node=\"\" data-is-only-node=\"\"><strong data-start=\"2048\" data-end=\"2061\">Wyposa\u017cenie:<\/strong><br data-start=\"2061\" data-end=\"2064\" \/>System nawigacji \u2022 Adaptacyjny tempomat \u2022 Tempomat \u2022 Elektrycznie regulowane fotele \u2022 Sk\u00f3rzana tapicerka \u2022 Klimatyzacja \u2022 Aktywne wspomaganie kierownicy \u2022 USB Type-C \u2022 Ekran dotykowy LCD \u2022 Przyciemniane szyby \u2022 Apple CarPlay \u2022 Android Auto \u2022 Asystent parkowania \u2022 Czujniki parkowania \u2022 Kamera cofania \u2022 System monitorowania martwego pola \u2022 Poduszki powietrzne SRS \u2022 Bluetooth \u2022 Cyfrowy wy\u015bwietlacz HUD \u2022 Szyberdach \/ dach panoramiczny \u2022 System audio premium<\/p>\n","protected":false},"excerpt":{"rendered":"<p data-start=\"133\" data-end=\"213\"><strong data-start=\"133\" data-end=\"213\">Wynajem Rolls-Royce Cullinan Mansory 2022 \u2013 Do\u015bwiadcz doskona\u0142o\u015bci w unikatowym wydaniu<\/strong><\/p>\n<p data-start=\"215\" data-end=\"582\">Mansory wzi\u0105\u0142 ju\u017c kultowego Rolls-Royce\u2019a Cullinan i wyni\u00f3s\u0142 go na nowy poziom ekskluzywno\u015bci oraz presti\u017cu. Rolls-Royce Cullinan Mansory 2022 to odwa\u017cna reinterpretacja koncepcji luksusowego SUV-a, \u0142\u0105cz\u0105ca bezkonkurencyjne rzemios\u0142o z agresywn\u0105 stylistyk\u0105. Wyko\u0144czony w eleganckiej, czarnej kolorystyce, ten SUV jest zar\u00f3wno symbolem si\u0142y, jak i wyrafinowanego smaku.<\/p>\n<p data-start=\"584\" data-end=\"1027\">Pod mask\u0105 kryje si\u0119 6,75-litrowy silnik V12 o mocy 610 KM, kt\u00f3ry rozp\u0119dza t\u0119 luksusow\u0105 maszyn\u0119 od 0 do 100 km\/h w zaledwie 5,0 sekund. Automatyczna skrzynia bieg\u00f3w i inteligentny nap\u0119d na wszystkie ko\u0142a zapewniaj\u0105 p\u0142ynne, a zarazem pot\u0119\u017cne osi\u0105gi, gwarantuj\u0105c pe\u0142n\u0105 kontrol\u0119 na ka\u017cdej nawierzchni. Niezale\u017cnie od tego, czy eksplorujesz wybrze\u017ce Dubaju, czy pojawiasz si\u0119 w pi\u0119ciogwiazdkowym hotelu, Cullinan Mansory sprawi, \u017ce ka\u017cda chwila stanie si\u0119 niezapomniana.<\/p>\n<p data-start=\"1029\" data-end=\"1391\">Wn\u0119trze odzwierciedla przywi\u0105zanie Mansory do r\u0119cznego wykonania i perfekcji. Sk\u00f3rzane fotele premium, akcenty z w\u0142\u00f3kna w\u0119glowego oraz indywidualne wyko\u0144czenia otulaj\u0105 pasa\u017cer\u00f3w luksusem i elegancj\u0105. Najnowsza technologia spotyka si\u0119 tu z tradycyjnym luksusem dzi\u0119ki systemowi multimedialnemu z ekranem dotykowym, cyfrowemu HUD, Apple CarPlay, Android Auto oraz nag\u0142o\u015bnieniu premium w jako\u015bci studyjnej.<\/p>\n<p data-start=\"1393\" data-end=\"1679\">Dla wi\u0119kszego bezpiecze\u0144stwa i wygody, Cullinan wyposa\u017cono m.in. w adaptacyjny tempomat, asystenta parkowania, system monitorowania martwego pola, poduszki powietrzne SRS oraz pe\u0142ny zestaw czujnik\u00f3w parkowania. Panoramiczny dach, o\u015bwietlenie ambientowe oraz fotele z funkcj\u0105 klimatyzacji dodatkowo podnosz\u0105 komfort ka\u017cdej podr\u00f3\u017cy.<\/p>\n<p data-start=\"1681\" data-end=\"1840\">Je\u015bli szukasz unikalnego do\u015bwiadczenia za kierownic\u0105, kt\u00f3re \u0142\u0105czy moc, personalizacj\u0119 i presti\u017c, Rolls-Royce Cullinan Mansory 2022 jest absolutnym numerem jeden.<\/p>\n<p data-start=\"1847\" data-end=\"2046\"><strong data-start=\"1847\" data-end=\"1866\">Specyfikacja:<\/strong><br data-start=\"1866\" data-end=\"1869\" \/>Rok: 2022 \u2022 Kolor: czarny \u2022 Silnik: V12, 6749 cm\u00b3 \u2022 Moc: 610 KM \u2022 0\u2013100 km\/h: 5,0 s \u2022 Nap\u0119d: na wszystkie ko\u0142a \u2022 Skrzynia: automatyczna \u2022 Drzwi: 4 \u2022 Miejsca: 5 \u2022 Baga\u017c: 3\u20134 szt.<\/p>\n<p data-start=\"2048\" data-end=\"2425\" data-is-last-node=\"\" data-is-only-node=\"\"><strong data-start=\"2048\" data-end=\"2061\">Wyposa\u017cenie:<\/strong><br data-start=\"2061\" data-end=\"2064\" \/>System nawigacji \u2022 Adaptacyjny tempomat \u2022 Tempomat \u2022 Elektrycznie regulowane fotele \u2022 Sk\u00f3rzana tapicerka \u2022 Klimatyzacja \u2022 Aktywne wspomaganie kierownicy \u2022 USB Type-C \u2022 Ekran dotykowy LCD \u2022 Przyciemniane szyby \u2022 Apple CarPlay \u2022 Android Auto \u2022 Asystent parkowania \u2022 Czujniki parkowania \u2022 Kamera cofania \u2022 System monitorowania martwego pola \u2022 Poduszki powietrzne SRS \u2022 Bluetooth \u2022 Cyfrowy wy\u015bwietlacz HUD \u2022 Szyberdach \/ dach panoramiczny \u2022 System audio premium<\/p>\n","protected":false},"featured_media":5061,"comment_status":"open","ping_status":"closed","template":"","meta":{"_acf_changed":false},"product_brand":[],"product_cat":[86],"product_tag":[],"class_list":{"0":"post-9776","1":"product","2":"type-product","3":"status-publish","4":"has-post-thumbnail","6":"product_cat-misc","8":"first","9":"instock","10":"shipping-taxable","11":"purchasable","12":"product-type-ovabrw_car_rental"},"acf":[],"yoast_head":"<!-- This site is optimized with the Yoast SEO plugin v27.4 - https:\/\/yoast.com\/product\/yoast-seo-wordpress\/ -->\n<title>Rolls-Royce Cullinan Mansory - Lux Rent Dubai<\/title>\n<meta name=\"robots\" content=\"index, follow, max-snippet:-1, max-image-preview:large, max-video-preview:-1\" \/>\n<link rel=\"canonical\" href=\"https:\/\/luxrentdubai.com\/pl\/produkt\/rolls-royce-cullinan-mansory\/\" \/>\n<meta property=\"og:locale\" content=\"pl_PL\" \/>\n<meta property=\"og:type\" content=\"article\" \/>\n<meta property=\"og:title\" content=\"Rolls-Royce Cullinan Mansory - Lux Rent Dubai\" \/>\n<meta property=\"og:description\" content=\"Wynajem Rolls-Royce Cullinan Mansory 2022 \u2013 Do\u015bwiadcz doskona\u0142o\u015bci w unikatowym wydaniu Mansory wzi\u0105\u0142 ju\u017c kultowego Rolls-Royce\u2019a Cullinan i wyni\u00f3s\u0142 go na nowy poziom ekskluzywno\u015bci oraz presti\u017cu. Rolls-Royce Cullinan Mansory 2022 to odwa\u017cna reinterpretacja koncepcji luksusowego SUV-a, \u0142\u0105cz\u0105ca bezkonkurencyjne rzemios\u0142o z agresywn\u0105 stylistyk\u0105. Wyko\u0144czony w eleganckiej, czarnej kolorystyce, ten SUV jest zar\u00f3wno symbolem si\u0142y, jak i wyrafinowanego smaku. Pod mask\u0105 kryje si\u0119 6,75-litrowy silnik V12 o mocy 610 KM, kt\u00f3ry rozp\u0119dza t\u0119 luksusow\u0105 maszyn\u0119 od 0 do 100 km\/h w zaledwie 5,0 sekund. Automatyczna skrzynia bieg\u00f3w i inteligentny nap\u0119d na wszystkie ko\u0142a zapewniaj\u0105 p\u0142ynne, a zarazem pot\u0119\u017cne osi\u0105gi, gwarantuj\u0105c pe\u0142n\u0105 kontrol\u0119 na ka\u017cdej nawierzchni. Niezale\u017cnie od tego, czy eksplorujesz wybrze\u017ce Dubaju, czy pojawiasz si\u0119 w pi\u0119ciogwiazdkowym hotelu, Cullinan Mansory sprawi, \u017ce ka\u017cda chwila stanie si\u0119 niezapomniana. Wn\u0119trze odzwierciedla przywi\u0105zanie Mansory do r\u0119cznego wykonania i perfekcji. Sk\u00f3rzane fotele premium, akcenty z w\u0142\u00f3kna w\u0119glowego oraz indywidualne wyko\u0144czenia otulaj\u0105 pasa\u017cer\u00f3w luksusem i elegancj\u0105. Najnowsza technologia spotyka si\u0119 tu z tradycyjnym luksusem dzi\u0119ki systemowi multimedialnemu z ekranem dotykowym, cyfrowemu HUD, Apple CarPlay, Android Auto oraz nag\u0142o\u015bnieniu premium w jako\u015bci studyjnej. Dla wi\u0119kszego bezpiecze\u0144stwa i wygody, Cullinan wyposa\u017cono m.in. w adaptacyjny tempomat, asystenta parkowania, system monitorowania martwego pola, poduszki powietrzne SRS oraz pe\u0142ny zestaw czujnik\u00f3w parkowania. Panoramiczny dach, o\u015bwietlenie ambientowe oraz fotele z funkcj\u0105 klimatyzacji dodatkowo podnosz\u0105 komfort ka\u017cdej podr\u00f3\u017cy. Je\u015bli szukasz unikalnego do\u015bwiadczenia za kierownic\u0105, kt\u00f3re \u0142\u0105czy moc, personalizacj\u0119 i presti\u017c, Rolls-Royce Cullinan Mansory 2022 jest absolutnym numerem jeden. Specyfikacja:Rok: 2022 \u2022 Kolor: czarny \u2022 Silnik: V12, 6749 cm\u00b3 \u2022 Moc: 610 KM \u2022 0\u2013100 km\/h: 5,0 s \u2022 Nap\u0119d: na wszystkie ko\u0142a \u2022 Skrzynia: automatyczna \u2022 Drzwi: 4 \u2022 Miejsca: 5 \u2022 Baga\u017c: 3\u20134 szt. Wyposa\u017cenie:System nawigacji \u2022 Adaptacyjny tempomat \u2022 Tempomat \u2022 Elektrycznie regulowane fotele \u2022 Sk\u00f3rzana tapicerka \u2022 Klimatyzacja \u2022 Aktywne wspomaganie kierownicy \u2022 USB Type-C \u2022 Ekran dotykowy LCD \u2022 Przyciemniane szyby \u2022 Apple CarPlay \u2022 Android Auto \u2022 Asystent parkowania \u2022 Czujniki parkowania \u2022 Kamera cofania \u2022 System monitorowania martwego pola \u2022 Poduszki powietrzne SRS \u2022 Bluetooth \u2022 Cyfrowy wy\u015bwietlacz HUD \u2022 Szyberdach \/ dach panoramiczny \u2022 System audio premium\" \/>\n<meta property=\"og:url\" content=\"https:\/\/luxrentdubai.com\/pl\/produkt\/rolls-royce-cullinan-mansory\/\" \/>\n<meta property=\"og:site_name\" content=\"Lux Rent Dubai\" \/>\n<meta property=\"article:modified_time\" content=\"2025-12-01T15:46:29+00:00\" \/>\n<meta property=\"og:image\" content=\"https:\/\/luxrentdubai.com\/wp-content\/uploads\/2025\/07\/rolls-royce-cullinan-mansory.jpg\" \/>\n\t<meta property=\"og:image:width\" content=\"1600\" \/>\n\t<meta property=\"og:image:height\" content=\"1200\" \/>\n\t<meta property=\"og:image:type\" content=\"image\/jpeg\" \/>\n<meta name=\"twitter:card\" content=\"summary_large_image\" \/>\n<meta name=\"twitter:label1\" content=\"Szacowany czas czytania\" \/>\n\t<meta name=\"twitter:data1\" content=\"3 minuty\" \/>\n<script type=\"application\/ld+json\" class=\"yoast-schema-graph\">{\"@context\":\"https:\\\/\\\/schema.org\",\"@graph\":[{\"@type\":\"WebPage\",\"@id\":\"https:\\\/\\\/luxrentdubai.com\\\/pl\\\/produkt\\\/rolls-royce-cullinan-mansory\\\/\",\"url\":\"https:\\\/\\\/luxrentdubai.com\\\/pl\\\/produkt\\\/rolls-royce-cullinan-mansory\\\/\",\"name\":\"Rolls-Royce Cullinan Mansory - Lux Rent Dubai\",\"isPartOf\":{\"@id\":\"https:\\\/\\\/luxrentdubai.com\\\/#website\"},\"primaryImageOfPage\":{\"@id\":\"https:\\\/\\\/luxrentdubai.com\\\/pl\\\/produkt\\\/rolls-royce-cullinan-mansory\\\/#primaryimage\"},\"image\":{\"@id\":\"https:\\\/\\\/luxrentdubai.com\\\/pl\\\/produkt\\\/rolls-royce-cullinan-mansory\\\/#primaryimage\"},\"thumbnailUrl\":\"https:\\\/\\\/luxrentdubai.com\\\/wp-content\\\/uploads\\\/2025\\\/07\\\/rolls-royce-cullinan-mansory.jpg\",\"datePublished\":\"2025-07-27T17:40:58+00:00\",\"dateModified\":\"2025-12-01T15:46:29+00:00\",\"breadcrumb\":{\"@id\":\"https:\\\/\\\/luxrentdubai.com\\\/pl\\\/produkt\\\/rolls-royce-cullinan-mansory\\\/#breadcrumb\"},\"inLanguage\":\"pl-PL\",\"potentialAction\":[{\"@type\":\"ReadAction\",\"target\":[\"https:\\\/\\\/luxrentdubai.com\\\/pl\\\/produkt\\\/rolls-royce-cullinan-mansory\\\/\"]}]},{\"@type\":\"ImageObject\",\"inLanguage\":\"pl-PL\",\"@id\":\"https:\\\/\\\/luxrentdubai.com\\\/pl\\\/produkt\\\/rolls-royce-cullinan-mansory\\\/#primaryimage\",\"url\":\"https:\\\/\\\/luxrentdubai.com\\\/wp-content\\\/uploads\\\/2025\\\/07\\\/rolls-royce-cullinan-mansory.jpg\",\"contentUrl\":\"https:\\\/\\\/luxrentdubai.com\\\/wp-content\\\/uploads\\\/2025\\\/07\\\/rolls-royce-cullinan-mansory.jpg\",\"width\":1600,\"height\":1200},{\"@type\":\"BreadcrumbList\",\"@id\":\"https:\\\/\\\/luxrentdubai.com\\\/pl\\\/produkt\\\/rolls-royce-cullinan-mansory\\\/#breadcrumb\",\"itemListElement\":[{\"@type\":\"ListItem\",\"position\":1,\"name\":\"\u0413\u043b\u0430\u0432\u043d\u0430\u044f \u0441\u0442\u0440\u0430\u043d\u0438\u0446\u0430\",\"item\":\"https:\\\/\\\/luxrentdubai.com\\\/pl\\\/\"},{\"@type\":\"ListItem\",\"position\":2,\"name\":\"Sklep\",\"item\":\"https:\\\/\\\/luxrentdubai.com\\\/pl\\\/sklep\\\/\"},{\"@type\":\"ListItem\",\"position\":3,\"name\":\"Rolls-Royce Cullinan Mansory\"}]},{\"@type\":\"WebSite\",\"@id\":\"https:\\\/\\\/luxrentdubai.com\\\/#website\",\"url\":\"https:\\\/\\\/luxrentdubai.com\\\/\",\"name\":\"Lux Rent Dubai\",\"description\":\"Sports cars and luxury cars rental in Dubai\",\"publisher\":{\"@id\":\"https:\\\/\\\/luxrentdubai.com\\\/#organization\"},\"potentialAction\":[{\"@type\":\"SearchAction\",\"target\":{\"@type\":\"EntryPoint\",\"urlTemplate\":\"https:\\\/\\\/luxrentdubai.com\\\/?s={search_term_string}\"},\"query-input\":{\"@type\":\"PropertyValueSpecification\",\"valueRequired\":true,\"valueName\":\"search_term_string\"}}],\"inLanguage\":\"pl-PL\"},{\"@type\":\"Organization\",\"@id\":\"https:\\\/\\\/luxrentdubai.com\\\/#organization\",\"name\":\"Lux Rent Dubai\",\"url\":\"https:\\\/\\\/luxrentdubai.com\\\/\",\"logo\":{\"@type\":\"ImageObject\",\"inLanguage\":\"pl-PL\",\"@id\":\"https:\\\/\\\/luxrentdubai.com\\\/#\\\/schema\\\/logo\\\/image\\\/\",\"url\":\"https:\\\/\\\/luxrentdubai.com\\\/wp-content\\\/uploads\\\/2025\\\/07\\\/cropped-logo_luxrent_black_background.png\",\"contentUrl\":\"https:\\\/\\\/luxrentdubai.com\\\/wp-content\\\/uploads\\\/2025\\\/07\\\/cropped-logo_luxrent_black_background.png\",\"width\":700,\"height\":465,\"caption\":\"Lux Rent Dubai\"},\"image\":{\"@id\":\"https:\\\/\\\/luxrentdubai.com\\\/#\\\/schema\\\/logo\\\/image\\\/\"}}]}<\/script>\n<!-- \/ Yoast SEO plugin. -->","yoast_head_json":{"title":"Rolls-Royce Cullinan Mansory - Lux Rent Dubai","robots":{"index":"index","follow":"follow","max-snippet":"max-snippet:-1","max-image-preview":"max-image-preview:large","max-video-preview":"max-video-preview:-1"},"canonical":"https:\/\/luxrentdubai.com\/pl\/produkt\/rolls-royce-cullinan-mansory\/","og_locale":"pl_PL","og_type":"article","og_title":"Rolls-Royce Cullinan Mansory - Lux Rent Dubai","og_description":"Wynajem Rolls-Royce Cullinan Mansory 2022 \u2013 Do\u015bwiadcz doskona\u0142o\u015bci w unikatowym wydaniu Mansory wzi\u0105\u0142 ju\u017c kultowego Rolls-Royce\u2019a Cullinan i wyni\u00f3s\u0142 go na nowy poziom ekskluzywno\u015bci oraz presti\u017cu. Rolls-Royce Cullinan Mansory 2022 to odwa\u017cna reinterpretacja koncepcji luksusowego SUV-a, \u0142\u0105cz\u0105ca bezkonkurencyjne rzemios\u0142o z agresywn\u0105 stylistyk\u0105. Wyko\u0144czony w eleganckiej, czarnej kolorystyce, ten SUV jest zar\u00f3wno symbolem si\u0142y, jak i wyrafinowanego smaku. Pod mask\u0105 kryje si\u0119 6,75-litrowy silnik V12 o mocy 610 KM, kt\u00f3ry rozp\u0119dza t\u0119 luksusow\u0105 maszyn\u0119 od 0 do 100 km\/h w zaledwie 5,0 sekund. Automatyczna skrzynia bieg\u00f3w i inteligentny nap\u0119d na wszystkie ko\u0142a zapewniaj\u0105 p\u0142ynne, a zarazem pot\u0119\u017cne osi\u0105gi, gwarantuj\u0105c pe\u0142n\u0105 kontrol\u0119 na ka\u017cdej nawierzchni. Niezale\u017cnie od tego, czy eksplorujesz wybrze\u017ce Dubaju, czy pojawiasz si\u0119 w pi\u0119ciogwiazdkowym hotelu, Cullinan Mansory sprawi, \u017ce ka\u017cda chwila stanie si\u0119 niezapomniana. Wn\u0119trze odzwierciedla przywi\u0105zanie Mansory do r\u0119cznego wykonania i perfekcji. Sk\u00f3rzane fotele premium, akcenty z w\u0142\u00f3kna w\u0119glowego oraz indywidualne wyko\u0144czenia otulaj\u0105 pasa\u017cer\u00f3w luksusem i elegancj\u0105. Najnowsza technologia spotyka si\u0119 tu z tradycyjnym luksusem dzi\u0119ki systemowi multimedialnemu z ekranem dotykowym, cyfrowemu HUD, Apple CarPlay, Android Auto oraz nag\u0142o\u015bnieniu premium w jako\u015bci studyjnej. Dla wi\u0119kszego bezpiecze\u0144stwa i wygody, Cullinan wyposa\u017cono m.in. w adaptacyjny tempomat, asystenta parkowania, system monitorowania martwego pola, poduszki powietrzne SRS oraz pe\u0142ny zestaw czujnik\u00f3w parkowania. Panoramiczny dach, o\u015bwietlenie ambientowe oraz fotele z funkcj\u0105 klimatyzacji dodatkowo podnosz\u0105 komfort ka\u017cdej podr\u00f3\u017cy. Je\u015bli szukasz unikalnego do\u015bwiadczenia za kierownic\u0105, kt\u00f3re \u0142\u0105czy moc, personalizacj\u0119 i presti\u017c, Rolls-Royce Cullinan Mansory 2022 jest absolutnym numerem jeden. Specyfikacja:Rok: 2022 \u2022 Kolor: czarny \u2022 Silnik: V12, 6749 cm\u00b3 \u2022 Moc: 610 KM \u2022 0\u2013100 km\/h: 5,0 s \u2022 Nap\u0119d: na wszystkie ko\u0142a \u2022 Skrzynia: automatyczna \u2022 Drzwi: 4 \u2022 Miejsca: 5 \u2022 Baga\u017c: 3\u20134 szt. Wyposa\u017cenie:System nawigacji \u2022 Adaptacyjny tempomat \u2022 Tempomat \u2022 Elektrycznie regulowane fotele \u2022 Sk\u00f3rzana tapicerka \u2022 Klimatyzacja \u2022 Aktywne wspomaganie kierownicy \u2022 USB Type-C \u2022 Ekran dotykowy LCD \u2022 Przyciemniane szyby \u2022 Apple CarPlay \u2022 Android Auto \u2022 Asystent parkowania \u2022 Czujniki parkowania \u2022 Kamera cofania \u2022 System monitorowania martwego pola \u2022 Poduszki powietrzne SRS \u2022 Bluetooth \u2022 Cyfrowy wy\u015bwietlacz HUD \u2022 Szyberdach \/ dach panoramiczny \u2022 System audio premium","og_url":"https:\/\/luxrentdubai.com\/pl\/produkt\/rolls-royce-cullinan-mansory\/","og_site_name":"Lux Rent Dubai","article_modified_time":"2025-12-01T15:46:29+00:00","og_image":[{"width":1600,"height":1200,"url":"https:\/\/luxrentdubai.com\/wp-content\/uploads\/2025\/07\/rolls-royce-cullinan-mansory.jpg","type":"image\/jpeg"}],"twitter_card":"summary_large_image","twitter_misc":{"Szacowany czas czytania":"3 minuty"},"schema":{"@context":"https:\/\/schema.org","@graph":[{"@type":"WebPage","@id":"https:\/\/luxrentdubai.com\/pl\/produkt\/rolls-royce-cullinan-mansory\/","url":"https:\/\/luxrentdubai.com\/pl\/produkt\/rolls-royce-cullinan-mansory\/","name":"Rolls-Royce Cullinan Mansory - Lux Rent Dubai","isPartOf":{"@id":"https:\/\/luxrentdubai.com\/#website"},"primaryImageOfPage":{"@id":"https:\/\/luxrentdubai.com\/pl\/produkt\/rolls-royce-cullinan-mansory\/#primaryimage"},"image":{"@id":"https:\/\/luxrentdubai.com\/pl\/produkt\/rolls-royce-cullinan-mansory\/#primaryimage"},"thumbnailUrl":"https:\/\/luxrentdubai.com\/wp-content\/uploads\/2025\/07\/rolls-royce-cullinan-mansory.jpg","datePublished":"2025-07-27T17:40:58+00:00","dateModified":"2025-12-01T15:46:29+00:00","breadcrumb":{"@id":"https:\/\/luxrentdubai.com\/pl\/produkt\/rolls-royce-cullinan-mansory\/#breadcrumb"},"inLanguage":"pl-PL","potentialAction":[{"@type":"ReadAction","target":["https:\/\/luxrentdubai.com\/pl\/produkt\/rolls-royce-cullinan-mansory\/"]}]},{"@type":"ImageObject","inLanguage":"pl-PL","@id":"https:\/\/luxrentdubai.com\/pl\/produkt\/rolls-royce-cullinan-mansory\/#primaryimage","url":"https:\/\/luxrentdubai.com\/wp-content\/uploads\/2025\/07\/rolls-royce-cullinan-mansory.jpg","contentUrl":"https:\/\/luxrentdubai.com\/wp-content\/uploads\/2025\/07\/rolls-royce-cullinan-mansory.jpg","width":1600,"height":1200},{"@type":"BreadcrumbList","@id":"https:\/\/luxrentdubai.com\/pl\/produkt\/rolls-royce-cullinan-mansory\/#breadcrumb","itemListElement":[{"@type":"ListItem","position":1,"name":"\u0413\u043b\u0430\u0432\u043d\u0430\u044f \u0441\u0442\u0440\u0430\u043d\u0438\u0446\u0430","item":"https:\/\/luxrentdubai.com\/pl\/"},{"@type":"ListItem","position":2,"name":"Sklep","item":"https:\/\/luxrentdubai.com\/pl\/sklep\/"},{"@type":"ListItem","position":3,"name":"Rolls-Royce Cullinan Mansory"}]},{"@type":"WebSite","@id":"https:\/\/luxrentdubai.com\/#website","url":"https:\/\/luxrentdubai.com\/","name":"Lux Rent Dubai","description":"Sports cars and luxury cars rental in Dubai","publisher":{"@id":"https:\/\/luxrentdubai.com\/#organization"},"potentialAction":[{"@type":"SearchAction","target":{"@type":"EntryPoint","urlTemplate":"https:\/\/luxrentdubai.com\/?s={search_term_string}"},"query-input":{"@type":"PropertyValueSpecification","valueRequired":true,"valueName":"search_term_string"}}],"inLanguage":"pl-PL"},{"@type":"Organization","@id":"https:\/\/luxrentdubai.com\/#organization","name":"Lux Rent Dubai","url":"https:\/\/luxrentdubai.com\/","logo":{"@type":"ImageObject","inLanguage":"pl-PL","@id":"https:\/\/luxrentdubai.com\/#\/schema\/logo\/image\/","url":"https:\/\/luxrentdubai.com\/wp-content\/uploads\/2025\/07\/cropped-logo_luxrent_black_background.png","contentUrl":"https:\/\/luxrentdubai.com\/wp-content\/uploads\/2025\/07\/cropped-logo_luxrent_black_background.png","width":700,"height":465,"caption":"Lux Rent Dubai"},"image":{"@id":"https:\/\/luxrentdubai.com\/#\/schema\/logo\/image\/"}}]}},"_links":{"self":[{"href":"https:\/\/luxrentdubai.com\/pl\/wp-json\/wp\/v2\/product\/9776","targetHints":{"allow":["GET"]}}],"collection":[{"href":"https:\/\/luxrentdubai.com\/pl\/wp-json\/wp\/v2\/product"}],"about":[{"href":"https:\/\/luxrentdubai.com\/pl\/wp-json\/wp\/v2\/types\/product"}],"replies":[{"embeddable":true,"href":"https:\/\/luxrentdubai.com\/pl\/wp-json\/wp\/v2\/comments?post=9776"}],"wp:featuredmedia":[{"embeddable":true,"href":"https:\/\/luxrentdubai.com\/pl\/wp-json\/wp\/v2\/media\/5061"}],"wp:attachment":[{"href":"https:\/\/luxrentdubai.com\/pl\/wp-json\/wp\/v2\/media?parent=9776"}],"wp:term":[{"taxonomy":"product_brand","embeddable":true,"href":"https:\/\/luxrentdubai.com\/pl\/wp-json\/wp\/v2\/product_brand?post=9776"},{"taxonomy":"product_cat","embeddable":true,"href":"https:\/\/luxrentdubai.com\/pl\/wp-json\/wp\/v2\/product_cat?post=9776"},{"taxonomy":"product_tag","embeddable":true,"href":"https:\/\/luxrentdubai.com\/pl\/wp-json\/wp\/v2\/product_tag?post=9776"}],"curies":[{"name":"wp","href":"https:\/\/api.w.org\/{rel}","templated":true}]}}